{"id":4588,"date":"2025-06-25T14:25:44","date_gmt":"2025-06-25T12:25:44","guid":{"rendered":"https:\/\/rbls.cat\/rbls_new\/?page_id=4588"},"modified":"2025-06-27T12:02:23","modified_gmt":"2025-06-27T10:02:23","slug":"politica-de-cookies","status":"publish","type":"page","link":"https:\/\/rbls.cat\/es\/politica-de-cookies\/","title":{"rendered":"Pol\u00edtica de cookies"},"content":{"rendered":"<div data-elementor-type=\"wp-page\" data-elementor-id=\"4588\" class=\"elementor elementor-4588\" data-elementor-post-type=\"page\">\n\t\t\t\t<div class=\"elementor-element elementor-element-fd68e97 e-flex e-con-boxed e-con e-parent\" data-id=\"fd68e97\" data-element_type=\"container\" data-settings=\"{&quot;background_background&quot;:&quot;classic&quot;}\">\n\t\t\t\t\t<div class=\"e-con-inner\">\n\t\t<div class=\"elementor-element elementor-element-3eb8c0f e-con-full e-flex e-con e-child\" data-id=\"3eb8c0f\" data-element_type=\"container\">\n\t\t\t\t<div class=\"elementor-element elementor-element-86c04a8 elementor-widget elementor-widget-heading\" data-id=\"86c04a8\" data-element_type=\"widget\" data-widget_type=\"heading.default\">\n\t\t\t\t\t<h1 class=\"elementor-heading-title elementor-size-default\">Pol\u00edtica de cookies<\/h1>\t\t\t\t<\/div>\n\t\t\t\t<\/div>\n\t\t\t\t\t<\/div>\n\t\t\t\t<\/div>\n\t\t<div class=\"elementor-element elementor-element-de5991a e-flex e-con-boxed e-con e-parent\" data-id=\"de5991a\" data-element_type=\"container\">\n\t\t\t\t\t<div class=\"e-con-inner\">\n\t\t\t\t<div class=\"elementor-element elementor-element-4e64e9a elementor-widget elementor-widget-heading\" data-id=\"4e64e9a\" data-element_type=\"widget\" data-widget_type=\"heading.default\">\n\t\t\t\t\t<h4 class=\"elementor-heading-title elementor-size-default\">Pol\u00edtica de Cookies\n<\/h4>\t\t\t\t<\/div>\n\t\t\t\t<div class=\"elementor-element elementor-element-593e450 elementor-widget elementor-widget-text-editor\" data-id=\"593e450\" data-element_type=\"widget\" data-widget_type=\"text-editor.default\">\n\t\t\t\t\t\t\t\t\tEn www.rbls.cat utilizamos cookies para mejorar su experiencia de navegaci\u00f3n y proporcionarte un servicio personalizado. Esta p\u00e1gina web utiliza cookies propias y de terceros para diversos fines, como el an\u00e1lisis de tr\u00e1fico, la personalizaci\u00f3n de contenido y la reproducci\u00f3n de v\u00eddeos incrustados. Al utilizar nuestro sitio web, aceptas el uso de cookies de acuerdo con esta Pol\u00edtica de Cookies.\n\n\t\t\t\t\t\t\t\t<\/div>\n\t\t\t\t<div class=\"elementor-element elementor-element-8350262 elementor-widget elementor-widget-heading\" data-id=\"8350262\" data-element_type=\"widget\" data-widget_type=\"heading.default\">\n\t\t\t\t\t<h4 class=\"elementor-heading-title elementor-size-default\">\u00bfQu\u00e9 son las cookies?\n<\/h4>\t\t\t\t<\/div>\n\t\t\t\t<div class=\"elementor-element elementor-element-cace02c elementor-widget elementor-widget-text-editor\" data-id=\"cace02c\" data-element_type=\"widget\" data-widget_type=\"text-editor.default\">\n\t\t\t\t\t\t\t\t\tLas cookies son peque\u00f1os archivos de texto que se almacenan en tu dispositivo al visitar un sitio web. Estas cookies ayudan al sitio web a reconocer tu dispositivo la pr\u00f3xima vez que lo visites y pueden recordar informaci\u00f3n sobre tus preferencias y acciones anteriores.\n\n\t\t\t\t\t\t\t\t<\/div>\n\t\t\t\t<div class=\"elementor-element elementor-element-2e629a3 elementor-widget elementor-widget-heading\" data-id=\"2e629a3\" data-element_type=\"widget\" data-widget_type=\"heading.default\">\n\t\t\t\t\t<h4 class=\"elementor-heading-title elementor-size-default\">\u00bfC\u00f3mo utilizamos las cookies?\n<\/h4>\t\t\t\t<\/div>\n\t\t\t\t<div class=\"elementor-element elementor-element-2cc2bff elementor-widget elementor-widget-text-editor\" data-id=\"2cc2bff\" data-element_type=\"widget\" data-widget_type=\"text-editor.default\">\n\t\t\t\t\t\t\t\t\tUtilizamos cookies por diversas razones, que incluyen:\n\n\t\t\t\t\t\t\t\t<\/div>\n\t\t\t\t<div class=\"elementor-element elementor-element-eee1421 elementor-icon-list--layout-traditional elementor-list-item-link-full_width elementor-widget elementor-widget-icon-list\" data-id=\"eee1421\" data-element_type=\"widget\" data-widget_type=\"icon-list.default\">\n\t\t\t\t\t\t\t<ul class=\"elementor-icon-list-items\">\n\t\t\t\t\t\t\t<li class=\"elementor-icon-list-item\">\n\t\t\t\t\t\t\t\t\t\t<span class=\"elementor-icon-list-text\">Cookies esenciales: Estas cookies son esenciales para proporcionarte servicios disponibles a trav\u00e9s de nuestro sitio web y permitir que utilices algunas de sus funciones.<\/span>\n\t\t\t\t\t\t\t\t\t<\/li>\n\t\t\t\t\t\t\t\t<li class=\"elementor-icon-list-item\">\n\t\t\t\t\t\t\t\t\t\t<span class=\"elementor-icon-list-text\">Cookies de rendimiento: Estas cookies recopilan informaci\u00f3n sobre c\u00f3mo interact\u00faas con nuestro sitio web, as\u00ed como las p\u00e1ginas que visitas con mayor frecuencia y si experimentas alg\u00fan error. Esta informaci\u00f3n se utiliza para mejorar el rendimiento y la funcionalidad de nuestro sitio web.<\/span>\n\t\t\t\t\t\t\t\t\t<\/li>\n\t\t\t\t\t\t\t\t<li class=\"elementor-icon-list-item\">\n\t\t\t\t\t\t\t\t\t\t<span class=\"elementor-icon-list-text\">Cookies de funcionalidad: Estas cookies se utilizan para recordar tus preferencias y proporcionarte una experiencia m\u00e1s personalizada. Por ejemplo, pueden recordar su nombre de usuario y tus preferencias de idioma.<\/span>\n\t\t\t\t\t\t\t\t\t<\/li>\n\t\t\t\t\t\t\t\t<li class=\"elementor-icon-list-item\">\n\t\t\t\t\t\t\t\t\t\t<span class=\"elementor-icon-list-text\">Cookies de marketing: Estas cookies se utilizan para mostrar anuncios relevantes basados \u200b\u200ben tus intereses Tambi\u00e9n pueden utilizarse para realizar un seguimiento de la eficacia de las campa\u00f1as publicitarias.<\/span>\n\t\t\t\t\t\t\t\t\t<\/li>\n\t\t\t\t\t\t<\/ul>\n\t\t\t\t\t\t<\/div>\n\t\t\t\t<div class=\"elementor-element elementor-element-da140d2 elementor-widget elementor-widget-heading\" data-id=\"da140d2\" data-element_type=\"widget\" data-widget_type=\"heading.default\">\n\t\t\t\t\t<h4 class=\"elementor-heading-title elementor-size-default\">Control de cookies\n<\/h4>\t\t\t\t<\/div>\n\t\t\t\t<div class=\"elementor-element elementor-element-ce2a609 elementor-widget elementor-widget-text-editor\" data-id=\"ce2a609\" data-element_type=\"widget\" data-widget_type=\"text-editor.default\">\n\t\t\t\t\t\t\t\t\tPuedes controlar y administrar el uso de cookies en su navegador. Sin embargo, deshabilitar algunas cookies puede afectar a la funcionalidad de nuestro sitio web.\t\t\t\t\t\t\t\t<\/div>\n\t\t\t\t<div class=\"elementor-element elementor-element-2847cb2 elementor-widget elementor-widget-heading\" data-id=\"2847cb2\" data-element_type=\"widget\" data-widget_type=\"heading.default\">\n\t\t\t\t\t<h4 class=\"elementor-heading-title elementor-size-default\">Cambios en nuestra Pol\u00edtica de Cookies\n<\/h4>\t\t\t\t<\/div>\n\t\t\t\t<div class=\"elementor-element elementor-element-455d152 elementor-widget elementor-widget-text-editor\" data-id=\"455d152\" data-element_type=\"widget\" data-widget_type=\"text-editor.default\">\n\t\t\t\t\t\t\t\t\tNos reservamos el derecho a modificar esta Pol\u00edtica de Cookies en cualquier momento. Cualquier cambio ser\u00e1 efectivo tan pronto como se publique la versi\u00f3n revisada en nuestro sitio web. Te recomendamos que revises peri\u00f3dicamente esta p\u00e1gina para estar al corriente de cualquier cambio.\n\n\t\t\t\t\t\t\t\t<\/div>\n\t\t\t\t<div class=\"elementor-element elementor-element-11d9480 elementor-widget elementor-widget-heading\" data-id=\"11d9480\" data-element_type=\"widget\" data-widget_type=\"heading.default\">\n\t\t\t\t\t<h4 class=\"elementor-heading-title elementor-size-default\">Contacto\n<\/h4>\t\t\t\t<\/div>\n\t\t\t\t<div class=\"elementor-element elementor-element-398f90c elementor-widget elementor-widget-text-editor\" data-id=\"398f90c\" data-element_type=\"widget\" data-widget_type=\"text-editor.default\">\n\t\t\t\t\t\t\t\t\tSi tienes alguna pregunta sobre nuestra Pol\u00edtica de Cookies, puedes contactar con nosotros a trav\u00e9s de lonestarcultura@gmail.com\n\n\t\t\t\t\t\t\t\t<\/div>\n\t\t\t\t\t<\/div>\n\t\t\t\t<\/div>\n\t\t\t\t<\/div>","protected":false},"excerpt":{"rendered":"<p>Pol\u00edtica de Cookies En www.rbls.cat utilitzem cookies per a millorar la teva experi\u00e8ncia de navegaci\u00f3 i proporcionar-te un servei personalitzat. Aquesta p\u00e0gina web utilitza cookies pr\u00f2pies i de tercers per a diversos fins, com l\u2019an\u00e0lisi de tr\u00e0nsit, la personalitzaci\u00f3 de contingut i la reproducci\u00f3 de v\u00eddeos incrustats. En utilitzar el nostre lloc web, acceptes l\u2019\u00fas [&hellip;]<\/p>","protected":false},"author":1,"featured_media":0,"parent":0,"menu_order":0,"comment_status":"closed","ping_status":"closed","template":"","meta":{"_acf_changed":false,"footnotes":""},"class_list":["post-4588","page","type-page","status-publish","hentry"],"acf":[],"_links":{"self":[{"href":"https:\/\/rbls.cat\/es\/wp-json\/wp\/v2\/pages\/4588","targetHints":{"allow":["GET"]}}],"collection":[{"href":"https:\/\/rbls.cat\/es\/wp-json\/wp\/v2\/pages"}],"about":[{"href":"https:\/\/rbls.cat\/es\/wp-json\/wp\/v2\/types\/page"}],"author":[{"embeddable":true,"href":"https:\/\/rbls.cat\/es\/wp-json\/wp\/v2\/users\/1"}],"replies":[{"embeddable":true,"href":"https:\/\/rbls.cat\/es\/wp-json\/wp\/v2\/comments?post=4588"}],"version-history":[{"count":10,"href":"https:\/\/rbls.cat\/es\/wp-json\/wp\/v2\/pages\/4588\/revisions"}],"predecessor-version":[{"id":4811,"href":"https:\/\/rbls.cat\/es\/wp-json\/wp\/v2\/pages\/4588\/revisions\/4811"}],"wp:attachment":[{"href":"https:\/\/rbls.cat\/es\/wp-json\/wp\/v2\/media?parent=4588"}],"curies":[{"name":"wp","href":"https:\/\/api.w.org\/{rel}","templated":true}]}}