{"id":2913,"date":"2025-05-30T16:21:58","date_gmt":"2025-05-30T14:21:58","guid":{"rendered":"https:\/\/rbls.cat\/rbls_new\/?page_id=2913"},"modified":"2025-05-30T16:41:11","modified_gmt":"2025-05-30T14:41:11","slug":"edicio-anterior","status":"publish","type":"page","link":"https:\/\/rbls.cat\/es\/edicio-anterior\/","title":{"rendered":"Edici\u00f3 anterior"},"content":{"rendered":"<div data-elementor-type=\"wp-page\" data-elementor-id=\"2913\" class=\"elementor elementor-2913\" data-elementor-post-type=\"page\">\n\t\t\t\t<div class=\"elementor-element elementor-element-947164d e-flex e-con-boxed e-con e-parent\" data-id=\"947164d\" data-element_type=\"container\" data-settings=\"{&quot;background_background&quot;:&quot;classic&quot;}\">\n\t\t\t\t\t<div class=\"e-con-inner\">\n\t\t<div class=\"elementor-element elementor-element-c62aac7 e-con-full e-flex e-con e-child\" data-id=\"c62aac7\" data-element_type=\"container\">\n\t\t<div class=\"elementor-element elementor-element-5505c20 e-con-full e-flex e-con e-child\" data-id=\"5505c20\" data-element_type=\"container\">\n\t\t\t\t<div class=\"elementor-element elementor-element-94deea0 elementor-widget elementor-widget-image\" data-id=\"94deea0\" data-element_type=\"widget\" data-widget_type=\"image.default\">\n\t\t\t\t\t\t\t\t\t\t\t\t\t\t\t<img decoding=\"async\" width=\"20\" height=\"34\" src=\"https:\/\/rbls.cat\/wp-content\/uploads\/2025\/05\/back.svg\" class=\"attachment-large size-large wp-image-1668\" alt=\"\" \/>\t\t\t\t\t\t\t\t\t\t\t\t\t\t\t<\/div>\n\t\t\t\t<div class=\"elementor-element elementor-element-1e1f09b link2 elementor-widget elementor-widget-button\" data-id=\"1e1f09b\" data-element_type=\"widget\" data-widget_type=\"button.default\">\n\t\t\t\t\t\t\t\t\t\t<a class=\"elementor-button elementor-button-link elementor-size-sm\" href=\"https:\/\/rbls.cat\/es\/edicions-anteriors\/\">\n\t\t\t\t\t\t<span class=\"elementor-button-content-wrapper\">\n\t\t\t\t\t\t\t\t\t<span class=\"elementor-button-text\">Ediciones anteriores<\/span>\n\t\t\t\t\t<\/span>\n\t\t\t\t\t<\/a>\n\t\t\t\t\t\t\t\t<\/div>\n\t\t\t\t<\/div>\n\t\t\t\t<div class=\"elementor-element elementor-element-d814bea elementor-widget elementor-widget-heading\" data-id=\"d814bea\" data-element_type=\"widget\" data-widget_type=\"heading.default\">\n\t\t\t\t\t<h1 class=\"elementor-heading-title elementor-size-default\">Edici\u00f3 anterior<\/h1>\t\t\t\t<\/div>\n\t\t\t\t<\/div>\n\t\t\t\t\t<\/div>\n\t\t\t\t<\/div>\n\t\t<div class=\"elementor-element elementor-element-8705b9e e-flex e-con-boxed e-con e-parent\" data-id=\"8705b9e\" data-element_type=\"container\">\n\t\t\t\t\t<div class=\"e-con-inner\">\n\t\t<div class=\"elementor-element elementor-element-78c4c52 e-con-full e-flex e-con e-child\" data-id=\"78c4c52\" data-element_type=\"container\">\n\t\t<div class=\"elementor-element elementor-element-d058325 e-con-full e-flex e-con e-child\" data-id=\"d058325\" data-element_type=\"container\">\n\t\t\t\t<div class=\"elementor-element elementor-element-8803c2e elementor-widget elementor-widget-text-editor\" data-id=\"8803c2e\" data-element_type=\"widget\" data-widget_type=\"text-editor.default\">\n\t\t\t\t\t\t\t\t\tPotser si volen aprofitar per posar un petit text resum (de la edici\u00f3 amb dades (rotllo, tantes ciutats, tants espectadors, tans espectacles)\t\t\t\t\t\t\t\t<\/div>\n\t\t\t\t<div class=\"elementor-element elementor-element-27232f4 elementor-widget elementor-widget-text-editor\" data-id=\"27232f4\" data-element_type=\"widget\" data-widget_type=\"text-editor.default\">\n\t\t\t\t\t\t\t\t\t<p>Volem convidar-vos a crear, a impulsar el vostre talent i a gaudir conjuntament del teatre i l\u2019art. Ser artista no \u00e9s f\u00e0cil, i ens agradaria canviar aix\u00f2, volem donar-vos petites oportunitats per comen\u00e7ar a professionalitzar-vos o, si m\u00e9s no, fer-ne un tast!.<\/p><p>As\u00ed que aqu\u00ed ten\u00e9is una convocatoria para artistas de 16 a 21 a\u00f1os que quieran ser el pistoletazo de salida del festival RBLS, que quieran sorprendernos con una breve actuaci\u00f3n el d\u00eda de la fiesta de inauguraci\u00f3n y, sobre todo, \u00a1que quieran pasarlo bien!<\/p>\t\t\t\t\t\t\t\t<\/div>\n\t\t\t\t<\/div>\n\t\t\t\t<\/div>\n\t\t<div class=\"elementor-element elementor-element-3013def e-con-full e-flex e-con e-child\" data-id=\"3013def\" data-element_type=\"container\">\n\t\t<div class=\"elementor-element elementor-element-5ad2779 e-con-full e-flex e-con e-child\" data-id=\"5ad2779\" data-element_type=\"container\">\n\t\t\t\t<div class=\"elementor-element elementor-element-827e494 elementor-widget elementor-widget-image\" data-id=\"827e494\" data-element_type=\"widget\" data-widget_type=\"image.default\">\n\t\t\t\t\t\t\t\t\t\t\t\t\t\t\t<img fetchpriority=\"high\" decoding=\"async\" width=\"1344\" height=\"1920\" src=\"https:\/\/rbls.cat\/wp-content\/uploads\/2025\/05\/cartell.jpg\" class=\"attachment-full size-full wp-image-2302\" alt=\"\" srcset=\"https:\/\/rbls.cat\/wp-content\/uploads\/2025\/05\/cartell.jpg 1344w, https:\/\/rbls.cat\/wp-content\/uploads\/2025\/05\/cartell-210x300.jpg 210w, https:\/\/rbls.cat\/wp-content\/uploads\/2025\/05\/cartell-717x1024.jpg 717w, https:\/\/rbls.cat\/wp-content\/uploads\/2025\/05\/cartell-768x1097.jpg 768w, https:\/\/rbls.cat\/wp-content\/uploads\/2025\/05\/cartell-1075x1536.jpg 1075w\" sizes=\"(max-width: 1344px) 100vw, 1344px\" \/>\t\t\t\t\t\t\t\t\t\t\t\t\t\t\t<\/div>\n\t\t\t\t<div class=\"elementor-element elementor-element-027c01e link elementor-align-center elementor-tablet-align-center elementor-widget elementor-widget-button\" data-id=\"027c01e\" data-element_type=\"widget\" data-widget_type=\"button.default\">\n\t\t\t\t\t\t\t\t\t\t<a class=\"elementor-button elementor-button-link elementor-size-sm\" href=\"#\">\n\t\t\t\t\t\t<span class=\"elementor-button-content-wrapper\">\n\t\t\t\t\t\t\t\t\t<span class=\"elementor-button-text\">DESCARREGA EL PROGRAMA 2024<\/span>\n\t\t\t\t\t<\/span>\n\t\t\t\t\t<\/a>\n\t\t\t\t\t\t\t\t<\/div>\n\t\t\t\t<\/div>\n\t\t\t\t<\/div>\n\t\t\t\t\t<\/div>\n\t\t\t\t<\/div>\n\t\t<div class=\"elementor-element elementor-element-980e4c0 e-flex e-con-boxed e-con e-parent\" data-id=\"980e4c0\" data-element_type=\"container\">\n\t\t\t\t\t<div class=\"e-con-inner\">\n\t\t\t\t<div class=\"elementor-element elementor-element-832a1bb elementor-widget elementor-widget-video\" data-id=\"832a1bb\" data-element_type=\"widget\" data-settings=\"{&quot;youtube_url&quot;:&quot;https:\\\/\\\/www.youtube.com\\\/watch?v=XHOmBV4js_E&quot;,&quot;video_type&quot;:&quot;youtube&quot;,&quot;controls&quot;:&quot;yes&quot;}\" data-widget_type=\"video.default\">\n\t\t\t\t\t\t\t<div class=\"elementor-wrapper elementor-open-inline\">\n\t\t\t<div class=\"elementor-video\"><\/div>\t\t<\/div>\n\t\t\t\t\t\t<\/div>\n\t\t\t\t\t<\/div>\n\t\t\t\t<\/div>\n\t\t\t\t<\/div>","protected":false},"excerpt":{"rendered":"<p>Edicions anteriors Potser si volen aprofitar per posar un petit text resum (de la edici\u00f3 amb dades (rotllo, tantes ciutats, tants espectadors, tans espectacles) Volem convidar-vos a crear, a impulsar el vostre talent i a gaudir conjuntament del teatre i l\u2019art. Ser artista no \u00e9s f\u00e0cil, i ens agradaria canviar aix\u00f2, volem donar-vos petites oportunitats [&hellip;]<\/p>","protected":false},"author":1,"featured_media":0,"parent":0,"menu_order":0,"comment_status":"closed","ping_status":"closed","template":"","meta":{"_acf_changed":false,"footnotes":""},"class_list":["post-2913","page","type-page","status-publish","hentry"],"acf":[],"_links":{"self":[{"href":"https:\/\/rbls.cat\/es\/wp-json\/wp\/v2\/pages\/2913","targetHints":{"allow":["GET"]}}],"collection":[{"href":"https:\/\/rbls.cat\/es\/wp-json\/wp\/v2\/pages"}],"about":[{"href":"https:\/\/rbls.cat\/es\/wp-json\/wp\/v2\/types\/page"}],"author":[{"embeddable":true,"href":"https:\/\/rbls.cat\/es\/wp-json\/wp\/v2\/users\/1"}],"replies":[{"embeddable":true,"href":"https:\/\/rbls.cat\/es\/wp-json\/wp\/v2\/comments?post=2913"}],"version-history":[{"count":52,"href":"https:\/\/rbls.cat\/es\/wp-json\/wp\/v2\/pages\/2913\/revisions"}],"predecessor-version":[{"id":2965,"href":"https:\/\/rbls.cat\/es\/wp-json\/wp\/v2\/pages\/2913\/revisions\/2965"}],"wp:attachment":[{"href":"https:\/\/rbls.cat\/es\/wp-json\/wp\/v2\/media?parent=2913"}],"curies":[{"name":"wp","href":"https:\/\/api.w.org\/{rel}","templated":true}]}}