{"id":2699,"date":"2025-05-30T10:42:00","date_gmt":"2025-05-30T08:42:00","guid":{"rendered":"https:\/\/rbls.cat\/rbls_new\/?page_id=2699"},"modified":"2025-06-02T10:21:47","modified_gmt":"2025-06-02T08:21:47","slug":"rbls-pro-2025","status":"publish","type":"page","link":"https:\/\/rbls.cat\/es\/rbls-pro-2025\/","title":{"rendered":"RBLS Pro 2025 inscripci\u00f3 companyies"},"content":{"rendered":"<div data-elementor-type=\"wp-page\" data-elementor-id=\"2699\" class=\"elementor elementor-2699\" data-elementor-post-type=\"page\">\n\t\t\t\t<div class=\"elementor-element elementor-element-572a9990 e-flex e-con-boxed e-con e-parent\" data-id=\"572a9990\" data-element_type=\"container\" data-settings=\"{&quot;background_background&quot;:&quot;classic&quot;}\">\n\t\t\t\t\t<div class=\"e-con-inner\">\n\t\t\t\t<div class=\"elementor-element elementor-element-4e85437d elementor-widget elementor-widget-heading\" data-id=\"4e85437d\" data-element_type=\"widget\" data-widget_type=\"heading.default\">\n\t\t\t\t\t<h2 class=\"elementor-heading-title elementor-size-default\">RBLS Pro 2025 inscripci\u00f3 companyies<\/h2>\t\t\t\t<\/div>\n\t\t\t\t\t<\/div>\n\t\t\t\t<\/div>\n\t\t<div class=\"elementor-element elementor-element-3d922aaa e-flex e-con-boxed e-con e-parent\" data-id=\"3d922aaa\" data-element_type=\"container\" data-settings=\"{&quot;background_background&quot;:&quot;classic&quot;}\">\n\t\t\t\t\t<div class=\"e-con-inner\">\n\t\t\t\t<div class=\"elementor-element elementor-element-6e593ad1 elementor-widget__width-initial elementor-widget elementor-widget-heading\" data-id=\"6e593ad1\" data-element_type=\"widget\" data-widget_type=\"heading.default\">\n\t\t\t\t\t<h2 class=\"elementor-heading-title elementor-size-default\">RBLS quiere impulsar la programaci\u00f3n de artes esc\u00e9nicas para p\u00fablico joven a trav\u00e9s de encuentros y actividades dirigidas a profesionales de las artes esc\u00e9nicas, la cultura y la educaci\u00f3n. La principal es RBLS APOSTA. Feria de Teatro para J\u00f3venes, un punto de encuentro entre compa\u00f1\u00edas y responsables de programaci\u00f3n de teatros, ferias y festivales. Porque queremos ayudar a la creaci\u00f3n de nuevos p\u00fablicos, s\u00ed, pero tambi\u00e9n a la creaci\u00f3n emergente. Al talento que necesita espacios de exhibici\u00f3n.<\/h2>\t\t\t\t<\/div>\n\t\t\t\t\t<\/div>\n\t\t\t\t<\/div>\n\t\t<div class=\"elementor-element elementor-element-31073642 e-flex e-con-boxed e-con e-parent\" data-id=\"31073642\" data-element_type=\"container\" data-settings=\"{&quot;background_background&quot;:&quot;classic&quot;}\">\n\t\t\t\t\t<div class=\"e-con-inner\">\n\t\t<div class=\"elementor-element elementor-element-73edb6ae e-con-full e-flex e-con e-child\" data-id=\"73edb6ae\" data-element_type=\"container\">\n\t\t\t\t<div class=\"elementor-element elementor-element-6ab64159 elementor-widget elementor-widget-image\" data-id=\"6ab64159\" data-element_type=\"widget\" data-widget_type=\"image.default\">\n\t\t\t\t\t\t\t\t\t\t\t\t\t\t\t<img fetchpriority=\"high\" decoding=\"async\" width=\"800\" height=\"534\" src=\"https:\/\/rbls.cat\/wp-content\/uploads\/2025\/04\/placeholder-1024x683.png\" class=\"attachment-large size-large wp-image-24\" alt=\"\" srcset=\"https:\/\/rbls.cat\/wp-content\/uploads\/2025\/04\/placeholder-1024x683.png 1024w, https:\/\/rbls.cat\/wp-content\/uploads\/2025\/04\/placeholder-300x200.png 300w, https:\/\/rbls.cat\/wp-content\/uploads\/2025\/04\/placeholder-768x512.png 768w, https:\/\/rbls.cat\/wp-content\/uploads\/2025\/04\/placeholder.png 1200w\" sizes=\"(max-width: 800px) 100vw, 800px\" \/>\t\t\t\t\t\t\t\t\t\t\t\t\t\t\t<\/div>\n\t\t\t\t<\/div>\n\t\t<div class=\"elementor-element elementor-element-12cc5abc e-con-full e-flex e-con e-child\" data-id=\"12cc5abc\" data-element_type=\"container\">\n\t\t<div class=\"elementor-element elementor-element-3847fb51 e-con-full e-flex e-con e-child\" data-id=\"3847fb51\" data-element_type=\"container\">\n\t\t<div class=\"elementor-element elementor-element-eb37738 e-con-full e-flex e-con e-child\" data-id=\"eb37738\" data-element_type=\"container\">\n\t\t\t\t<div class=\"elementor-element elementor-element-2c212089 elementor-widget elementor-widget-heading\" data-id=\"2c212089\" data-element_type=\"widget\" data-widget_type=\"heading.default\">\n\t\t\t\t\t<h3 class=\"elementor-heading-title elementor-size-default\">RBLS Aposta 2025<\/h3>\t\t\t\t<\/div>\n\t\t\t\t<div class=\"elementor-element elementor-element-322894a8 elementor-widget elementor-widget-text-editor\" data-id=\"322894a8\" data-element_type=\"widget\" data-widget_type=\"text-editor.default\">\n\t\t\t\t\t\t\t\t\t<p>Vols presentar el teu projecte a programadors profesionals?<\/p>\t\t\t\t\t\t\t\t<\/div>\n\t\t\t\t<\/div>\n\t\t<div class=\"elementor-element elementor-element-1069ed8f e-con-full e-flex e-con e-child\" data-id=\"1069ed8f\" data-element_type=\"container\">\n\t\t<div class=\"elementor-element elementor-element-12376529 e-con-full e-flex e-con e-child\" data-id=\"12376529\" data-element_type=\"container\">\n\t\t<div class=\"elementor-element elementor-element-16f5a6bf e-con-full e-flex e-con e-child\" data-id=\"16f5a6bf\" data-element_type=\"container\">\n\t\t\t\t<div class=\"elementor-element elementor-element-5c2f42d2 elementor-icon-list--layout-inline elementor-list-item-link-full_width elementor-widget elementor-widget-icon-list\" data-id=\"5c2f42d2\" data-element_type=\"widget\" data-widget_type=\"icon-list.default\">\n\t\t\t\t\t\t\t<ul class=\"elementor-icon-list-items elementor-inline-items\">\n\t\t\t\t\t\t\t<li class=\"elementor-icon-list-item elementor-inline-item\">\n\t\t\t\t\t\t\t\t\t\t\t<span class=\"elementor-icon-list-icon\">\n\t\t\t\t\t\t\t<svg xmlns=\"http:\/\/www.w3.org\/2000\/svg\" width=\"14\" height=\"19\" viewbox=\"0 0 14 19\" fill=\"none\"><path d=\"M11.867 1.93764C10.6085 0.744425 8.90117 0.0388116 7.18292 0.00166241C5.3045 -0.0395981 3.44733 0.688885 2.08665 1.99854C1.45071 2.61066 0.948648 3.32464 0.594373 4.12067C0.216715 4.96919 0.0170929 5.89105 0.00105124 6.8606C-0.0529839 10.1228 1.97396 13.7468 6.57322 18.6111C6.68415 18.7284 6.83851 18.7949 7 18.7949C7.16148 18.7949 7.31584 18.7284 7.42677 18.611C11.9864 13.7887 14.0136 10.1939 13.9999 6.95527C13.9917 5.01581 13.2343 3.23382 11.867 1.93764ZM7.00003 17.3482C4.93223 15.1165 3.45941 13.182 2.50638 11.4474C1.58764 9.77519 1.15231 8.28122 1.17551 6.88002C1.20855 4.88608 2.13221 3.58512 2.90125 2.84489C4.00828 1.77935 5.50772 1.17469 7.03303 1.17469C7.07444 1.17469 7.11611 1.17516 7.15755 1.17605C9.93177 1.23603 12.8103 3.41601 12.8253 6.96023C12.8372 9.77622 11.036 12.995 7.00003 17.3482ZM7 2.91336C4.85768 2.91336 3.11479 4.65625 3.11479 6.79856C3.11479 8.94088 4.85768 10.6838 7 10.6838C9.14231 10.6838 10.8852 8.94092 10.8852 6.79856C10.8852 4.65628 9.14231 2.91336 7 2.91336ZM7 9.50913C5.5054 9.50913 4.28947 8.29319 4.28947 6.79856C4.28947 5.30397 5.5054 4.08803 7 4.08803C8.49459 4.08803 9.71053 5.30397 9.71053 6.79856C9.71053 8.29319 8.49459 9.50913 7 9.50913Z\" fill=\"black\"><\/path><\/svg>\t\t\t\t\t\t<\/span>\n\t\t\t\t\t\t\t\t\t\t<span class=\"elementor-icon-list-text\">Nau Ivanow<\/span>\n\t\t\t\t\t\t\t\t\t<\/li>\n\t\t\t\t\t\t<\/ul>\n\t\t\t\t\t\t<\/div>\n\t\t\t\t<div class=\"elementor-element elementor-element-28a45c65 elementor-icon-list--layout-inline elementor-list-item-link-full_width elementor-widget elementor-widget-icon-list\" data-id=\"28a45c65\" data-element_type=\"widget\" data-widget_type=\"icon-list.default\">\n\t\t\t\t\t\t\t<ul class=\"elementor-icon-list-items elementor-inline-items\">\n\t\t\t\t\t\t\t<li class=\"elementor-icon-list-item elementor-inline-item\">\n\t\t\t\t\t\t\t\t\t\t<span class=\"elementor-icon-list-text\">Barcelona<\/span>\n\t\t\t\t\t\t\t\t\t<\/li>\n\t\t\t\t\t\t<\/ul>\n\t\t\t\t\t\t<\/div>\n\t\t\t\t<\/div>\n\t\t<div class=\"elementor-element elementor-element-5701f5a2 e-con-full e-flex e-con e-child\" data-id=\"5701f5a2\" data-element_type=\"container\">\n\t\t\t\t<div class=\"elementor-element elementor-element-6b21e028 elementor-icon-list--layout-inline elementor-list-item-link-full_width elementor-widget elementor-widget-icon-list\" data-id=\"6b21e028\" data-element_type=\"widget\" data-widget_type=\"icon-list.default\">\n\t\t\t\t\t\t\t<ul class=\"elementor-icon-list-items elementor-inline-items\">\n\t\t\t\t\t\t\t<li class=\"elementor-icon-list-item elementor-inline-item\">\n\t\t\t\t\t\t\t\t\t\t\t<span class=\"elementor-icon-list-icon\">\n\t\t\t\t\t\t\t<svg xmlns=\"http:\/\/www.w3.org\/2000\/svg\" width=\"16\" height=\"16\" viewbox=\"0 0 16 16\" fill=\"none\"><path d=\"M8 1.1875C8.92031 1.1875 9.81219 1.3675 10.6512 1.7225C11.4622 2.06562 12.1909 2.55687 12.8172 3.18281C13.4431 3.80875 13.9347 4.5375 14.2775 5.34875C14.6325 6.18781 14.8125 7.08 14.8125 8C14.8125 8.92 14.6325 9.81219 14.2775 10.6512C13.9344 11.4622 13.4431 12.1909 12.8172 12.8172C12.1912 13.4431 11.4625 13.9347 10.6512 14.2775C9.81219 14.6325 8.92 14.8125 8 14.8125C7.08 14.8125 6.18781 14.6325 5.34875 14.2775C4.53781 13.9344 3.80906 13.4431 3.18281 12.8172C2.55687 12.1912 2.06531 11.4625 1.7225 10.6512C1.3675 9.81219 1.1875 8.92 1.1875 8C1.1875 7.08 1.3675 6.18781 1.7225 5.34875C2.06562 4.53781 2.55687 3.80906 3.18281 3.18281C3.80875 2.55687 4.5375 2.06531 5.34875 1.7225C6.18781 1.3675 7.08 1.1875 8 1.1875ZM8 0C3.58187 0 0 3.58187 0 8C0 12.4181 3.58187 16 8 16C12.4181 16 16 12.4184 16 8C16 3.58156 12.4181 0 8 0Z\" fill=\"black\"><\/path><path d=\"M9.48414 11C9.35223 11 9.22031 10.9503 9.11961 10.8507L7.15119 8.90381C7.05456 8.80824 7 8.6783 7 8.54326V4.51009C7 4.22847 7.23099 4 7.51572 4C7.80045 4 8.03144 4.22847 8.03144 4.51009V8.33171L9.84895 10.1294C10.0504 10.3286 10.0504 10.6515 9.84895 10.8507C9.74825 10.9503 9.61633 11 9.48442 11H9.48414Z\" fill=\"black\"><\/path><\/svg>\t\t\t\t\t\t<\/span>\n\t\t\t\t\t\t\t\t\t\t<span class=\"elementor-icon-list-text\">15 Novembre<\/span>\n\t\t\t\t\t\t\t\t\t<\/li>\n\t\t\t\t\t\t<\/ul>\n\t\t\t\t\t\t<\/div>\n\t\t\t\t<div class=\"elementor-element elementor-element-3806b75c elementor-icon-list--layout-inline elementor-list-item-link-full_width elementor-widget elementor-widget-icon-list\" data-id=\"3806b75c\" data-element_type=\"widget\" data-widget_type=\"icon-list.default\">\n\t\t\t\t\t\t\t<ul class=\"elementor-icon-list-items elementor-inline-items\">\n\t\t\t\t\t\t\t<li class=\"elementor-icon-list-item elementor-inline-item\">\n\t\t\t\t\t\t\t\t\t\t<span class=\"elementor-icon-list-text\">10:30h<\/span>\n\t\t\t\t\t\t\t\t\t<\/li>\n\t\t\t\t\t\t<\/ul>\n\t\t\t\t\t\t<\/div>\n\t\t\t\t<\/div>\n\t\t\t\t<\/div>\n\t\t\t\t<\/div>\n\t\t\t\t<\/div>\n\t\t<div class=\"elementor-element elementor-element-3ce31a97 e-con-full e-flex e-con e-child\" data-id=\"3ce31a97\" data-element_type=\"container\">\n\t\t\t\t<div class=\"elementor-element elementor-element-7b6752b7 elementor-widget elementor-widget-text-editor\" data-id=\"7b6752b7\" data-element_type=\"widget\" data-widget_type=\"text-editor.default\">\n\t\t\t\t\t\t\t\t\t<p>Lorem ipsum dolor sit amet consectetur. Faucibus leo congue quis pretium in faucibus ac tempor. Aliquam euismod pretium sed tortor. Leo ornare vestibulum suspendisse eget. Convallis venenatis aliquet sed aliquet. Cursus eget aenean volutpat vehicula mattis quis. Volutpat elementum pellentesque ligula urna quam est ac quam lectu<\/p>\t\t\t\t\t\t\t\t<\/div>\n\t\t\t\t<\/div>\n\t\t<div class=\"elementor-element elementor-element-52579e83 e-con-full e-flex e-con e-child\" data-id=\"52579e83\" data-element_type=\"container\">\n\t\t\t\t<div class=\"elementor-element elementor-element-2a49f6dc elementor-widget-divider--view-line elementor-widget elementor-widget-divider\" data-id=\"2a49f6dc\" data-element_type=\"widget\" data-widget_type=\"divider.default\">\n\t\t\t\t\t\t\t<div class=\"elementor-divider\">\n\t\t\t<span class=\"elementor-divider-separator\">\n\t\t\t\t\t\t<\/span>\n\t\t<\/div>\n\t\t\t\t\t\t<\/div>\n\t\t<div class=\"elementor-element elementor-element-4d948b08 e-con-full e-flex e-con e-child\" data-id=\"4d948b08\" data-element_type=\"container\">\n\t\t\t\t<div class=\"elementor-element elementor-element-3bbe2cfb elementor-widget elementor-widget-heading\" data-id=\"3bbe2cfb\" data-element_type=\"widget\" data-widget_type=\"heading.default\">\n\t\t\t\t\t<div class=\"elementor-heading-title elementor-size-default\">Para chicas y chicos de 14 a 18 a\u00f1os<\/div>\t\t\t\t<\/div>\n\t\t<div class=\"elementor-element elementor-element-224db41f e-con-full e-flex e-con e-child\" data-id=\"224db41f\" data-element_type=\"container\">\n\t\t\t\t<div class=\"elementor-element elementor-element-53b09ab0 elementor-widget elementor-widget-heading\" data-id=\"53b09ab0\" data-element_type=\"widget\" data-widget_type=\"heading.default\">\n\t\t\t\t\t<div class=\"elementor-heading-title elementor-size-default\">Actividad gratuita previa inscripci\u00f3n.<\/div>\t\t\t\t<\/div>\n\t\t\t\t<\/div>\n\t\t<div class=\"elementor-element elementor-element-1c3c22fc e-con-full e-flex e-con e-child\" data-id=\"1c3c22fc\" data-element_type=\"container\">\n\t\t\t\t<div class=\"elementor-element elementor-element-68535d50 elementor-widget elementor-widget-heading\" data-id=\"68535d50\" data-element_type=\"widget\" data-widget_type=\"heading.default\">\n\t\t\t\t\t<div class=\"elementor-heading-title elementor-size-default\">Producci\u00f3: Sala F\u00e8nix + Suika<\/div>\t\t\t\t<\/div>\n\t\t\t\t<\/div>\n\t\t\t\t<\/div>\n\t\t<div class=\"elementor-element elementor-element-293a3e55 e-con-full e-flex e-con e-child\" data-id=\"293a3e55\" data-element_type=\"container\">\n\t\t\t\t<div class=\"elementor-element elementor-element-5163517d elementor-align-left elementor-mobile-align-justify elementor-widget elementor-widget-button\" data-id=\"5163517d\" data-element_type=\"widget\" data-widget_type=\"button.default\">\n\t\t\t\t\t\t\t\t\t\t<a class=\"elementor-button elementor-button-link elementor-size-sm\" href=\"#\">\n\t\t\t\t\t\t<span class=\"elementor-button-content-wrapper\">\n\t\t\t\t\t\t\t\t\t<span class=\"elementor-button-text\">INSCR\u00cdIBETE<\/span>\n\t\t\t\t\t<\/span>\n\t\t\t\t\t<\/a>\n\t\t\t\t\t\t\t\t<\/div>\n\t\t\t\t<\/div>\n\t\t\t\t<\/div>\n\t\t\t\t<\/div>\n\t\t\t\t\t<\/div>\n\t\t\t\t<\/div>\n\t\t<div class=\"elementor-element elementor-element-78b3265e elementor-hidden-desktop elementor-hidden-tablet elementor-hidden-mobile e-flex e-con-boxed e-con e-parent\" data-id=\"78b3265e\" data-element_type=\"container\" data-settings=\"{&quot;background_background&quot;:&quot;classic&quot;}\">\n\t\t\t\t\t<div class=\"e-con-inner\">\n\t\t<div class=\"elementor-element elementor-element-143b5fbc e-con-full e-flex e-con e-child\" data-id=\"143b5fbc\" data-element_type=\"container\">\n\t\t\t\t<div class=\"elementor-element elementor-element-487d1162 elementor-widget elementor-widget-image\" data-id=\"487d1162\" data-element_type=\"widget\" data-widget_type=\"image.default\">\n\t\t\t\t\t\t\t\t\t\t\t\t\t\t\t<img decoding=\"async\" width=\"800\" height=\"532\" src=\"https:\/\/rbls.cat\/wp-content\/uploads\/2025\/04\/img6-1170x778-1-1024x681.jpg\" class=\"attachment-large size-large wp-image-2127\" alt=\"\" srcset=\"https:\/\/rbls.cat\/wp-content\/uploads\/2025\/04\/img6-1170x778-1-1024x681.jpg 1024w, https:\/\/rbls.cat\/wp-content\/uploads\/2025\/04\/img6-1170x778-1-300x199.jpg 300w, https:\/\/rbls.cat\/wp-content\/uploads\/2025\/04\/img6-1170x778-1-768x511.jpg 768w, https:\/\/rbls.cat\/wp-content\/uploads\/2025\/04\/img6-1170x778-1.jpg 1170w\" sizes=\"(max-width: 800px) 100vw, 800px\" \/>\t\t\t\t\t\t\t\t\t\t\t\t\t\t\t<\/div>\n\t\t\t\t<\/div>\n\t\t<div class=\"elementor-element elementor-element-567388d6 e-con-full e-flex e-con e-child\" data-id=\"567388d6\" data-element_type=\"container\">\n\t\t<div class=\"elementor-element elementor-element-71ba3c81 e-con-full e-flex e-con e-child\" data-id=\"71ba3c81\" data-element_type=\"container\">\n\t\t<div class=\"elementor-element elementor-element-4a557c33 e-con-full e-flex e-con e-child\" data-id=\"4a557c33\" data-element_type=\"container\">\n\t\t\t\t<div class=\"elementor-element elementor-element-26a25e28 elementor-widget elementor-widget-heading\" data-id=\"26a25e28\" data-element_type=\"widget\" data-widget_type=\"heading.default\">\n\t\t\t\t\t<h3 class=\"elementor-heading-title elementor-size-default\">Opci\u00f3 A: Teatre<\/h3>\t\t\t\t<\/div>\n\t\t\t\t<div class=\"elementor-element elementor-element-6cef963e elementor-widget elementor-widget-text-editor\" data-id=\"6cef963e\" data-element_type=\"widget\" data-widget_type=\"text-editor.default\">\n\t\t\t\t\t\t\t\t\tLorem ipsum\t\t\t\t\t\t\t\t<\/div>\n\t\t\t\t<\/div>\n\t\t<div class=\"elementor-element elementor-element-2e1e83d6 e-con-full e-flex e-con e-child\" data-id=\"2e1e83d6\" data-element_type=\"container\">\n\t\t<div class=\"elementor-element elementor-element-2eef2a7a e-con-full e-flex e-con e-child\" data-id=\"2eef2a7a\" data-element_type=\"container\">\n\t\t<div class=\"elementor-element elementor-element-55ec1f0a e-con-full e-flex e-con e-child\" data-id=\"55ec1f0a\" data-element_type=\"container\">\n\t\t\t\t<div class=\"elementor-element elementor-element-3ec643a2 elementor-icon-list--layout-inline elementor-list-item-link-full_width elementor-widget elementor-widget-icon-list\" data-id=\"3ec643a2\" data-element_type=\"widget\" data-widget_type=\"icon-list.default\">\n\t\t\t\t\t\t\t<ul class=\"elementor-icon-list-items elementor-inline-items\">\n\t\t\t\t\t\t\t<li class=\"elementor-icon-list-item elementor-inline-item\">\n\t\t\t\t\t\t\t\t\t\t\t<span class=\"elementor-icon-list-icon\">\n\t\t\t\t\t\t\t<svg xmlns=\"http:\/\/www.w3.org\/2000\/svg\" width=\"14\" height=\"19\" viewbox=\"0 0 14 19\" fill=\"none\"><path d=\"M11.867 1.93764C10.6085 0.744425 8.90117 0.0388116 7.18292 0.00166241C5.3045 -0.0395981 3.44733 0.688885 2.08665 1.99854C1.45071 2.61066 0.948648 3.32464 0.594373 4.12067C0.216715 4.96919 0.0170929 5.89105 0.00105124 6.8606C-0.0529839 10.1228 1.97396 13.7468 6.57322 18.6111C6.68415 18.7284 6.83851 18.7949 7 18.7949C7.16148 18.7949 7.31584 18.7284 7.42677 18.611C11.9864 13.7887 14.0136 10.1939 13.9999 6.95527C13.9917 5.01581 13.2343 3.23382 11.867 1.93764ZM7.00003 17.3482C4.93223 15.1165 3.45941 13.182 2.50638 11.4474C1.58764 9.77519 1.15231 8.28122 1.17551 6.88002C1.20855 4.88608 2.13221 3.58512 2.90125 2.84489C4.00828 1.77935 5.50772 1.17469 7.03303 1.17469C7.07444 1.17469 7.11611 1.17516 7.15755 1.17605C9.93177 1.23603 12.8103 3.41601 12.8253 6.96023C12.8372 9.77622 11.036 12.995 7.00003 17.3482ZM7 2.91336C4.85768 2.91336 3.11479 4.65625 3.11479 6.79856C3.11479 8.94088 4.85768 10.6838 7 10.6838C9.14231 10.6838 10.8852 8.94092 10.8852 6.79856C10.8852 4.65628 9.14231 2.91336 7 2.91336ZM7 9.50913C5.5054 9.50913 4.28947 8.29319 4.28947 6.79856C4.28947 5.30397 5.5054 4.08803 7 4.08803C8.49459 4.08803 9.71053 5.30397 9.71053 6.79856C9.71053 8.29319 8.49459 9.50913 7 9.50913Z\" fill=\"black\"><\/path><\/svg>\t\t\t\t\t\t<\/span>\n\t\t\t\t\t\t\t\t\t\t<span class=\"elementor-icon-list-text\">Nau Ivanow<\/span>\n\t\t\t\t\t\t\t\t\t<\/li>\n\t\t\t\t\t\t<\/ul>\n\t\t\t\t\t\t<\/div>\n\t\t\t\t<div class=\"elementor-element elementor-element-6e9cc243 elementor-icon-list--layout-inline elementor-list-item-link-full_width elementor-widget elementor-widget-icon-list\" data-id=\"6e9cc243\" data-element_type=\"widget\" data-widget_type=\"icon-list.default\">\n\t\t\t\t\t\t\t<ul class=\"elementor-icon-list-items elementor-inline-items\">\n\t\t\t\t\t\t\t<li class=\"elementor-icon-list-item elementor-inline-item\">\n\t\t\t\t\t\t\t\t\t\t<span class=\"elementor-icon-list-text\">Barcelona<\/span>\n\t\t\t\t\t\t\t\t\t<\/li>\n\t\t\t\t\t\t<\/ul>\n\t\t\t\t\t\t<\/div>\n\t\t\t\t<\/div>\n\t\t<div class=\"elementor-element elementor-element-5335de4b e-con-full e-flex e-con e-child\" data-id=\"5335de4b\" data-element_type=\"container\">\n\t\t\t\t<div class=\"elementor-element elementor-element-6684c0b5 elementor-icon-list--layout-inline elementor-list-item-link-full_width elementor-widget elementor-widget-icon-list\" data-id=\"6684c0b5\" data-element_type=\"widget\" data-widget_type=\"icon-list.default\">\n\t\t\t\t\t\t\t<ul class=\"elementor-icon-list-items elementor-inline-items\">\n\t\t\t\t\t\t\t<li class=\"elementor-icon-list-item elementor-inline-item\">\n\t\t\t\t\t\t\t\t\t\t\t<span class=\"elementor-icon-list-icon\">\n\t\t\t\t\t\t\t<svg xmlns=\"http:\/\/www.w3.org\/2000\/svg\" width=\"16\" height=\"16\" viewbox=\"0 0 16 16\" fill=\"none\"><path d=\"M8 1.1875C8.92031 1.1875 9.81219 1.3675 10.6512 1.7225C11.4622 2.06562 12.1909 2.55687 12.8172 3.18281C13.4431 3.80875 13.9347 4.5375 14.2775 5.34875C14.6325 6.18781 14.8125 7.08 14.8125 8C14.8125 8.92 14.6325 9.81219 14.2775 10.6512C13.9344 11.4622 13.4431 12.1909 12.8172 12.8172C12.1912 13.4431 11.4625 13.9347 10.6512 14.2775C9.81219 14.6325 8.92 14.8125 8 14.8125C7.08 14.8125 6.18781 14.6325 5.34875 14.2775C4.53781 13.9344 3.80906 13.4431 3.18281 12.8172C2.55687 12.1912 2.06531 11.4625 1.7225 10.6512C1.3675 9.81219 1.1875 8.92 1.1875 8C1.1875 7.08 1.3675 6.18781 1.7225 5.34875C2.06562 4.53781 2.55687 3.80906 3.18281 3.18281C3.80875 2.55687 4.5375 2.06531 5.34875 1.7225C6.18781 1.3675 7.08 1.1875 8 1.1875ZM8 0C3.58187 0 0 3.58187 0 8C0 12.4181 3.58187 16 8 16C12.4181 16 16 12.4184 16 8C16 3.58156 12.4181 0 8 0Z\" fill=\"black\"><\/path><path d=\"M9.48414 11C9.35223 11 9.22031 10.9503 9.11961 10.8507L7.15119 8.90381C7.05456 8.80824 7 8.6783 7 8.54326V4.51009C7 4.22847 7.23099 4 7.51572 4C7.80045 4 8.03144 4.22847 8.03144 4.51009V8.33171L9.84895 10.1294C10.0504 10.3286 10.0504 10.6515 9.84895 10.8507C9.74825 10.9503 9.61633 11 9.48442 11H9.48414Z\" fill=\"black\"><\/path><\/svg>\t\t\t\t\t\t<\/span>\n\t\t\t\t\t\t\t\t\t\t<span class=\"elementor-icon-list-text\">26 setembre<\/span>\n\t\t\t\t\t\t\t\t\t<\/li>\n\t\t\t\t\t\t<\/ul>\n\t\t\t\t\t\t<\/div>\n\t\t\t\t<div class=\"elementor-element elementor-element-3d1c22d5 elementor-icon-list--layout-inline elementor-list-item-link-full_width elementor-widget elementor-widget-icon-list\" data-id=\"3d1c22d5\" data-element_type=\"widget\" data-widget_type=\"icon-list.default\">\n\t\t\t\t\t\t\t<ul class=\"elementor-icon-list-items elementor-inline-items\">\n\t\t\t\t\t\t\t<li class=\"elementor-icon-list-item elementor-inline-item\">\n\t\t\t\t\t\t\t\t\t\t<span class=\"elementor-icon-list-text\">18:00h<\/span>\n\t\t\t\t\t\t\t\t\t<\/li>\n\t\t\t\t\t\t<\/ul>\n\t\t\t\t\t\t<\/div>\n\t\t\t\t<\/div>\n\t\t\t\t<\/div>\n\t\t\t\t<\/div>\n\t\t\t\t<\/div>\n\t\t<div class=\"elementor-element elementor-element-a49065f e-con-full e-flex e-con e-child\" data-id=\"a49065f\" data-element_type=\"container\">\n\t\t\t\t<div class=\"elementor-element elementor-element-2c1e91d5 elementor-widget elementor-widget-text-editor\" data-id=\"2c1e91d5\" data-element_type=\"widget\" data-widget_type=\"text-editor.default\">\n\t\t\t\t\t\t\t\t\tLorem ipsum dolor sit amet consectetur. Faucibus leo congue quis pretium in faucibus ac tempor. Aliquam euismod pretium sed tortor. Leo ornare vestibulum suspendisse eget. Convallis venenatis aliquet sed aliquet. Cursus eget aenean volutpat vehicula mattis quis. Volutpat elementum pellentesque ligula urna quam est ac quam lectu\t\t\t\t\t\t\t\t<\/div>\n\t\t\t\t<\/div>\n\t\t<div class=\"elementor-element elementor-element-17b0c3dd e-con-full e-flex e-con e-child\" data-id=\"17b0c3dd\" data-element_type=\"container\">\n\t\t\t\t<div class=\"elementor-element elementor-element-694301b6 elementor-hidden-desktop elementor-hidden-tablet elementor-hidden-mobile elementor-widget-divider--view-line elementor-widget elementor-widget-divider\" data-id=\"694301b6\" data-element_type=\"widget\" data-widget_type=\"divider.default\">\n\t\t\t\t\t\t\t<div class=\"elementor-divider\">\n\t\t\t<span class=\"elementor-divider-separator\">\n\t\t\t\t\t\t<\/span>\n\t\t<\/div>\n\t\t\t\t\t\t<\/div>\n\t\t<div class=\"elementor-element elementor-element-7f84349d e-con-full elementor-hidden-desktop elementor-hidden-tablet elementor-hidden-mobile e-flex e-con e-child\" data-id=\"7f84349d\" data-element_type=\"container\">\n\t\t\t\t<div class=\"elementor-element elementor-element-2f8c23db elementor-widget elementor-widget-heading\" data-id=\"2f8c23db\" data-element_type=\"widget\" data-widget_type=\"heading.default\">\n\t\t\t\t\t<div class=\"elementor-heading-title elementor-size-default\">Para chicas y chicos de 14 a 18 a\u00f1os<\/div>\t\t\t\t<\/div>\n\t\t<div class=\"elementor-element elementor-element-2c3f597b e-con-full e-flex e-con e-child\" data-id=\"2c3f597b\" data-element_type=\"container\">\n\t\t\t\t<div class=\"elementor-element elementor-element-264894f5 elementor-widget elementor-widget-heading\" data-id=\"264894f5\" data-element_type=\"widget\" data-widget_type=\"heading.default\">\n\t\t\t\t\t<div class=\"elementor-heading-title elementor-size-default\">Actividad gratuita previa inscripci\u00f3n.<\/div>\t\t\t\t<\/div>\n\t\t\t\t<\/div>\n\t\t<div class=\"elementor-element elementor-element-734d5c5a e-con-full e-flex e-con e-child\" data-id=\"734d5c5a\" data-element_type=\"container\">\n\t\t\t\t<div class=\"elementor-element elementor-element-3ecdd543 elementor-widget elementor-widget-heading\" data-id=\"3ecdd543\" data-element_type=\"widget\" data-widget_type=\"heading.default\">\n\t\t\t\t\t<div class=\"elementor-heading-title elementor-size-default\">Producci\u00f3: Sala F\u00e8nix + Suika<\/div>\t\t\t\t<\/div>\n\t\t\t\t<\/div>\n\t\t\t\t<\/div>\n\t\t<div class=\"elementor-element elementor-element-26e60960 e-con-full e-flex e-con e-child\" data-id=\"26e60960\" data-element_type=\"container\">\n\t\t\t\t<div class=\"elementor-element elementor-element-3f11136d elementor-align-left elementor-mobile-align-justify elementor-widget elementor-widget-button\" data-id=\"3f11136d\" data-element_type=\"widget\" data-widget_type=\"button.default\">\n\t\t\t\t\t\t\t\t\t\t<a class=\"elementor-button elementor-button-link elementor-size-sm\" href=\"#\">\n\t\t\t\t\t\t<span class=\"elementor-button-content-wrapper\">\n\t\t\t\t\t\t\t\t\t<span class=\"elementor-button-text\">Inscripcions<\/span>\n\t\t\t\t\t<\/span>\n\t\t\t\t\t<\/a>\n\t\t\t\t\t\t\t\t<\/div>\n\t\t\t\t<\/div>\n\t\t\t\t<\/div>\n\t\t\t\t<\/div>\n\t\t\t\t\t<\/div>\n\t\t\t\t<\/div>\n\t\t\t\t<\/div>","protected":false},"excerpt":{"rendered":"<p>RBLS vol donar impuls a la programaci\u00f3 d\u2019arts esc\u00e8niques per a p\u00fablic jove a trav\u00e9s de trobades i activitats adre\u00e7ades a professionals de les arts esc\u00e8niques, la cultura i l\u2019educaci\u00f3. La principal \u00e9s el RBLS APOSTA. Fira de Teatre per a Joves, un punt de trobada entre companyies i responsables de programaci\u00f3 de teatres, fires [&hellip;]<\/p>","protected":false},"author":1,"featured_media":0,"parent":0,"menu_order":0,"comment_status":"closed","ping_status":"closed","template":"","meta":{"_acf_changed":false,"footnotes":""},"class_list":["post-2699","page","type-page","status-publish","hentry"],"acf":[],"_links":{"self":[{"href":"https:\/\/rbls.cat\/es\/wp-json\/wp\/v2\/pages\/2699","targetHints":{"allow":["GET"]}}],"collection":[{"href":"https:\/\/rbls.cat\/es\/wp-json\/wp\/v2\/pages"}],"about":[{"href":"https:\/\/rbls.cat\/es\/wp-json\/wp\/v2\/types\/page"}],"author":[{"embeddable":true,"href":"https:\/\/rbls.cat\/es\/wp-json\/wp\/v2\/users\/1"}],"replies":[{"embeddable":true,"href":"https:\/\/rbls.cat\/es\/wp-json\/wp\/v2\/comments?post=2699"}],"version-history":[{"count":21,"href":"https:\/\/rbls.cat\/es\/wp-json\/wp\/v2\/pages\/2699\/revisions"}],"predecessor-version":[{"id":2981,"href":"https:\/\/rbls.cat\/es\/wp-json\/wp\/v2\/pages\/2699\/revisions\/2981"}],"wp:attachment":[{"href":"https:\/\/rbls.cat\/es\/wp-json\/wp\/v2\/media?parent=2699"}],"curies":[{"name":"wp","href":"https:\/\/api.w.org\/{rel}","templated":true}]}}