{"id":1131,"date":"2025-04-11T17:06:00","date_gmt":"2025-04-11T15:06:00","guid":{"rendered":"https:\/\/rbls.cat\/rbls_new\/?page_id=1131"},"modified":"2025-07-01T08:22:46","modified_gmt":"2025-07-01T06:22:46","slug":"comunitat-rbls","status":"publish","type":"page","link":"https:\/\/rbls.cat\/es\/comunitat-rbls\/","title":{"rendered":"Comunidad RBLS"},"content":{"rendered":"<div data-elementor-type=\"wp-page\" data-elementor-id=\"1131\" class=\"elementor elementor-1131\" data-elementor-post-type=\"page\">\n\t\t\t\t<div class=\"elementor-element elementor-element-3324287 e-flex e-con-boxed e-con e-parent\" data-id=\"3324287\" data-element_type=\"container\" data-settings=\"{&quot;background_background&quot;:&quot;classic&quot;}\">\n\t\t\t\t\t<div class=\"e-con-inner\">\n\t\t<div class=\"elementor-element elementor-element-eabbafd e-con-full e-flex e-con e-child\" data-id=\"eabbafd\" data-element_type=\"container\">\n\t\t\t\t<div class=\"elementor-element elementor-element-ad1812e elementor-widget elementor-widget-heading\" data-id=\"ad1812e\" data-element_type=\"widget\" data-widget_type=\"heading.default\">\n\t\t\t\t\t<h1 class=\"elementor-heading-title elementor-size-default\">Comunidad RBLS<\/h1>\t\t\t\t<\/div>\n\t\t\t\t<\/div>\n\t\t\t\t\t<\/div>\n\t\t\t\t<\/div>\n\t\t<div class=\"elementor-element elementor-element-6e110dc e-flex e-con-boxed e-con e-parent\" data-id=\"6e110dc\" data-element_type=\"container\">\n\t\t\t\t\t<div class=\"e-con-inner\">\n\t\t<div class=\"elementor-element elementor-element-283f939 e-con-full e-flex e-con e-child\" data-id=\"283f939\" data-element_type=\"container\">\n\t\t<div class=\"elementor-element elementor-element-46ae799 e-con-full e-flex e-con e-child\" data-id=\"46ae799\" data-element_type=\"container\">\n\t\t<div class=\"elementor-element elementor-element-359b9c0 e-con-full e-flex e-con e-child\" data-id=\"359b9c0\" data-element_type=\"container\">\n\t\t\t\t<div class=\"elementor-element elementor-element-9289dbc elementor-widget elementor-widget-heading\" data-id=\"9289dbc\" data-element_type=\"widget\" data-widget_type=\"heading.default\">\n\t\t\t\t\t<h2 class=\"elementor-heading-title elementor-size-default\">\u00a1\u00danete a la comunidad RBLS!<\/h2>\t\t\t\t<\/div>\n\t\t\t\t<div class=\"elementor-element elementor-element-48df11d elementor-widget elementor-widget-text-editor\" data-id=\"48df11d\" data-element_type=\"widget\" data-widget_type=\"text-editor.default\">\n\t\t\t\t\t\t\t\t\tEl RBLS es mucho m\u00e1s que un festival.\n\nEs un llamamiento a mirar al mundo con ojos j\u00f3venes, cr\u00edticos y creativos.\n\nEs un espacio en el que el teatro y las artes esc\u00e9nicas sirven para sacudir, denunciar e imaginar otras realidades.\t\t\t\t\t\t\t\t<\/div>\n\t\t\t\t<\/div>\n\t\t<div class=\"elementor-element elementor-element-e63db6d e-con-full e-flex e-con e-child\" data-id=\"e63db6d\" data-element_type=\"container\">\n\t\t\t\t<div class=\"elementor-element elementor-element-c2170b6 elementor-widget elementor-widget-heading\" data-id=\"c2170b6\" data-element_type=\"widget\" data-widget_type=\"heading.default\">\n\t\t\t\t\t<h2 class=\"elementor-heading-title elementor-size-default\">S\u00famate a la Comunidad RBLS y recibir\u00e1s<\/h2>\t\t\t\t<\/div>\n\t\t\t\t<div class=\"elementor-element elementor-element-6468262 elementor-icon-list--layout-traditional elementor-list-item-link-full_width elementor-widget elementor-widget-icon-list\" data-id=\"6468262\" data-element_type=\"widget\" data-widget_type=\"icon-list.default\">\n\t\t\t\t\t\t\t<ul class=\"elementor-icon-list-items\">\n\t\t\t\t\t\t\t<li class=\"elementor-icon-list-item\">\n\t\t\t\t\t\t\t\t\t\t\t<span class=\"elementor-icon-list-icon\">\n\t\t\t\t\t\t\t<svg aria-hidden=\"true\" class=\"e-font-icon-svg e-fas-circle\" viewbox=\"0 0 512 512\" xmlns=\"http:\/\/www.w3.org\/2000\/svg\"><path d=\"M256 8C119 8 8 119 8 256s111 248 248 248 248-111 248-248S393 8 256 8z\"><\/path><\/svg>\t\t\t\t\t\t<\/span>\n\t\t\t\t\t\t\t\t\t\t<span class=\"elementor-icon-list-text\">Todas las novedades del festival antes que nadie<\/span>\n\t\t\t\t\t\t\t\t\t<\/li>\n\t\t\t\t\t\t\t\t<li class=\"elementor-icon-list-item\">\n\t\t\t\t\t\t\t\t\t\t\t<span class=\"elementor-icon-list-icon\">\n\t\t\t\t\t\t\t<svg aria-hidden=\"true\" class=\"e-font-icon-svg e-fas-circle\" viewbox=\"0 0 512 512\" xmlns=\"http:\/\/www.w3.org\/2000\/svg\"><path d=\"M256 8C119 8 8 119 8 256s111 248 248 248 248-111 248-248S393 8 256 8z\"><\/path><\/svg>\t\t\t\t\t\t<\/span>\n\t\t\t\t\t\t\t\t\t\t<span class=\"elementor-icon-list-text\">Promociones y descuentos exclusivos<\/span>\n\t\t\t\t\t\t\t\t\t<\/li>\n\t\t\t\t\t\t\t\t<li class=\"elementor-icon-list-item\">\n\t\t\t\t\t\t\t\t\t\t\t<span class=\"elementor-icon-list-icon\">\n\t\t\t\t\t\t\t<svg aria-hidden=\"true\" class=\"e-font-icon-svg e-fas-circle\" viewbox=\"0 0 512 512\" xmlns=\"http:\/\/www.w3.org\/2000\/svg\"><path d=\"M256 8C119 8 8 119 8 256s111 248 248 248 248-111 248-248S393 8 256 8z\"><\/path><\/svg>\t\t\t\t\t\t<\/span>\n\t\t\t\t\t\t\t\t\t\t<span class=\"elementor-icon-list-text\">Recomendaciones y contenidos culturales pensados \u200b\u200bpara ti<\/span>\n\t\t\t\t\t\t\t\t\t<\/li>\n\t\t\t\t\t\t<\/ul>\n\t\t\t\t\t\t<\/div>\n\t\t\t\t<div class=\"elementor-element elementor-element-c1ccbf6 elementor-widget elementor-widget-text-editor\" data-id=\"c1ccbf6\" data-element_type=\"widget\" data-widget_type=\"text-editor.default\">\n\t\t\t\t\t\t\t\t\t<p>Si tienes ganas de vivir la cultura desde un lugar vivo, rebelde y transformador, no puedes faltar en nuestra RBLS.<\/p>\t\t\t\t\t\t\t\t<\/div>\n\t\t\t\t<\/div>\n\t\t\t\t<\/div>\n\t\t\t\t<div class=\"elementor-element elementor-element-2cf63ed elementor-hidden-desktop elementor-hidden-tablet elementor-hidden-mobile elementor-widget elementor-widget-text-editor\" data-id=\"2cf63ed\" data-element_type=\"widget\" data-widget_type=\"text-editor.default\">\n\t\t\t\t\t\t\t\t\t<h4>\u00a1\u00danete a la comunidad RBLS!<\/h4><p>El RBLS \u00e9s molt m\u00e9s que un festival.<br \/>\u00c9s una crida a mirar el m\u00f3n amb ulls joves, cr\u00edtics i creatius.<br \/>\u00c9s un espai on el teatre i les arts esc\u00e8niques serveixen per sacsejar, denunciar i imaginar altres realitats.<\/p><p>I tu, en pots formar part!<\/p><h5>Suma\u2019t a la comunitat RBLS i rebr\u00e0s:<\/h5><p><strong>&#8211; Totes les novetats del festival abans que ning\u00fa<\/strong><br \/><strong>&#8211; Promocions i descomptes exclusius<\/strong><br \/><strong>&#8211; Recomanacions i continguts culturals pensats per a tu<\/strong><\/p><p>Si tienes ganas de vivir la cultura desde un lugar vivo, rebelde y transformador, no puedes faltar en nuestra RBLS.<\/p>\t\t\t\t\t\t\t\t<\/div>\n\t\t\t\t<\/div>\n\t\t<div class=\"elementor-element elementor-element-daf5b3e e-con-full e-flex e-con e-child\" data-id=\"daf5b3e\" data-element_type=\"container\">\n\t\t\t\t<div class=\"elementor-element elementor-element-ae11304 elementor-button-align-stretch elementor-widget elementor-widget-form\" data-id=\"ae11304\" data-element_type=\"widget\" data-settings=\"{&quot;step_next_label&quot;:&quot;Next&quot;,&quot;step_previous_label&quot;:&quot;Previous&quot;,&quot;button_width&quot;:&quot;50&quot;,&quot;step_type&quot;:&quot;number_text&quot;,&quot;step_icon_shape&quot;:&quot;circle&quot;}\" data-widget_type=\"form.default\">\n\t\t\t\t\t\t\t<form class=\"elementor-form\" method=\"post\" name=\"Formulari Comunitat RBLS\" action=\"\">\n\t\t\t<input type=\"hidden\" name=\"post_id\" value=\"1131\"\/>\n\t\t\t<input type=\"hidden\" name=\"form_id\" value=\"ae11304\"\/>\n\t\t\t<input type=\"hidden\" name=\"referer_title\" value=\"Comunitat RBLS\" \/>\n\n\t\t\t\t\t\t\t<input type=\"hidden\" name=\"queried_id\" value=\"1131\"\/>\n\t\t\t\n\t\t\t<div class=\"elementor-form-fields-wrapper elementor-labels-\">\n\t\t\t\t\t\t\t\t<div class=\"elementor-field-type-text elementor-field-group elementor-column elementor-field-group-name elementor-col-100\">\n\t\t\t\t\t\t\t\t\t\t\t\t<label for=\"form-field-name\" class=\"elementor-field-label elementor-screen-only\">\n\t\t\t\t\t\t\t\tNombre\t\t\t\t\t\t\t<\/label>\n\t\t\t\t\t\t\t\t\t\t\t\t\t\t<input size=\"1\" type=\"text\" name=\"form_fields[name]\" id=\"form-field-name\" class=\"elementor-field elementor-size-sm  elementor-field-textual\" placeholder=\"Nombre\">\n\t\t\t\t\t\t\t\t\t\t\t<\/div>\n\t\t\t\t\t\t\t\t<div class=\"elementor-field-type-email elementor-field-group elementor-column elementor-field-group-email elementor-col-100 elementor-field-required\">\n\t\t\t\t\t\t\t\t\t\t\t\t<label for=\"form-field-email\" class=\"elementor-field-label elementor-screen-only\">\n\t\t\t\t\t\t\t\tCorreo electr\u00f3nico\t\t\t\t\t\t\t<\/label>\n\t\t\t\t\t\t\t\t\t\t\t\t\t\t<input size=\"1\" type=\"email\" name=\"form_fields[email]\" id=\"form-field-email\" class=\"elementor-field elementor-size-sm  elementor-field-textual\" placeholder=\"Correo electr\u00f3nico\" required=\"required\">\n\t\t\t\t\t\t\t\t\t\t\t<\/div>\n\t\t\t\t\t\t\t\t<div class=\"elementor-field-type-text elementor-field-group elementor-column elementor-field-group-field_51c91f7 elementor-col-100 elementor-field-required\">\n\t\t\t\t\t\t\t\t\t\t\t\t<label for=\"form-field-field_51c91f7\" class=\"elementor-field-label elementor-screen-only\">\n\t\t\t\t\t\t\t\tFecha de nacimiento\t\t\t\t\t\t\t<\/label>\n\t\t\t\t\t\t\t\t\t\t\t\t\t\t<input size=\"1\" type=\"text\" name=\"form_fields[field_51c91f7]\" id=\"form-field-field_51c91f7\" class=\"elementor-field elementor-size-sm  elementor-field-textual\" placeholder=\"Fecha de nacimiento\" required=\"required\">\n\t\t\t\t\t\t\t\t\t\t\t<\/div>\n\t\t\t\t\t\t\t\t<div class=\"elementor-field-type-acceptance elementor-field-group elementor-column elementor-field-group-field_dcfa1f9 elementor-col-100 elementor-field-required\">\n\t\t\t\t\t\t\t<div class=\"elementor-field-subgroup\">\n\t\t\t<span class=\"elementor-field-option\">\n\t\t\t\t<input type=\"checkbox\" name=\"form_fields[field_dcfa1f9]\" id=\"form-field-field_dcfa1f9\" class=\"elementor-field elementor-size-sm  elementor-acceptance-field\" required=\"required\" checked=\"checked\">\n\t\t\t\t<label for=\"form-field-field_dcfa1f9\">He le\u00eddo y acepto el aviso legal y la pol\u00edtica de privacidad.<\/label>\t\t\t<\/span>\n\t\t<\/div>\n\t\t\t\t\t\t<\/div>\n\t\t\t\t\t\t\t\t<div class=\"elementor-field-group elementor-column elementor-field-type-submit elementor-col-50 e-form__buttons\">\n\t\t\t\t\t<button class=\"elementor-button elementor-size-sm\" type=\"submit\">\n\t\t\t\t\t\t<span class=\"elementor-button-content-wrapper\">\n\t\t\t\t\t\t\t\t\t\t\t\t\t\t\t\t\t\t\t\t\t\t<span class=\"elementor-button-text\">Enviar<\/span>\n\t\t\t\t\t\t\t\t\t\t\t\t\t<\/span>\n\t\t\t\t\t<\/button>\n\t\t\t\t<\/div>\n\t\t\t<\/div>\n\t\t<input type=\"hidden\" name=\"trp-form-language\" value=\"es\"\/><\/form>\n\t\t\t\t\t\t<\/div>\n\t\t\t\t<\/div>\n\t\t\t\t\t<\/div>\n\t\t\t\t<\/div>\n\t\t<div class=\"elementor-element elementor-element-687325b e-flex e-con-boxed e-con e-parent\" data-id=\"687325b\" data-element_type=\"container\" data-settings=\"{&quot;background_background&quot;:&quot;classic&quot;,&quot;background_motion_fx_motion_fx_scrolling&quot;:&quot;yes&quot;,&quot;background_motion_fx_translateY_effect&quot;:&quot;yes&quot;,&quot;background_motion_fx_translateY_speed&quot;:{&quot;unit&quot;:&quot;px&quot;,&quot;size&quot;:5.3,&quot;sizes&quot;:[]},&quot;background_motion_fx_translateY_affectedRange&quot;:{&quot;unit&quot;:&quot;%&quot;,&quot;size&quot;:&quot;&quot;,&quot;sizes&quot;:{&quot;start&quot;:0,&quot;end&quot;:100}},&quot;background_motion_fx_devices&quot;:[&quot;desktop&quot;,&quot;tablet&quot;,&quot;mobile&quot;]}\">\n\t\t\t\t\t<div class=\"e-con-inner\">\n\t\t\t\t\t<\/div>\n\t\t\t\t<\/div>\n\t\t\t\t<\/div>","protected":false},"excerpt":{"rendered":"<p>Uneix-te a la comunitat RBLS! El RBLS \u00e9s molt m\u00e9s que un festival. \u00c9s una crida a mirar el m\u00f3n amb ulls joves, cr\u00edtics i creatius. \u00c9s un espai on el teatre i les arts esc\u00e8niques serveixen per sacsejar, denunciar i imaginar altres realitats. Suma&#8217;t a la Comunitat RBLS i rebr\u00e0s Totes les novetats del [&hellip;]<\/p>","protected":false},"author":1,"featured_media":0,"parent":0,"menu_order":0,"comment_status":"closed","ping_status":"closed","template":"","meta":{"_acf_changed":false,"footnotes":""},"class_list":["post-1131","page","type-page","status-publish","hentry"],"acf":[],"_links":{"self":[{"href":"https:\/\/rbls.cat\/es\/wp-json\/wp\/v2\/pages\/1131","targetHints":{"allow":["GET"]}}],"collection":[{"href":"https:\/\/rbls.cat\/es\/wp-json\/wp\/v2\/pages"}],"about":[{"href":"https:\/\/rbls.cat\/es\/wp-json\/wp\/v2\/types\/page"}],"author":[{"embeddable":true,"href":"https:\/\/rbls.cat\/es\/wp-json\/wp\/v2\/users\/1"}],"replies":[{"embeddable":true,"href":"https:\/\/rbls.cat\/es\/wp-json\/wp\/v2\/comments?post=1131"}],"version-history":[{"count":79,"href":"https:\/\/rbls.cat\/es\/wp-json\/wp\/v2\/pages\/1131\/revisions"}],"predecessor-version":[{"id":5014,"href":"https:\/\/rbls.cat\/es\/wp-json\/wp\/v2\/pages\/1131\/revisions\/5014"}],"wp:attachment":[{"href":"https:\/\/rbls.cat\/es\/wp-json\/wp\/v2\/media?parent=1131"}],"curies":[{"name":"wp","href":"https:\/\/api.w.org\/{rel}","templated":true}]}}