{"id":1072,"date":"2025-04-11T16:29:50","date_gmt":"2025-04-11T14:29:50","guid":{"rendered":"https:\/\/rbls.cat\/rbls_new\/?page_id=1072"},"modified":"2025-06-25T12:05:46","modified_gmt":"2025-06-25T10:05:46","slug":"rbls-aposta-copia","status":"publish","type":"page","link":"https:\/\/rbls.cat\/es\/rbls-aposta-copia\/","title":{"rendered":"RBLS Aposta copia"},"content":{"rendered":"<div data-elementor-type=\"wp-page\" data-elementor-id=\"1072\" class=\"elementor elementor-1072\" data-elementor-post-type=\"page\">\n\t\t\t\t<div class=\"elementor-element elementor-element-58117f9 e-flex e-con-boxed e-con e-parent\" data-id=\"58117f9\" data-element_type=\"container\" data-settings=\"{&quot;background_background&quot;:&quot;classic&quot;}\">\n\t\t\t\t\t<div class=\"e-con-inner\">\n\t\t\t\t<div class=\"elementor-element elementor-element-6a7c28b elementor-widget elementor-widget-heading\" data-id=\"6a7c28b\" data-element_type=\"widget\" data-widget_type=\"heading.default\">\n\t\t\t\t\t<h2 class=\"elementor-heading-title elementor-size-default\">RBLS Aposta<\/h2>\t\t\t\t<\/div>\n\t\t\t\t\t<\/div>\n\t\t\t\t<\/div>\n\t\t<div class=\"elementor-element elementor-element-bcec46a e-flex e-con-boxed e-con e-parent\" data-id=\"bcec46a\" data-element_type=\"container\" data-settings=\"{&quot;background_background&quot;:&quot;classic&quot;}\">\n\t\t\t\t\t<div class=\"e-con-inner\">\n\t\t\t\t<div class=\"elementor-element elementor-element-18e5ccb elementor-widget__width-initial elementor-widget elementor-widget-heading\" data-id=\"18e5ccb\" data-element_type=\"widget\" data-widget_type=\"heading.default\">\n\t\t\t\t\t<h2 class=\"elementor-heading-title elementor-size-default\">RBLS quiere impulsar la programaci\u00f3n de artes esc\u00e9nicas para p\u00fablico joven a trav\u00e9s de encuentros y actividades dirigidas a profesionales de las artes esc\u00e9nicas, la cultura y la educaci\u00f3n. La principal es RBLS APOSTA. Feria de Teatro para J\u00f3venes, un punto de encuentro entre compa\u00f1\u00edas y responsables de programaci\u00f3n de teatros, ferias y festivales. Porque queremos ayudar a la creaci\u00f3n de nuevos p\u00fablicos, s\u00ed, pero tambi\u00e9n a la creaci\u00f3n emergente. Al talento que necesita espacios de exhibici\u00f3n.<\/h2>\t\t\t\t<\/div>\n\t\t\t\t\t<\/div>\n\t\t\t\t<\/div>\n\t\t<div class=\"elementor-element elementor-element-f450a45 e-flex e-con-boxed e-con e-parent\" data-id=\"f450a45\" data-element_type=\"container\" data-settings=\"{&quot;background_background&quot;:&quot;classic&quot;}\">\n\t\t\t\t\t<div class=\"e-con-inner\">\n\t\t<div class=\"elementor-element elementor-element-2ffea9a e-con-full e-flex e-con e-child\" data-id=\"2ffea9a\" data-element_type=\"container\">\n\t\t\t\t<div class=\"elementor-element elementor-element-9c49aa8 elementor-widget elementor-widget-image\" data-id=\"9c49aa8\" data-element_type=\"widget\" data-widget_type=\"image.default\">\n\t\t\t\t\t\t\t\t\t\t\t\t\t\t\t<img fetchpriority=\"high\" decoding=\"async\" width=\"800\" height=\"684\" src=\"https:\/\/rbls.cat\/wp-content\/uploads\/2025\/06\/img-aposta_DSC9836.jpg\" class=\"attachment-large size-large wp-image-3789\" alt=\"\" srcset=\"https:\/\/rbls.cat\/wp-content\/uploads\/2025\/06\/img-aposta_DSC9836.jpg 969w, https:\/\/rbls.cat\/wp-content\/uploads\/2025\/06\/img-aposta_DSC9836-300x257.jpg 300w, https:\/\/rbls.cat\/wp-content\/uploads\/2025\/06\/img-aposta_DSC9836-768x657.jpg 768w\" sizes=\"(max-width: 800px) 100vw, 800px\" \/>\t\t\t\t\t\t\t\t\t\t\t\t\t\t\t<\/div>\n\t\t\t\t<\/div>\n\t\t<div class=\"elementor-element elementor-element-a9fd843 e-con-full e-flex e-con e-child\" data-id=\"a9fd843\" data-element_type=\"container\">\n\t\t<div class=\"elementor-element elementor-element-167f424 e-con-full e-flex e-con e-child\" data-id=\"167f424\" data-element_type=\"container\">\n\t\t<div class=\"elementor-element elementor-element-a63c1ea e-con-full e-flex e-con e-child\" data-id=\"a63c1ea\" data-element_type=\"container\">\n\t\t\t\t<div class=\"elementor-element elementor-element-cb43f4e elementor-widget elementor-widget-heading\" data-id=\"cb43f4e\" data-element_type=\"widget\" data-widget_type=\"heading.default\">\n\t\t\t\t\t<h3 class=\"elementor-heading-title elementor-size-default\">RBLS Aposta 2025<\/h3>\t\t\t\t<\/div>\n\t\t\t\t<div class=\"elementor-element elementor-element-10aaae9 elementor-widget elementor-widget-text-editor\" data-id=\"10aaae9\" data-element_type=\"widget\" data-widget_type=\"text-editor.default\">\n\t\t\t\t\t\t\t\t\t<p>Vols presentar el teu projecte a programadors profesionals?<\/p>\t\t\t\t\t\t\t\t<\/div>\n\t\t\t\t<\/div>\n\t\t<div class=\"elementor-element elementor-element-6e947d6 e-con-full e-flex e-con e-child\" data-id=\"6e947d6\" data-element_type=\"container\">\n\t\t<div class=\"elementor-element elementor-element-025cc34 e-con-full e-flex e-con e-child\" data-id=\"025cc34\" data-element_type=\"container\">\n\t\t<div class=\"elementor-element elementor-element-46c43e5 e-con-full e-flex e-con e-child\" data-id=\"46c43e5\" data-element_type=\"container\">\n\t\t\t\t<div class=\"elementor-element elementor-element-cc0fa71 elementor-icon-list--layout-inline elementor-list-item-link-full_width elementor-widget elementor-widget-icon-list\" data-id=\"cc0fa71\" data-element_type=\"widget\" data-widget_type=\"icon-list.default\">\n\t\t\t\t\t\t\t<ul class=\"elementor-icon-list-items elementor-inline-items\">\n\t\t\t\t\t\t\t<li class=\"elementor-icon-list-item elementor-inline-item\">\n\t\t\t\t\t\t\t\t\t\t\t<span class=\"elementor-icon-list-icon\">\n\t\t\t\t\t\t\t<svg xmlns=\"http:\/\/www.w3.org\/2000\/svg\" width=\"14\" height=\"19\" viewbox=\"0 0 14 19\" fill=\"none\"><path d=\"M11.867 1.93764C10.6085 0.744425 8.90117 0.0388116 7.18292 0.00166241C5.3045 -0.0395981 3.44733 0.688885 2.08665 1.99854C1.45071 2.61066 0.948648 3.32464 0.594373 4.12067C0.216715 4.96919 0.0170929 5.89105 0.00105124 6.8606C-0.0529839 10.1228 1.97396 13.7468 6.57322 18.6111C6.68415 18.7284 6.83851 18.7949 7 18.7949C7.16148 18.7949 7.31584 18.7284 7.42677 18.611C11.9864 13.7887 14.0136 10.1939 13.9999 6.95527C13.9917 5.01581 13.2343 3.23382 11.867 1.93764ZM7.00003 17.3482C4.93223 15.1165 3.45941 13.182 2.50638 11.4474C1.58764 9.77519 1.15231 8.28122 1.17551 6.88002C1.20855 4.88608 2.13221 3.58512 2.90125 2.84489C4.00828 1.77935 5.50772 1.17469 7.03303 1.17469C7.07444 1.17469 7.11611 1.17516 7.15755 1.17605C9.93177 1.23603 12.8103 3.41601 12.8253 6.96023C12.8372 9.77622 11.036 12.995 7.00003 17.3482ZM7 2.91336C4.85768 2.91336 3.11479 4.65625 3.11479 6.79856C3.11479 8.94088 4.85768 10.6838 7 10.6838C9.14231 10.6838 10.8852 8.94092 10.8852 6.79856C10.8852 4.65628 9.14231 2.91336 7 2.91336ZM7 9.50913C5.5054 9.50913 4.28947 8.29319 4.28947 6.79856C4.28947 5.30397 5.5054 4.08803 7 4.08803C8.49459 4.08803 9.71053 5.30397 9.71053 6.79856C9.71053 8.29319 8.49459 9.50913 7 9.50913Z\" fill=\"black\"><\/path><\/svg>\t\t\t\t\t\t<\/span>\n\t\t\t\t\t\t\t\t\t\t<span class=\"elementor-icon-list-text\">Nau Ivanow<\/span>\n\t\t\t\t\t\t\t\t\t<\/li>\n\t\t\t\t\t\t<\/ul>\n\t\t\t\t\t\t<\/div>\n\t\t\t\t<div class=\"elementor-element elementor-element-aec2a24 elementor-icon-list--layout-inline elementor-list-item-link-full_width elementor-widget elementor-widget-icon-list\" data-id=\"aec2a24\" data-element_type=\"widget\" data-widget_type=\"icon-list.default\">\n\t\t\t\t\t\t\t<ul class=\"elementor-icon-list-items elementor-inline-items\">\n\t\t\t\t\t\t\t<li class=\"elementor-icon-list-item elementor-inline-item\">\n\t\t\t\t\t\t\t\t\t\t<span class=\"elementor-icon-list-text\">Barcelona<\/span>\n\t\t\t\t\t\t\t\t\t<\/li>\n\t\t\t\t\t\t<\/ul>\n\t\t\t\t\t\t<\/div>\n\t\t\t\t<\/div>\n\t\t<div class=\"elementor-element elementor-element-c889635 e-con-full e-flex e-con e-child\" data-id=\"c889635\" data-element_type=\"container\">\n\t\t\t\t<div class=\"elementor-element elementor-element-b32975a elementor-icon-list--layout-inline elementor-list-item-link-full_width elementor-widget elementor-widget-icon-list\" data-id=\"b32975a\" data-element_type=\"widget\" data-widget_type=\"icon-list.default\">\n\t\t\t\t\t\t\t<ul class=\"elementor-icon-list-items elementor-inline-items\">\n\t\t\t\t\t\t\t<li class=\"elementor-icon-list-item elementor-inline-item\">\n\t\t\t\t\t\t\t\t\t\t\t<span class=\"elementor-icon-list-icon\">\n\t\t\t\t\t\t\t<svg xmlns=\"http:\/\/www.w3.org\/2000\/svg\" width=\"16\" height=\"16\" viewbox=\"0 0 16 16\" fill=\"none\"><path d=\"M8 1.1875C8.92031 1.1875 9.81219 1.3675 10.6512 1.7225C11.4622 2.06562 12.1909 2.55687 12.8172 3.18281C13.4431 3.80875 13.9347 4.5375 14.2775 5.34875C14.6325 6.18781 14.8125 7.08 14.8125 8C14.8125 8.92 14.6325 9.81219 14.2775 10.6512C13.9344 11.4622 13.4431 12.1909 12.8172 12.8172C12.1912 13.4431 11.4625 13.9347 10.6512 14.2775C9.81219 14.6325 8.92 14.8125 8 14.8125C7.08 14.8125 6.18781 14.6325 5.34875 14.2775C4.53781 13.9344 3.80906 13.4431 3.18281 12.8172C2.55687 12.1912 2.06531 11.4625 1.7225 10.6512C1.3675 9.81219 1.1875 8.92 1.1875 8C1.1875 7.08 1.3675 6.18781 1.7225 5.34875C2.06562 4.53781 2.55687 3.80906 3.18281 3.18281C3.80875 2.55687 4.5375 2.06531 5.34875 1.7225C6.18781 1.3675 7.08 1.1875 8 1.1875ZM8 0C3.58187 0 0 3.58187 0 8C0 12.4181 3.58187 16 8 16C12.4181 16 16 12.4184 16 8C16 3.58156 12.4181 0 8 0Z\" fill=\"black\"><\/path><path d=\"M9.48414 11C9.35223 11 9.22031 10.9503 9.11961 10.8507L7.15119 8.90381C7.05456 8.80824 7 8.6783 7 8.54326V4.51009C7 4.22847 7.23099 4 7.51572 4C7.80045 4 8.03144 4.22847 8.03144 4.51009V8.33171L9.84895 10.1294C10.0504 10.3286 10.0504 10.6515 9.84895 10.8507C9.74825 10.9503 9.61633 11 9.48442 11H9.48414Z\" fill=\"black\"><\/path><\/svg>\t\t\t\t\t\t<\/span>\n\t\t\t\t\t\t\t\t\t\t<span class=\"elementor-icon-list-text\">15 Novembre<\/span>\n\t\t\t\t\t\t\t\t\t<\/li>\n\t\t\t\t\t\t<\/ul>\n\t\t\t\t\t\t<\/div>\n\t\t\t\t<div class=\"elementor-element elementor-element-8287d5f elementor-icon-list--layout-inline elementor-list-item-link-full_width elementor-widget elementor-widget-icon-list\" data-id=\"8287d5f\" data-element_type=\"widget\" data-widget_type=\"icon-list.default\">\n\t\t\t\t\t\t\t<ul class=\"elementor-icon-list-items elementor-inline-items\">\n\t\t\t\t\t\t\t<li class=\"elementor-icon-list-item elementor-inline-item\">\n\t\t\t\t\t\t\t\t\t\t<span class=\"elementor-icon-list-text\">10:30h<\/span>\n\t\t\t\t\t\t\t\t\t<\/li>\n\t\t\t\t\t\t<\/ul>\n\t\t\t\t\t\t<\/div>\n\t\t\t\t<\/div>\n\t\t\t\t<\/div>\n\t\t\t\t<\/div>\n\t\t\t\t<\/div>\n\t\t<div class=\"elementor-element elementor-element-7f77109 e-con-full e-flex e-con e-child\" data-id=\"7f77109\" data-element_type=\"container\">\n\t\t\t\t<div class=\"elementor-element elementor-element-5e8cad4 elementor-widget elementor-widget-text-editor\" data-id=\"5e8cad4\" data-element_type=\"widget\" data-widget_type=\"text-editor.default\">\n\t\t\t\t\t\t\t\t\tLorem ipsum dolor sit amet consectetur. Faucibus leo congue quis pretium in faucibus ac tempor. Aliquam euismod pretium sed tortor. Leo ornare vestibulum suspendisse eget. Convallis venenatis aliquet sed aliquet. Cursus eget aenean volutpat vehicula mattis quis. Volutpat elementum pellentesque ligula urna quam est ac quam lectu\t\t\t\t\t\t\t\t<\/div>\n\t\t\t\t<\/div>\n\t\t<div class=\"elementor-element elementor-element-34f2ca2 e-con-full e-flex e-con e-child\" data-id=\"34f2ca2\" data-element_type=\"container\">\n\t\t\t\t<div class=\"elementor-element elementor-element-d29b6d7 elementor-hidden-desktop elementor-hidden-tablet elementor-hidden-mobile elementor-widget-divider--view-line elementor-widget elementor-widget-divider\" data-id=\"d29b6d7\" data-element_type=\"widget\" data-widget_type=\"divider.default\">\n\t\t\t\t\t\t\t<div class=\"elementor-divider\">\n\t\t\t<span class=\"elementor-divider-separator\">\n\t\t\t\t\t\t<\/span>\n\t\t<\/div>\n\t\t\t\t\t\t<\/div>\n\t\t<div class=\"elementor-element elementor-element-743b372 e-con-full elementor-hidden-desktop elementor-hidden-tablet elementor-hidden-mobile e-flex e-con e-child\" data-id=\"743b372\" data-element_type=\"container\">\n\t\t\t\t<div class=\"elementor-element elementor-element-7c65f5b elementor-widget elementor-widget-heading\" data-id=\"7c65f5b\" data-element_type=\"widget\" data-widget_type=\"heading.default\">\n\t\t\t\t\t<div class=\"elementor-heading-title elementor-size-default\">Para chicas y chicos de 14 a 18 a\u00f1os<\/div>\t\t\t\t<\/div>\n\t\t<div class=\"elementor-element elementor-element-c041cf9 e-con-full e-flex e-con e-child\" data-id=\"c041cf9\" data-element_type=\"container\">\n\t\t\t\t<div class=\"elementor-element elementor-element-7a5d298 elementor-widget elementor-widget-heading\" data-id=\"7a5d298\" data-element_type=\"widget\" data-widget_type=\"heading.default\">\n\t\t\t\t\t<div class=\"elementor-heading-title elementor-size-default\">Actividad gratuita previa inscripci\u00f3n.<\/div>\t\t\t\t<\/div>\n\t\t\t\t<\/div>\n\t\t<div class=\"elementor-element elementor-element-791f998 e-con-full e-flex e-con e-child\" data-id=\"791f998\" data-element_type=\"container\">\n\t\t\t\t<div class=\"elementor-element elementor-element-7c19c0f elementor-widget elementor-widget-heading\" data-id=\"7c19c0f\" data-element_type=\"widget\" data-widget_type=\"heading.default\">\n\t\t\t\t\t<div class=\"elementor-heading-title elementor-size-default\">Producci\u00f3: Sala F\u00e8nix + Suika<\/div>\t\t\t\t<\/div>\n\t\t\t\t<\/div>\n\t\t\t\t<\/div>\n\t\t<div class=\"elementor-element elementor-element-2a263da e-con-full e-flex e-con e-child\" data-id=\"2a263da\" data-element_type=\"container\">\n\t\t\t\t<div class=\"elementor-element elementor-element-61b106e elementor-align-left elementor-mobile-align-justify elementor-widget elementor-widget-button\" data-id=\"61b106e\" data-element_type=\"widget\" data-widget_type=\"button.default\">\n\t\t\t\t\t\t\t\t\t\t<a class=\"elementor-button elementor-button-link elementor-size-sm\" href=\"#\">\n\t\t\t\t\t\t<span class=\"elementor-button-content-wrapper\">\n\t\t\t\t\t\t\t\t\t<span class=\"elementor-button-text\">INSCR\u00cdIBETE<\/span>\n\t\t\t\t\t<\/span>\n\t\t\t\t\t<\/a>\n\t\t\t\t\t\t\t\t<\/div>\n\t\t\t\t<\/div>\n\t\t\t\t<\/div>\n\t\t\t\t<\/div>\n\t\t\t\t\t<\/div>\n\t\t\t\t<\/div>\n\t\t<div class=\"elementor-element elementor-element-aa6f247 elementor-hidden-desktop elementor-hidden-tablet elementor-hidden-mobile e-flex e-con-boxed e-con e-parent\" data-id=\"aa6f247\" data-element_type=\"container\" data-settings=\"{&quot;background_background&quot;:&quot;classic&quot;}\">\n\t\t\t\t\t<div class=\"e-con-inner\">\n\t\t<div class=\"elementor-element elementor-element-0c4f8f5 e-con-full e-flex e-con e-child\" data-id=\"0c4f8f5\" data-element_type=\"container\">\n\t\t\t\t<div class=\"elementor-element elementor-element-81298e4 elementor-widget elementor-widget-image\" data-id=\"81298e4\" data-element_type=\"widget\" data-widget_type=\"image.default\">\n\t\t\t\t\t\t\t\t\t\t\t\t\t\t\t<img decoding=\"async\" width=\"800\" height=\"532\" src=\"https:\/\/rbls.cat\/wp-content\/uploads\/2025\/04\/img6-1170x778-1-1024x681.jpg\" class=\"attachment-large size-large wp-image-2127\" alt=\"\" srcset=\"https:\/\/rbls.cat\/wp-content\/uploads\/2025\/04\/img6-1170x778-1-1024x681.jpg 1024w, https:\/\/rbls.cat\/wp-content\/uploads\/2025\/04\/img6-1170x778-1-300x199.jpg 300w, https:\/\/rbls.cat\/wp-content\/uploads\/2025\/04\/img6-1170x778-1-768x511.jpg 768w, https:\/\/rbls.cat\/wp-content\/uploads\/2025\/04\/img6-1170x778-1.jpg 1170w\" sizes=\"(max-width: 800px) 100vw, 800px\" \/>\t\t\t\t\t\t\t\t\t\t\t\t\t\t\t<\/div>\n\t\t\t\t<\/div>\n\t\t<div class=\"elementor-element elementor-element-faf240e e-con-full e-flex e-con e-child\" data-id=\"faf240e\" data-element_type=\"container\">\n\t\t<div class=\"elementor-element elementor-element-0dcc56e e-con-full e-flex e-con e-child\" data-id=\"0dcc56e\" data-element_type=\"container\">\n\t\t<div class=\"elementor-element elementor-element-c5c1626 e-con-full e-flex e-con e-child\" data-id=\"c5c1626\" data-element_type=\"container\">\n\t\t\t\t<div class=\"elementor-element elementor-element-420a791 elementor-widget elementor-widget-heading\" data-id=\"420a791\" data-element_type=\"widget\" data-widget_type=\"heading.default\">\n\t\t\t\t\t<h3 class=\"elementor-heading-title elementor-size-default\">Opci\u00f3 A: Teatre<\/h3>\t\t\t\t<\/div>\n\t\t\t\t<div class=\"elementor-element elementor-element-e76b10c elementor-widget elementor-widget-text-editor\" data-id=\"e76b10c\" data-element_type=\"widget\" data-widget_type=\"text-editor.default\">\n\t\t\t\t\t\t\t\t\tLorem ipsum\t\t\t\t\t\t\t\t<\/div>\n\t\t\t\t<\/div>\n\t\t<div class=\"elementor-element elementor-element-71886fa e-con-full e-flex e-con e-child\" data-id=\"71886fa\" data-element_type=\"container\">\n\t\t<div class=\"elementor-element elementor-element-9bada41 e-con-full e-flex e-con e-child\" data-id=\"9bada41\" data-element_type=\"container\">\n\t\t<div class=\"elementor-element elementor-element-7253ef3 e-con-full e-flex e-con e-child\" data-id=\"7253ef3\" data-element_type=\"container\">\n\t\t\t\t<div class=\"elementor-element elementor-element-156e31f elementor-icon-list--layout-inline elementor-list-item-link-full_width elementor-widget elementor-widget-icon-list\" data-id=\"156e31f\" data-element_type=\"widget\" data-widget_type=\"icon-list.default\">\n\t\t\t\t\t\t\t<ul class=\"elementor-icon-list-items elementor-inline-items\">\n\t\t\t\t\t\t\t<li class=\"elementor-icon-list-item elementor-inline-item\">\n\t\t\t\t\t\t\t\t\t\t\t<span class=\"elementor-icon-list-icon\">\n\t\t\t\t\t\t\t<svg xmlns=\"http:\/\/www.w3.org\/2000\/svg\" width=\"14\" height=\"19\" viewbox=\"0 0 14 19\" fill=\"none\"><path d=\"M11.867 1.93764C10.6085 0.744425 8.90117 0.0388116 7.18292 0.00166241C5.3045 -0.0395981 3.44733 0.688885 2.08665 1.99854C1.45071 2.61066 0.948648 3.32464 0.594373 4.12067C0.216715 4.96919 0.0170929 5.89105 0.00105124 6.8606C-0.0529839 10.1228 1.97396 13.7468 6.57322 18.6111C6.68415 18.7284 6.83851 18.7949 7 18.7949C7.16148 18.7949 7.31584 18.7284 7.42677 18.611C11.9864 13.7887 14.0136 10.1939 13.9999 6.95527C13.9917 5.01581 13.2343 3.23382 11.867 1.93764ZM7.00003 17.3482C4.93223 15.1165 3.45941 13.182 2.50638 11.4474C1.58764 9.77519 1.15231 8.28122 1.17551 6.88002C1.20855 4.88608 2.13221 3.58512 2.90125 2.84489C4.00828 1.77935 5.50772 1.17469 7.03303 1.17469C7.07444 1.17469 7.11611 1.17516 7.15755 1.17605C9.93177 1.23603 12.8103 3.41601 12.8253 6.96023C12.8372 9.77622 11.036 12.995 7.00003 17.3482ZM7 2.91336C4.85768 2.91336 3.11479 4.65625 3.11479 6.79856C3.11479 8.94088 4.85768 10.6838 7 10.6838C9.14231 10.6838 10.8852 8.94092 10.8852 6.79856C10.8852 4.65628 9.14231 2.91336 7 2.91336ZM7 9.50913C5.5054 9.50913 4.28947 8.29319 4.28947 6.79856C4.28947 5.30397 5.5054 4.08803 7 4.08803C8.49459 4.08803 9.71053 5.30397 9.71053 6.79856C9.71053 8.29319 8.49459 9.50913 7 9.50913Z\" fill=\"black\"><\/path><\/svg>\t\t\t\t\t\t<\/span>\n\t\t\t\t\t\t\t\t\t\t<span class=\"elementor-icon-list-text\">Nau Ivanow<\/span>\n\t\t\t\t\t\t\t\t\t<\/li>\n\t\t\t\t\t\t<\/ul>\n\t\t\t\t\t\t<\/div>\n\t\t\t\t<div class=\"elementor-element elementor-element-5e0aa07 elementor-icon-list--layout-inline elementor-list-item-link-full_width elementor-widget elementor-widget-icon-list\" data-id=\"5e0aa07\" data-element_type=\"widget\" data-widget_type=\"icon-list.default\">\n\t\t\t\t\t\t\t<ul class=\"elementor-icon-list-items elementor-inline-items\">\n\t\t\t\t\t\t\t<li class=\"elementor-icon-list-item elementor-inline-item\">\n\t\t\t\t\t\t\t\t\t\t<span class=\"elementor-icon-list-text\">Barcelona<\/span>\n\t\t\t\t\t\t\t\t\t<\/li>\n\t\t\t\t\t\t<\/ul>\n\t\t\t\t\t\t<\/div>\n\t\t\t\t<\/div>\n\t\t<div class=\"elementor-element elementor-element-01a4a89 e-con-full e-flex e-con e-child\" data-id=\"01a4a89\" data-element_type=\"container\">\n\t\t\t\t<div class=\"elementor-element elementor-element-91b2af9 elementor-icon-list--layout-inline elementor-list-item-link-full_width elementor-widget elementor-widget-icon-list\" data-id=\"91b2af9\" data-element_type=\"widget\" data-widget_type=\"icon-list.default\">\n\t\t\t\t\t\t\t<ul class=\"elementor-icon-list-items elementor-inline-items\">\n\t\t\t\t\t\t\t<li class=\"elementor-icon-list-item elementor-inline-item\">\n\t\t\t\t\t\t\t\t\t\t\t<span class=\"elementor-icon-list-icon\">\n\t\t\t\t\t\t\t<svg xmlns=\"http:\/\/www.w3.org\/2000\/svg\" width=\"16\" height=\"16\" viewbox=\"0 0 16 16\" fill=\"none\"><path d=\"M8 1.1875C8.92031 1.1875 9.81219 1.3675 10.6512 1.7225C11.4622 2.06562 12.1909 2.55687 12.8172 3.18281C13.4431 3.80875 13.9347 4.5375 14.2775 5.34875C14.6325 6.18781 14.8125 7.08 14.8125 8C14.8125 8.92 14.6325 9.81219 14.2775 10.6512C13.9344 11.4622 13.4431 12.1909 12.8172 12.8172C12.1912 13.4431 11.4625 13.9347 10.6512 14.2775C9.81219 14.6325 8.92 14.8125 8 14.8125C7.08 14.8125 6.18781 14.6325 5.34875 14.2775C4.53781 13.9344 3.80906 13.4431 3.18281 12.8172C2.55687 12.1912 2.06531 11.4625 1.7225 10.6512C1.3675 9.81219 1.1875 8.92 1.1875 8C1.1875 7.08 1.3675 6.18781 1.7225 5.34875C2.06562 4.53781 2.55687 3.80906 3.18281 3.18281C3.80875 2.55687 4.5375 2.06531 5.34875 1.7225C6.18781 1.3675 7.08 1.1875 8 1.1875ZM8 0C3.58187 0 0 3.58187 0 8C0 12.4181 3.58187 16 8 16C12.4181 16 16 12.4184 16 8C16 3.58156 12.4181 0 8 0Z\" fill=\"black\"><\/path><path d=\"M9.48414 11C9.35223 11 9.22031 10.9503 9.11961 10.8507L7.15119 8.90381C7.05456 8.80824 7 8.6783 7 8.54326V4.51009C7 4.22847 7.23099 4 7.51572 4C7.80045 4 8.03144 4.22847 8.03144 4.51009V8.33171L9.84895 10.1294C10.0504 10.3286 10.0504 10.6515 9.84895 10.8507C9.74825 10.9503 9.61633 11 9.48442 11H9.48414Z\" fill=\"black\"><\/path><\/svg>\t\t\t\t\t\t<\/span>\n\t\t\t\t\t\t\t\t\t\t<span class=\"elementor-icon-list-text\">26 setembre<\/span>\n\t\t\t\t\t\t\t\t\t<\/li>\n\t\t\t\t\t\t<\/ul>\n\t\t\t\t\t\t<\/div>\n\t\t\t\t<div class=\"elementor-element elementor-element-2f33477 elementor-icon-list--layout-inline elementor-list-item-link-full_width elementor-widget elementor-widget-icon-list\" data-id=\"2f33477\" data-element_type=\"widget\" data-widget_type=\"icon-list.default\">\n\t\t\t\t\t\t\t<ul class=\"elementor-icon-list-items elementor-inline-items\">\n\t\t\t\t\t\t\t<li class=\"elementor-icon-list-item elementor-inline-item\">\n\t\t\t\t\t\t\t\t\t\t<span class=\"elementor-icon-list-text\">18:00h<\/span>\n\t\t\t\t\t\t\t\t\t<\/li>\n\t\t\t\t\t\t<\/ul>\n\t\t\t\t\t\t<\/div>\n\t\t\t\t<\/div>\n\t\t\t\t<\/div>\n\t\t\t\t<\/div>\n\t\t\t\t<\/div>\n\t\t<div class=\"elementor-element elementor-element-4b5d35e e-con-full e-flex e-con e-child\" data-id=\"4b5d35e\" data-element_type=\"container\">\n\t\t\t\t<div class=\"elementor-element elementor-element-6f65401 elementor-widget elementor-widget-text-editor\" data-id=\"6f65401\" data-element_type=\"widget\" data-widget_type=\"text-editor.default\">\n\t\t\t\t\t\t\t\t\tLorem ipsum dolor sit amet consectetur. Faucibus leo congue quis pretium in faucibus ac tempor. Aliquam euismod pretium sed tortor. Leo ornare vestibulum suspendisse eget. Convallis venenatis aliquet sed aliquet. Cursus eget aenean volutpat vehicula mattis quis. Volutpat elementum pellentesque ligula urna quam est ac quam lectu\t\t\t\t\t\t\t\t<\/div>\n\t\t\t\t<\/div>\n\t\t<div class=\"elementor-element elementor-element-4d363f9 e-con-full e-flex e-con e-child\" data-id=\"4d363f9\" data-element_type=\"container\">\n\t\t\t\t<div class=\"elementor-element elementor-element-b3a5f79 elementor-hidden-desktop elementor-hidden-tablet elementor-hidden-mobile elementor-widget-divider--view-line elementor-widget elementor-widget-divider\" data-id=\"b3a5f79\" data-element_type=\"widget\" data-widget_type=\"divider.default\">\n\t\t\t\t\t\t\t<div class=\"elementor-divider\">\n\t\t\t<span class=\"elementor-divider-separator\">\n\t\t\t\t\t\t<\/span>\n\t\t<\/div>\n\t\t\t\t\t\t<\/div>\n\t\t<div class=\"elementor-element elementor-element-0fadffe e-con-full elementor-hidden-desktop elementor-hidden-tablet elementor-hidden-mobile e-flex e-con e-child\" data-id=\"0fadffe\" data-element_type=\"container\">\n\t\t\t\t<div class=\"elementor-element elementor-element-a65b043 elementor-widget elementor-widget-heading\" data-id=\"a65b043\" data-element_type=\"widget\" data-widget_type=\"heading.default\">\n\t\t\t\t\t<div class=\"elementor-heading-title elementor-size-default\">Para chicas y chicos de 14 a 18 a\u00f1os<\/div>\t\t\t\t<\/div>\n\t\t<div class=\"elementor-element elementor-element-8a27d44 e-con-full e-flex e-con e-child\" data-id=\"8a27d44\" data-element_type=\"container\">\n\t\t\t\t<div class=\"elementor-element elementor-element-269c8e1 elementor-widget elementor-widget-heading\" data-id=\"269c8e1\" data-element_type=\"widget\" data-widget_type=\"heading.default\">\n\t\t\t\t\t<div class=\"elementor-heading-title elementor-size-default\">Actividad gratuita previa inscripci\u00f3n.<\/div>\t\t\t\t<\/div>\n\t\t\t\t<\/div>\n\t\t<div class=\"elementor-element elementor-element-1a65af6 e-con-full e-flex e-con e-child\" data-id=\"1a65af6\" data-element_type=\"container\">\n\t\t\t\t<div class=\"elementor-element elementor-element-8c90e16 elementor-widget elementor-widget-heading\" data-id=\"8c90e16\" data-element_type=\"widget\" data-widget_type=\"heading.default\">\n\t\t\t\t\t<div class=\"elementor-heading-title elementor-size-default\">Producci\u00f3: Sala F\u00e8nix + Suika<\/div>\t\t\t\t<\/div>\n\t\t\t\t<\/div>\n\t\t\t\t<\/div>\n\t\t<div class=\"elementor-element elementor-element-373a714 e-con-full e-flex e-con e-child\" data-id=\"373a714\" data-element_type=\"container\">\n\t\t\t\t<div class=\"elementor-element elementor-element-1438175 elementor-align-left elementor-mobile-align-justify elementor-widget elementor-widget-button\" data-id=\"1438175\" data-element_type=\"widget\" data-widget_type=\"button.default\">\n\t\t\t\t\t\t\t\t\t\t<a class=\"elementor-button elementor-button-link elementor-size-sm\" href=\"#\">\n\t\t\t\t\t\t<span class=\"elementor-button-content-wrapper\">\n\t\t\t\t\t\t\t\t\t<span class=\"elementor-button-text\">Inscripcions<\/span>\n\t\t\t\t\t<\/span>\n\t\t\t\t\t<\/a>\n\t\t\t\t\t\t\t\t<\/div>\n\t\t\t\t<\/div>\n\t\t\t\t<\/div>\n\t\t\t\t<\/div>\n\t\t\t\t\t<\/div>\n\t\t\t\t<\/div>\n\t\t\t\t<\/div>","protected":false},"excerpt":{"rendered":"<p>RBLS Aposta RBLS vol donar impuls a la programaci\u00f3 d\u2019arts esc\u00e8niques per a p\u00fablic jove a trav\u00e9s de trobades i activitats adre\u00e7ades a professionals de les arts esc\u00e8niques, la cultura i l\u2019educaci\u00f3. La principal \u00e9s el RBLS APOSTA. Fira de Teatre per a Joves, un punt de trobada entre companyies i responsables de programaci\u00f3 de [&hellip;]<\/p>","protected":false},"author":1,"featured_media":0,"parent":0,"menu_order":0,"comment_status":"closed","ping_status":"closed","template":"","meta":{"_acf_changed":false,"footnotes":""},"class_list":["post-1072","page","type-page","status-publish","hentry"],"acf":[],"_links":{"self":[{"href":"https:\/\/rbls.cat\/es\/wp-json\/wp\/v2\/pages\/1072","targetHints":{"allow":["GET"]}}],"collection":[{"href":"https:\/\/rbls.cat\/es\/wp-json\/wp\/v2\/pages"}],"about":[{"href":"https:\/\/rbls.cat\/es\/wp-json\/wp\/v2\/types\/page"}],"author":[{"embeddable":true,"href":"https:\/\/rbls.cat\/es\/wp-json\/wp\/v2\/users\/1"}],"replies":[{"embeddable":true,"href":"https:\/\/rbls.cat\/es\/wp-json\/wp\/v2\/comments?post=1072"}],"version-history":[{"count":121,"href":"https:\/\/rbls.cat\/es\/wp-json\/wp\/v2\/pages\/1072\/revisions"}],"predecessor-version":[{"id":4447,"href":"https:\/\/rbls.cat\/es\/wp-json\/wp\/v2\/pages\/1072\/revisions\/4447"}],"wp:attachment":[{"href":"https:\/\/rbls.cat\/es\/wp-json\/wp\/v2\/media?parent=1072"}],"curies":[{"name":"wp","href":"https:\/\/api.w.org\/{rel}","templated":true}]}}