{"id":4579,"date":"2025-06-25T14:22:33","date_gmt":"2025-06-25T12:22:33","guid":{"rendered":"https:\/\/rbls.cat\/rbls_new\/?page_id=4579"},"modified":"2025-06-27T11:55:10","modified_gmt":"2025-06-27T09:55:10","slug":"politica-de-privacitat","status":"publish","type":"page","link":"http:\/\/rbls.cat\/es\/politica-de-privacitat\/","title":{"rendered":"Pol\u00edtica de privacidad"},"content":{"rendered":"<div data-elementor-type=\"wp-page\" data-elementor-id=\"4579\" class=\"elementor elementor-4579\" data-elementor-post-type=\"page\">\n\t\t\t\t<div class=\"elementor-element elementor-element-a108791 e-flex e-con-boxed e-con e-parent\" data-id=\"a108791\" data-element_type=\"container\" data-settings=\"{&quot;background_background&quot;:&quot;classic&quot;}\">\n\t\t\t\t\t<div class=\"e-con-inner\">\n\t\t<div class=\"elementor-element elementor-element-17904fa e-con-full e-flex e-con e-child\" data-id=\"17904fa\" data-element_type=\"container\">\n\t\t\t\t<div class=\"elementor-element elementor-element-a88c5e3 elementor-widget elementor-widget-heading\" data-id=\"a88c5e3\" data-element_type=\"widget\" data-widget_type=\"heading.default\">\n\t\t\t\t\t<h1 class=\"elementor-heading-title elementor-size-default\">Pol\u00edtica de privacidad<\/h1>\t\t\t\t<\/div>\n\t\t\t\t<\/div>\n\t\t\t\t\t<\/div>\n\t\t\t\t<\/div>\n\t\t<div class=\"elementor-element elementor-element-2789dde e-flex e-con-boxed e-con e-parent\" data-id=\"2789dde\" data-element_type=\"container\">\n\t\t\t\t\t<div class=\"e-con-inner\">\n\t\t\t\t<div class=\"elementor-element elementor-element-bbeeebc elementor-icon-list--layout-traditional elementor-list-item-link-full_width elementor-widget elementor-widget-icon-list\" data-id=\"bbeeebc\" data-element_type=\"widget\" data-widget_type=\"icon-list.default\">\n\t\t\t\t\t\t\t<ul class=\"elementor-icon-list-items\">\n\t\t\t\t\t\t\t<li class=\"elementor-icon-list-item\">\n\t\t\t\t\t\t\t\t\t\t<span class=\"elementor-icon-list-text\">Titular del sitio web: ASSOCIACIO LONESTAR CULTURA<\/span>\n\t\t\t\t\t\t\t\t\t<\/li>\n\t\t\t\t\t\t\t\t<li class=\"elementor-icon-list-item\">\n\t\t\t\t\t\t\t\t\t\t<span class=\"elementor-icon-list-text\">Domicilio social: Av. de la Mare de D\u00e9u de Montserrat, 172,   08041 Barcelona<\/span>\n\t\t\t\t\t\t\t\t\t<\/li>\n\t\t\t\t\t\t\t\t<li class=\"elementor-icon-list-item\">\n\t\t\t\t\t\t\t\t\t\t<span class=\"elementor-icon-list-text\">Correo electr\u00f3nico de contacto: lonestarcultura@gmail.com<\/span>\n\t\t\t\t\t\t\t\t\t<\/li>\n\t\t\t\t\t\t<\/ul>\n\t\t\t\t\t\t<\/div>\n\t\t\t\t<div class=\"elementor-element elementor-element-7b9899c elementor-widget elementor-widget-heading\" data-id=\"7b9899c\" data-element_type=\"widget\" data-widget_type=\"heading.default\">\n\t\t\t\t\t<h4 class=\"elementor-heading-title elementor-size-default\">Finalidad del tratamiento: \n<\/h4>\t\t\t\t<\/div>\n\t\t\t\t<div class=\"elementor-element elementor-element-def35c3 elementor-widget elementor-widget-text-editor\" data-id=\"def35c3\" data-element_type=\"widget\" data-widget_type=\"text-editor.default\">\n\t\t\t\t\t\t\t\t\tLos datos que el usuario nos proporcione ser\u00e1n tratados con las siguientes finalidades:\t\t\t\t\t\t\t\t<\/div>\n\t\t\t\t<div class=\"elementor-element elementor-element-3d618f3 elementor-widget elementor-widget-text-editor\" data-id=\"3d618f3\" data-element_type=\"widget\" data-widget_type=\"text-editor.default\">\n\t\t\t\t\t\t\t\t\t<ol>\n  <li>Responder a solicitudes a trav\u00e9s del formulario de contacto: Se tratan los datos para gestionar la solicitud o consulta. Se conservar\u00e1n mientras sea necesario para cumplir la petici\u00f3n y al menos 3 a\u00f1os seg\u00fan la ley. La base legal es el consentimiento del usuario. Puede revocarlo en cualquier momento.<\/li>\n<li>Gestionar compras a trav\u00e9s del formulario de compra: Los datos se utilizan para tramitar pedidos y pagos. Se conservar\u00e1n durante la relaci\u00f3n contractual y el plazo legal por obligaciones fiscales. La base legal es la ejecuci\u00f3n de un contrato. Sin datos, no puede completarse la compra.<\/li>\n<li>Enviar boletines y newsletters: Con el consentimiento, se enviar\u00e1 informaci\u00f3n sobre productos y servicios. Se conservar\u00e1n mientras no se revoque el consentimiento y durante un m\u00ednimo de 3 a\u00f1os seg\u00fan la ley. La base legal es el consentimiento.<\/li>\n<li>Mejorar la experiencia de navegaci\u00f3n: Los datos se obtienen mediante cookies, con consentimiento. Se conservar\u00e1n mientras no se eliminen las cookies y durante un m\u00ednimo de 3 a\u00f1os La base legal es el consentimiento.<\/li>\n<li>Gesti\u00f3n de redes sociales y env\u00edo de informaci\u00f3n sobre actividades: Se conservar\u00e1n los datos mientras no se revoque el consentimiento y un m\u00ednimo de 3 a\u00f1os seg\u00fan la ley. La base legal es el consentimiento.<\/li>\n<li>Gesti\u00f3n de la inscripci\u00f3n a eventos o actividades: Los datos se utilizan para organizar y gestionar la asistencia a actividades. Se conservar\u00e1n durante el evento y al menos 3 a\u00f1os seg\u00fan la ley. La base legal es el consentimiento mediante el formulario de inscripci\u00f3n.<\/li>\n<\/ol>\t\t\t\t\t\t\t\t<\/div>\n\t\t\t\t<div class=\"elementor-element elementor-element-3e4537b elementor-widget elementor-widget-heading\" data-id=\"3e4537b\" data-element_type=\"widget\" data-widget_type=\"heading.default\">\n\t\t\t\t\t<h4 class=\"elementor-heading-title elementor-size-default\">Legitimaci\u00f3n<\/h4>\t\t\t\t<\/div>\n\t\t\t\t<div class=\"elementor-element elementor-element-a569d74 elementor-widget elementor-widget-text-editor\" data-id=\"a569d74\" data-element_type=\"widget\" data-widget_type=\"text-editor.default\">\n\t\t\t\t\t\t\t\t\tLa base legal principal es el consentimiento del usuario, excepto en compras, donde est\u00e1 la ejecuci\u00f3n de un contrato. Los datos se conservan como m\u00ednimo durante 3 a\u00f1os, pudiendo el usuario revocar el consentimiento en cualquier momento.\t\t\t\t\t\t\t\t<\/div>\n\t\t\t\t<div class=\"elementor-element elementor-element-d9f73e8 elementor-widget elementor-widget-heading\" data-id=\"d9f73e8\" data-element_type=\"widget\" data-widget_type=\"heading.default\">\n\t\t\t\t\t<h4 class=\"elementor-heading-title elementor-size-default\">Derechos<\/h4>\t\t\t\t<\/div>\n\t\t\t\t<div class=\"elementor-element elementor-element-8014e1f elementor-widget elementor-widget-text-editor\" data-id=\"8014e1f\" data-element_type=\"widget\" data-widget_type=\"text-editor.default\">\n\t\t\t\t\t\t\t\t\tPuedes ejercitar tus derechos de acceso, rectificaci\u00f3n, supresi\u00f3n, oposici\u00f3n, limitaci\u00f3n del tratamiento y portabilidad escribiendo al correo electr\u00f3nico: lonestarcultura@gmail.com\t\t\t\t\t\t\t\t<\/div>\n\t\t\t\t\t<\/div>\n\t\t\t\t<\/div>\n\t\t\t\t<\/div>","protected":false},"excerpt":{"rendered":"<p>Titular del lloc web: ASSOCIACIO LONESTAR CULTURA Domicili social: Av. de la Mare de D\u00e9u de Montserrat, 172, 08041 Barcelona Correu electr\u00f2nic de contacte: lonestarcultura@gmail.com Finalitat del tractament: Les dades que l&#8217;usuari ens proporcioni seran tractades amb les finalitats seg\u00fcents: Respondre sol\u00b7licituds a trav\u00e9s del formulari de contacte: Es tracten les dades per gestionar la [&hellip;]<\/p>","protected":false},"author":1,"featured_media":0,"parent":0,"menu_order":0,"comment_status":"closed","ping_status":"closed","template":"","meta":{"_acf_changed":false,"footnotes":""},"class_list":["post-4579","page","type-page","status-publish","hentry"],"acf":[],"_links":{"self":[{"href":"http:\/\/rbls.cat\/es\/wp-json\/wp\/v2\/pages\/4579","targetHints":{"allow":["GET"]}}],"collection":[{"href":"http:\/\/rbls.cat\/es\/wp-json\/wp\/v2\/pages"}],"about":[{"href":"http:\/\/rbls.cat\/es\/wp-json\/wp\/v2\/types\/page"}],"author":[{"embeddable":true,"href":"http:\/\/rbls.cat\/es\/wp-json\/wp\/v2\/users\/1"}],"replies":[{"embeddable":true,"href":"http:\/\/rbls.cat\/es\/wp-json\/wp\/v2\/comments?post=4579"}],"version-history":[{"count":7,"href":"http:\/\/rbls.cat\/es\/wp-json\/wp\/v2\/pages\/4579\/revisions"}],"predecessor-version":[{"id":4802,"href":"http:\/\/rbls.cat\/es\/wp-json\/wp\/v2\/pages\/4579\/revisions\/4802"}],"wp:attachment":[{"href":"http:\/\/rbls.cat\/es\/wp-json\/wp\/v2\/media?parent=4579"}],"curies":[{"name":"wp","href":"https:\/\/api.w.org\/{rel}","templated":true}]}}