{"id":4562,"date":"2025-06-25T14:13:31","date_gmt":"2025-06-25T12:13:31","guid":{"rendered":"https:\/\/rbls.cat\/rbls_new\/?page_id=4562"},"modified":"2025-06-27T11:58:52","modified_gmt":"2025-06-27T09:58:52","slug":"avis-legal","status":"publish","type":"page","link":"http:\/\/rbls.cat\/es\/avis-legal\/","title":{"rendered":"Aviso legal"},"content":{"rendered":"<div data-elementor-type=\"wp-page\" data-elementor-id=\"4562\" class=\"elementor elementor-4562\" data-elementor-post-type=\"page\">\n\t\t\t\t<div class=\"elementor-element elementor-element-1c1f68b e-flex e-con-boxed e-con e-parent\" data-id=\"1c1f68b\" data-element_type=\"container\" data-settings=\"{&quot;background_background&quot;:&quot;classic&quot;}\">\n\t\t\t\t\t<div class=\"e-con-inner\">\n\t\t<div class=\"elementor-element elementor-element-f5fd57a e-con-full e-flex e-con e-child\" data-id=\"f5fd57a\" data-element_type=\"container\">\n\t\t\t\t<div class=\"elementor-element elementor-element-dd13386 elementor-widget elementor-widget-heading\" data-id=\"dd13386\" data-element_type=\"widget\" data-widget_type=\"heading.default\">\n\t\t\t\t\t<h1 class=\"elementor-heading-title elementor-size-default\">Aviso legal<\/h1>\t\t\t\t<\/div>\n\t\t\t\t<\/div>\n\t\t\t\t\t<\/div>\n\t\t\t\t<\/div>\n\t\t<div class=\"elementor-element elementor-element-354224e e-flex e-con-boxed e-con e-parent\" data-id=\"354224e\" data-element_type=\"container\">\n\t\t\t\t\t<div class=\"e-con-inner\">\n\t\t\t\t<div class=\"elementor-element elementor-element-3f95a71 elementor-widget elementor-widget-text-editor\" data-id=\"3f95a71\" data-element_type=\"widget\" data-widget_type=\"text-editor.default\">\n\t\t\t\t\t\t\t\t\tEste aviso legal regula el uso de la web https:\/\/www.rbls.cat\/, propiedad de la ASOCIACION LONESTAR CULTURA. La navegaci\u00f3n por la web implica la plena aceptaci\u00f3n de las condiciones de uso, que pueden ser modificadas sin previo aviso. El usuario se obliga a realizar un uso correcto de la web seg\u00fan la ley y este aviso legal, respondiendo por los da\u00f1os que pueda causar por un uso inadecuado.\t\t\t\t\t\t\t\t<\/div>\n\t\t\t\t<div class=\"elementor-element elementor-element-2a3c31a elementor-widget elementor-widget-text-editor\" data-id=\"2a3c31a\" data-element_type=\"widget\" data-widget_type=\"text-editor.default\">\n\t\t\t\t\t\t\t\t\tLa Asociaci\u00f3n Lonestar Cultura puede prohibir el acceso a quien incumpla estas condiciones.\t\t\t\t\t\t\t\t<\/div>\n\t\t\t\t<div class=\"elementor-element elementor-element-cdf2b93 elementor-widget elementor-widget-heading\" data-id=\"cdf2b93\" data-element_type=\"widget\" data-widget_type=\"heading.default\">\n\t\t\t\t\t<h4 class=\"elementor-heading-title elementor-size-default\">IDENTIFICACI\u00d3N Y COMUNICACI\u00d3N<\/h4>\t\t\t\t<\/div>\n\t\t\t\t<div class=\"elementor-element elementor-element-a49b335 elementor-icon-list--layout-traditional elementor-list-item-link-full_width elementor-widget elementor-widget-icon-list\" data-id=\"a49b335\" data-element_type=\"widget\" data-widget_type=\"icon-list.default\">\n\t\t\t\t\t\t\t<ul class=\"elementor-icon-list-items\">\n\t\t\t\t\t\t\t<li class=\"elementor-icon-list-item\">\n\t\t\t\t\t\t\t\t\t\t<span class=\"elementor-icon-list-text\">Titular del sitio web: ASSOCIACIO LONESTAR CULTURA<\/span>\n\t\t\t\t\t\t\t\t\t<\/li>\n\t\t\t\t\t\t\t\t<li class=\"elementor-icon-list-item\">\n\t\t\t\t\t\t\t\t\t\t<span class=\"elementor-icon-list-text\">Domicilio social: Av. de la Mare de D\u00e9u de Montserrat, 172,   08041 Barcelona<\/span>\n\t\t\t\t\t\t\t\t\t<\/li>\n\t\t\t\t\t\t\t\t<li class=\"elementor-icon-list-item\">\n\t\t\t\t\t\t\t\t\t\t<span class=\"elementor-icon-list-text\">NIF: G66969049<\/span>\n\t\t\t\t\t\t\t\t\t<\/li>\n\t\t\t\t\t\t\t\t<li class=\"elementor-icon-list-item\">\n\t\t\t\t\t\t\t\t\t\t<span class=\"elementor-icon-list-text\">Correo electr\u00f3nico de contacto: lonestarcultura@gmail.com<\/span>\n\t\t\t\t\t\t\t\t\t<\/li>\n\t\t\t\t\t\t\t\t<li class=\"elementor-icon-list-item\">\n\t\t\t\t\t\t\t\t\t\t<span class=\"elementor-icon-list-text\">Tel\u00e9fono de contacto: 646697193<\/span>\n\t\t\t\t\t\t\t\t\t<\/li>\n\t\t\t\t\t\t\t\t<li class=\"elementor-icon-list-item\">\n\t\t\t\t\t\t\t\t\t\t<span class=\"elementor-icon-list-text\">Este sitio web, https:\/\/www.rbls.cat\/, es propiedad de la ASOCIACI\u00d3N LONESTAR CULTURA. El acceso y uso del sitio web atribuyen la condici\u00f3n de usuario y suponen la plena aceptaci\u00f3n de las condiciones establecidas en este aviso legal.<\/span>\n\t\t\t\t\t\t\t\t\t<\/li>\n\t\t\t\t\t\t<\/ul>\n\t\t\t\t\t\t<\/div>\n\t\t\t\t<div class=\"elementor-element elementor-element-39f4bea elementor-widget elementor-widget-heading\" data-id=\"39f4bea\" data-element_type=\"widget\" data-widget_type=\"heading.default\">\n\t\t\t\t\t<h4 class=\"elementor-heading-title elementor-size-default\">PROPIEDAD INTELECTUAL E INDUSTRIAL\n<\/h4>\t\t\t\t<\/div>\n\t\t\t\t<div class=\"elementor-element elementor-element-3c1eb7e elementor-widget elementor-widget-text-editor\" data-id=\"3c1eb7e\" data-element_type=\"widget\" data-widget_type=\"text-editor.default\">\n\t\t\t\t\t\t\t\t\tTodos los contenidos del sitio web (textos, im\u00e1genes, logos, marcas, etc.) est\u00e1n protegidos por derechos de propiedad intelectual y\/o industrial. Queda prohibida su reproducci\u00f3n, distribuci\u00f3n o transformaci\u00f3n sin autorizaci\u00f3n expresa del titular.\t\t\t\t\t\t\t\t<\/div>\n\t\t\t\t\t<\/div>\n\t\t\t\t<\/div>\n\t\t\t\t<\/div>","protected":false},"excerpt":{"rendered":"<p>Aquest av\u00eds legal regula l\u2019\u00fas del web https:\/\/www.rbls.cat\/, propietat de l&#8217; ASSOCIACIO LONESTAR CULTURA. La navegaci\u00f3 per la web implica l\u2019acceptaci\u00f3 plena de les condicions d\u2019\u00fas, que poden ser modificades sense av\u00eds previ. L\u2019usuari s\u2019obliga a fer un \u00fas correcte del web segons la llei i aquest av\u00eds legal, responent pels danys que pugui causar [&hellip;]<\/p>","protected":false},"author":1,"featured_media":0,"parent":0,"menu_order":0,"comment_status":"closed","ping_status":"closed","template":"","meta":{"_acf_changed":false,"footnotes":""},"class_list":["post-4562","page","type-page","status-publish","hentry"],"acf":[],"_links":{"self":[{"href":"http:\/\/rbls.cat\/es\/wp-json\/wp\/v2\/pages\/4562","targetHints":{"allow":["GET"]}}],"collection":[{"href":"http:\/\/rbls.cat\/es\/wp-json\/wp\/v2\/pages"}],"about":[{"href":"http:\/\/rbls.cat\/es\/wp-json\/wp\/v2\/types\/page"}],"author":[{"embeddable":true,"href":"http:\/\/rbls.cat\/es\/wp-json\/wp\/v2\/users\/1"}],"replies":[{"embeddable":true,"href":"http:\/\/rbls.cat\/es\/wp-json\/wp\/v2\/comments?post=4562"}],"version-history":[{"count":28,"href":"http:\/\/rbls.cat\/es\/wp-json\/wp\/v2\/pages\/4562\/revisions"}],"predecessor-version":[{"id":4808,"href":"http:\/\/rbls.cat\/es\/wp-json\/wp\/v2\/pages\/4562\/revisions\/4808"}],"wp:attachment":[{"href":"http:\/\/rbls.cat\/es\/wp-json\/wp\/v2\/media?parent=4562"}],"curies":[{"name":"wp","href":"https:\/\/api.w.org\/{rel}","templated":true}]}}