{"id":4037,"date":"2025-06-17T16:57:11","date_gmt":"2025-06-17T14:57:11","guid":{"rendered":"https:\/\/rbls.cat\/rbls_new\/?page_id=4037"},"modified":"2025-06-27T12:22:46","modified_gmt":"2025-06-27T10:22:46","slug":"ja-tenim-la-imatge-del-rbls-2025","status":"publish","type":"page","link":"http:\/\/rbls.cat\/es\/ja-tenim-la-imatge-del-rbls-2025\/","title":{"rendered":"Noticia"},"content":{"rendered":"<div data-elementor-type=\"wp-page\" data-elementor-id=\"4037\" class=\"elementor elementor-4037\" data-elementor-post-type=\"page\">\n\t\t\t\t<div class=\"elementor-element elementor-element-b90c323 e-flex e-con-boxed e-con e-parent\" data-id=\"b90c323\" data-element_type=\"container\" data-settings=\"{&quot;background_background&quot;:&quot;classic&quot;}\">\n\t\t\t\t\t<div class=\"e-con-inner\">\n\t\t<div class=\"elementor-element elementor-element-9e0afda e-con-full e-flex e-con e-child\" data-id=\"9e0afda\" data-element_type=\"container\">\n\t\t\t\t<div class=\"elementor-element elementor-element-f1e125a elementor-widget elementor-widget-heading\" data-id=\"f1e125a\" data-element_type=\"widget\" data-widget_type=\"heading.default\">\n\t\t\t\t\t<h1 class=\"elementor-heading-title elementor-size-default\">\u00a1Ya tenemos la imagen del RBLS 2025!<\/h1>\t\t\t\t<\/div>\n\t\t\t\t<\/div>\n\t\t\t\t\t<\/div>\n\t\t\t\t<\/div>\n\t\t<div class=\"elementor-element elementor-element-b03821b e-flex e-con-boxed e-con e-parent\" data-id=\"b03821b\" data-element_type=\"container\">\n\t\t\t\t\t<div class=\"e-con-inner\">\n\t\t<div class=\"elementor-element elementor-element-9aeb63b e-con-full e-flex e-con e-child\" data-id=\"9aeb63b\" data-element_type=\"container\">\n\t\t\t\t<div class=\"elementor-element elementor-element-41e7c4e elementor-widget elementor-widget-text-editor\" data-id=\"41e7c4e\" data-element_type=\"widget\" data-widget_type=\"text-editor.default\">\n\t\t\t\t\t\t\t\t\t<p>Soy Julia Sanju\u00e1n (<a href=\"https:\/\/www.instagram.com\/coachuls\/\" target=\"_blank\" rel=\"noopener\">@coachuls<\/a>), arquitecta de formaci\u00f3n y vinculada desde siempre al mundo de las artes pl\u00e1sticas y la creaci\u00f3n visual, en un recorrido a medio camino entre la formaci\u00f3n acad\u00e9mica y el aprendizaje autodidacta.<br \/><br \/>Para el cartel del festival he querido transmitir la energ\u00eda inquieta y diversa de la juventud que crea, que impulsa y comparte el arte. J\u00f3venes que se lanzan a hacer, a probar, a decir. La composici\u00f3n crece como un campo de escenas que florecen con cierto desorden, pero mantienen un equilibrio en su conjunto.<br \/><br \/><span style=\"font-family: -apple-system, BlinkMacSystemFont, 'Segoe UI', Roboto, 'Helvetica Neue', Arial, 'Noto Sans', sans-serif, 'Apple Color Emoji', 'Segoe UI Emoji', 'Segoe UI Symbol', 'Noto Color Emoji';\">Anteriormente he trabajado en varios proyectos de comunicaci\u00f3n visual -ilustrando carteles, cuentos infantiles o haciendo encargos personales- y colaboro, siempre que puedo, con iniciativas art\u00edsticas peque\u00f1as y locales tanto teatrales como estrictamente literarias, divulgativas u otras.<\/span><\/p>\t\t\t\t\t\t\t\t<\/div>\n\t\t\t\t<\/div>\n\t\t<div class=\"elementor-element elementor-element-e345239 e-con-full e-flex e-con e-child\" data-id=\"e345239\" data-element_type=\"container\">\n\t\t\t\t<div class=\"elementor-element elementor-element-27d2d3d elementor-widget elementor-widget-image\" data-id=\"27d2d3d\" data-element_type=\"widget\" data-widget_type=\"image.default\">\n\t\t\t\t\t\t\t\t\t\t\t\t\t\t\t<img fetchpriority=\"high\" decoding=\"async\" width=\"800\" height=\"994\" src=\"https:\/\/rbls.cat\/wp-content\/uploads\/2025\/06\/CartellRBLS_01_Vermell_02_def.jpg\" class=\"attachment-full size-full wp-image-4821\" alt=\"\" srcset=\"https:\/\/rbls.cat\/wp-content\/uploads\/2025\/06\/CartellRBLS_01_Vermell_02_def.jpg 800w, https:\/\/rbls.cat\/wp-content\/uploads\/2025\/06\/CartellRBLS_01_Vermell_02_def-241x300.jpg 241w, https:\/\/rbls.cat\/wp-content\/uploads\/2025\/06\/CartellRBLS_01_Vermell_02_def-768x954.jpg 768w\" sizes=\"(max-width: 800px) 100vw, 800px\" \/>\t\t\t\t\t\t\t\t\t\t\t\t\t\t\t<\/div>\n\t\t\t\t<\/div>\n\t\t\t\t\t<\/div>\n\t\t\t\t<\/div>\n\t\t\t\t<\/div>","protected":false},"excerpt":{"rendered":"<p>Ja tenim la imatge del Rbls 2025 S\u00f3c la J\u00falia Sanju\u00e1n (@coachuls), arquitecta de formaci\u00f3 i vinculada des de sempre al m\u00f3n de les arts pl\u00e0stiques i la creaci\u00f3 visual, en un recorregut a mig cam\u00ed entre la formaci\u00f3 acad\u00e8mica i l\u2019aprenentatge autodidacte. Per al cartell del festival he volgut transmetre l\u2019energia inquieta i diversa [&hellip;]<\/p>","protected":false},"author":1,"featured_media":0,"parent":0,"menu_order":0,"comment_status":"closed","ping_status":"closed","template":"","meta":{"_acf_changed":false,"footnotes":""},"class_list":["post-4037","page","type-page","status-publish","hentry"],"acf":[],"_links":{"self":[{"href":"http:\/\/rbls.cat\/es\/wp-json\/wp\/v2\/pages\/4037","targetHints":{"allow":["GET"]}}],"collection":[{"href":"http:\/\/rbls.cat\/es\/wp-json\/wp\/v2\/pages"}],"about":[{"href":"http:\/\/rbls.cat\/es\/wp-json\/wp\/v2\/types\/page"}],"author":[{"embeddable":true,"href":"http:\/\/rbls.cat\/es\/wp-json\/wp\/v2\/users\/1"}],"replies":[{"embeddable":true,"href":"http:\/\/rbls.cat\/es\/wp-json\/wp\/v2\/comments?post=4037"}],"version-history":[{"count":56,"href":"http:\/\/rbls.cat\/es\/wp-json\/wp\/v2\/pages\/4037\/revisions"}],"predecessor-version":[{"id":4824,"href":"http:\/\/rbls.cat\/es\/wp-json\/wp\/v2\/pages\/4037\/revisions\/4824"}],"wp:attachment":[{"href":"http:\/\/rbls.cat\/es\/wp-json\/wp\/v2\/media?parent=4037"}],"curies":[{"name":"wp","href":"https:\/\/api.w.org\/{rel}","templated":true}]}}