{"id":1076,"date":"2025-04-11T16:30:12","date_gmt":"2025-04-11T14:30:12","guid":{"rendered":"https:\/\/rbls.cat\/rbls_new\/?page_id=1076"},"modified":"2025-09-10T17:45:46","modified_gmt":"2025-09-10T15:45:46","slug":"rbls-teen-project-vella","status":"publish","type":"page","link":"http:\/\/rbls.cat\/es\/rbls-teen-project-vella\/","title":{"rendered":"Rbls Teen Project"},"content":{"rendered":"<div data-elementor-type=\"wp-page\" data-elementor-id=\"1076\" class=\"elementor elementor-1076\" data-elementor-post-type=\"page\">\n\t\t\t\t<div class=\"elementor-element elementor-element-825aeb8 e-flex e-con-boxed e-con e-parent\" data-id=\"825aeb8\" data-element_type=\"container\" data-settings=\"{&quot;background_background&quot;:&quot;classic&quot;}\">\n\t\t\t\t\t<div class=\"e-con-inner\">\n\t\t<div class=\"elementor-element elementor-element-882d275 e-con-full elementor-hidden-desktop elementor-hidden-tablet elementor-hidden-mobile e-flex e-con e-child\" data-id=\"882d275\" data-element_type=\"container\">\n\t\t\t\t<div class=\"elementor-element elementor-element-1dfe5c2 elementor-widget elementor-widget-image\" data-id=\"1dfe5c2\" data-element_type=\"widget\" data-widget_type=\"image.default\">\n\t\t\t\t\t\t\t\t\t\t\t\t\t\t\t<img decoding=\"async\" width=\"20\" height=\"34\" src=\"https:\/\/rbls.cat\/wp-content\/uploads\/2025\/05\/back.svg\" class=\"attachment-large size-large wp-image-1668\" alt=\"\" \/>\t\t\t\t\t\t\t\t\t\t\t\t\t\t\t<\/div>\n\t\t\t\t<div class=\"elementor-element elementor-element-054efb2 link2 elementor-widget elementor-widget-button\" data-id=\"054efb2\" data-element_type=\"widget\" data-widget_type=\"button.default\">\n\t\t\t\t\t\t\t\t\t\t<a class=\"elementor-button elementor-button-link elementor-size-sm\" href=\"#\">\n\t\t\t\t\t\t<span class=\"elementor-button-content-wrapper\">\n\t\t\t\t\t\t\t\t\t<span class=\"elementor-button-text\">Programaci\u00f3n<\/span>\n\t\t\t\t\t<\/span>\n\t\t\t\t\t<\/a>\n\t\t\t\t\t\t\t\t<\/div>\n\t\t\t\t<\/div>\n\t\t<div class=\"elementor-element elementor-element-4b94bea e-con-full e-flex e-con e-child\" data-id=\"4b94bea\" data-element_type=\"container\">\n\t\t\t\t<div class=\"elementor-element elementor-element-69b6944 elementor-widget elementor-widget-heading\" data-id=\"69b6944\" data-element_type=\"widget\" data-widget_type=\"heading.default\">\n\t\t\t\t\t<h1 class=\"elementor-heading-title elementor-size-default\">Rbls Teen Project<\/h1>\t\t\t\t<\/div>\n\t\t\t\t<\/div>\n\t\t\t\t\t<\/div>\n\t\t\t\t<\/div>\n\t\t<div class=\"elementor-element elementor-element-8da8635 e-flex e-con-boxed e-con e-parent\" data-id=\"8da8635\" data-element_type=\"container\" data-settings=\"{&quot;background_background&quot;:&quot;classic&quot;}\">\n\t\t\t\t\t<div class=\"e-con-inner\">\n\t\t\t\t\t<\/div>\n\t\t\t\t<\/div>\n\t\t<div class=\"elementor-element elementor-element-370b5d3 e-flex e-con-boxed e-con e-parent\" data-id=\"370b5d3\" data-element_type=\"container\">\n\t\t\t\t\t<div class=\"e-con-inner\">\n\t\t<div class=\"elementor-element elementor-element-3758ce4 e-con-full e-flex e-con e-child\" data-id=\"3758ce4\" data-element_type=\"container\">\n\t\t<div class=\"elementor-element elementor-element-535a2ea e-con-full e-flex e-con e-child\" data-id=\"535a2ea\" data-element_type=\"container\">\n\t\t\t\t<div class=\"elementor-element elementor-element-f68a232 elementor-widget elementor-widget-heading\" data-id=\"f68a232\" data-element_type=\"widget\" data-widget_type=\"heading.default\">\n\t\t\t\t\t<h2 class=\"elementor-heading-title elementor-size-default\">Sinopsis<\/h2>\t\t\t\t<\/div>\n\t\t\t\t<div class=\"elementor-element elementor-element-fb0c42b elementor-widget elementor-widget-text-editor\" data-id=\"fb0c42b\" data-element_type=\"widget\" data-widget_type=\"text-editor.default\">\n\t\t\t\t\t\t\t\t\t<p>La Sala F\u00e8nix y RBLS presentan una nueva edici\u00f3n de su proyecto de creaci\u00f3n esc\u00e9nica comunitaria, que este a\u00f1o cuenta con el protagonismo de chicas y chicos del<strong>\u2019INS Barri Bes\u00f2s<\/strong>. Los acompa\u00f1a en el proceso de creaci\u00f3n<strong> Marta D\u00edez<\/strong>, actriz, creadora y docente, integrante de Jos\u00e9 y sus hermanas, una de las compa\u00f1\u00edas m\u00e1s potentes del panorama catal\u00e1n. Ah, y tambi\u00e9n Lito Malla, Pau Bou y otros alumnos del centro. \u00a1No te lo pierdas!<\/p>\t\t\t\t\t\t\t\t<\/div>\n\t\t<div class=\"elementor-element elementor-element-7e1e392 e-grid e-con-full e-con e-child\" data-id=\"7e1e392\" data-element_type=\"container\">\n\t\t\t\t<div class=\"elementor-element elementor-element-81df2bd elementor-widget elementor-widget-image\" data-id=\"81df2bd\" data-element_type=\"widget\" data-widget_type=\"image.default\">\n\t\t\t\t\t\t\t\t\t\t\t\t\t\t\t\t<a href=\"https:\/\/cultura.gencat.cat\/ca\/inici\" target=\"_blank\">\n\t\t\t\t\t\t\t<img fetchpriority=\"high\" decoding=\"async\" width=\"1024\" height=\"477\" src=\"https:\/\/rbls.cat\/wp-content\/uploads\/2025\/06\/lonestar_cultura-1024x477-1.jpg\" class=\"attachment-full size-full wp-image-3754\" alt=\"\" srcset=\"https:\/\/rbls.cat\/wp-content\/uploads\/2025\/06\/lonestar_cultura-1024x477-1.jpg 1024w, https:\/\/rbls.cat\/wp-content\/uploads\/2025\/06\/lonestar_cultura-1024x477-1-300x140.jpg 300w, https:\/\/rbls.cat\/wp-content\/uploads\/2025\/06\/lonestar_cultura-1024x477-1-768x358.jpg 768w\" sizes=\"(max-width: 1024px) 100vw, 1024px\" \/>\t\t\t\t\t\t\t\t<\/a>\n\t\t\t\t\t\t\t\t\t\t\t\t\t\t\t<\/div>\n\t\t\t\t<div class=\"elementor-element elementor-element-6d0231f elementor-widget elementor-widget-image\" data-id=\"6d0231f\" data-element_type=\"widget\" data-widget_type=\"image.default\">\n\t\t\t\t\t\t\t\t\t\t\t\t\t\t\t\t<a href=\"https:\/\/www.barcelona.cat\/ca\" target=\"_blank\">\n\t\t\t\t\t\t\t<img decoding=\"async\" width=\"400\" height=\"240\" src=\"https:\/\/rbls.cat\/wp-content\/uploads\/2025\/09\/logo-rbls.png\" class=\"attachment-full size-full wp-image-5666\" alt=\"\" srcset=\"https:\/\/rbls.cat\/wp-content\/uploads\/2025\/09\/logo-rbls.png 400w, https:\/\/rbls.cat\/wp-content\/uploads\/2025\/09\/logo-rbls-300x180.png 300w, https:\/\/rbls.cat\/wp-content\/uploads\/2025\/09\/logo-rbls-18x12.png 18w\" sizes=\"(max-width: 400px) 100vw, 400px\" \/>\t\t\t\t\t\t\t\t<\/a>\n\t\t\t\t\t\t\t\t\t\t\t\t\t\t\t<\/div>\n\t\t\t\t<div class=\"elementor-element elementor-element-19b2241 elementor-widget elementor-widget-image\" data-id=\"19b2241\" data-element_type=\"widget\" data-widget_type=\"image.default\">\n\t\t\t\t\t\t\t\t\t\t\t\t\t\t\t\t<a href=\"https:\/\/www.diba.cat\/ca\/\" target=\"_blank\">\n\t\t\t\t\t\t\t<img loading=\"lazy\" decoding=\"async\" width=\"400\" height=\"240\" src=\"https:\/\/rbls.cat\/wp-content\/uploads\/2025\/09\/sala-fenix-1.png\" class=\"attachment-full size-full wp-image-5671\" alt=\"\" srcset=\"https:\/\/rbls.cat\/wp-content\/uploads\/2025\/09\/sala-fenix-1.png 400w, https:\/\/rbls.cat\/wp-content\/uploads\/2025\/09\/sala-fenix-1-300x180.png 300w, https:\/\/rbls.cat\/wp-content\/uploads\/2025\/09\/sala-fenix-1-18x12.png 18w\" sizes=\"(max-width: 400px) 100vw, 400px\" \/>\t\t\t\t\t\t\t\t<\/a>\n\t\t\t\t\t\t\t\t\t\t\t\t\t\t\t<\/div>\n\t\t\t\t<div class=\"elementor-element elementor-element-b9077c9 elementor-widget elementor-widget-image\" data-id=\"b9077c9\" data-element_type=\"widget\" data-widget_type=\"image.default\">\n\t\t\t\t\t\t\t\t\t\t\t\t\t\t\t<img loading=\"lazy\" decoding=\"async\" width=\"400\" height=\"240\" src=\"https:\/\/rbls.cat\/wp-content\/uploads\/2025\/09\/teen-friday.png\" class=\"attachment-large size-large wp-image-5672\" alt=\"\" srcset=\"https:\/\/rbls.cat\/wp-content\/uploads\/2025\/09\/teen-friday.png 400w, https:\/\/rbls.cat\/wp-content\/uploads\/2025\/09\/teen-friday-300x180.png 300w, https:\/\/rbls.cat\/wp-content\/uploads\/2025\/09\/teen-friday-18x12.png 18w\" sizes=\"(max-width: 400px) 100vw, 400px\" \/>\t\t\t\t\t\t\t\t\t\t\t\t\t\t\t<\/div>\n\t\t\t\t<\/div>\n\t\t\t\t<\/div>\n\t\t<div class=\"elementor-element elementor-element-278eda5 e-con-full elementor-hidden-desktop elementor-hidden-tablet elementor-hidden-mobile e-flex e-con e-child\" data-id=\"278eda5\" data-element_type=\"container\">\n\t\t\t\t<div class=\"elementor-element elementor-element-6250257 elementor-widget elementor-widget-heading\" data-id=\"6250257\" data-element_type=\"widget\" data-widget_type=\"heading.default\">\n\t\t\t\t\t<h2 class=\"elementor-heading-title elementor-size-default\">Ficha t\u00e9cnica<\/h2>\t\t\t\t<\/div>\n\t\t<div class=\"elementor-element elementor-element-420ac00 e-con-full e-grid e-con e-child\" data-id=\"420ac00\" data-element_type=\"container\">\n\t\t\t\t<div class=\"elementor-element elementor-element-7f52f0b elementor-widget elementor-widget-icon-box\" data-id=\"7f52f0b\" data-element_type=\"widget\" data-widget_type=\"icon-box.default\">\n\t\t\t\t\t\t\t<div class=\"elementor-icon-box-wrapper\">\n\n\t\t\t\n\t\t\t\t\t\t<div class=\"elementor-icon-box-content\">\n\n\t\t\t\t\t\t\t\t\t<h3 class=\"elementor-icon-box-title\">\n\t\t\t\t\t\t<span  >\n\t\t\t\t\t\t\tAutor\u00eda, dramaturgia y direcci\u00f3n\t\t\t\t\t\t<\/span>\n\t\t\t\t\t<\/h3>\n\t\t\t\t\n\t\t\t\t\t\t\t\t\t<p class=\"elementor-icon-box-description\">\n\t\t\t\t\t\tLaura Vila Kremer, Raquel Loscos i V\u00edctor Ram\u00edrez Tur\t\t\t\t\t<\/p>\n\t\t\t\t\n\t\t\t<\/div>\n\t\t\t\n\t\t<\/div>\n\t\t\t\t\t\t<\/div>\n\t\t\t\t<div class=\"elementor-element elementor-element-68f4a8a elementor-widget elementor-widget-icon-box\" data-id=\"68f4a8a\" data-element_type=\"widget\" data-widget_type=\"icon-box.default\">\n\t\t\t\t\t\t\t<div class=\"elementor-icon-box-wrapper\">\n\n\t\t\t\n\t\t\t\t\t\t<div class=\"elementor-icon-box-content\">\n\n\t\t\t\t\t\t\t\t\t<h3 class=\"elementor-icon-box-title\">\n\t\t\t\t\t\t<span  >\n\t\t\t\t\t\t\tInt\u00e9rprete\t\t\t\t\t\t<\/span>\n\t\t\t\t\t<\/h3>\n\t\t\t\t\n\t\t\t\t\t\t\t\t\t<p class=\"elementor-icon-box-description\">\n\t\t\t\t\t\tLaura Vila Kremer\t\t\t\t\t<\/p>\n\t\t\t\t\n\t\t\t<\/div>\n\t\t\t\n\t\t<\/div>\n\t\t\t\t\t\t<\/div>\n\t\t\t\t<div class=\"elementor-element elementor-element-54e6f28 elementor-widget elementor-widget-icon-box\" data-id=\"54e6f28\" data-element_type=\"widget\" data-widget_type=\"icon-box.default\">\n\t\t\t\t\t\t\t<div class=\"elementor-icon-box-wrapper\">\n\n\t\t\t\n\t\t\t\t\t\t<div class=\"elementor-icon-box-content\">\n\n\t\t\t\t\t\t\t\t\t<h3 class=\"elementor-icon-box-title\">\n\t\t\t\t\t\t<span  >\n\t\t\t\t\t\t\tProducci\u00f3n\t\t\t\t\t\t<\/span>\n\t\t\t\t\t<\/h3>\n\t\t\t\t\n\t\t\t\t\t\t\t\t\t<p class=\"elementor-icon-box-description\">\n\t\t\t\t\t\tH\u00e8ctor Boada, Patr\u00edcia Moral\t\t\t\t\t<\/p>\n\t\t\t\t\n\t\t\t<\/div>\n\t\t\t\n\t\t<\/div>\n\t\t\t\t\t\t<\/div>\n\t\t\t\t<div class=\"elementor-element elementor-element-cd19f1e elementor-widget elementor-widget-icon-box\" data-id=\"cd19f1e\" data-element_type=\"widget\" data-widget_type=\"icon-box.default\">\n\t\t\t\t\t\t\t<div class=\"elementor-icon-box-wrapper\">\n\n\t\t\t\n\t\t\t\t\t\t<div class=\"elementor-icon-box-content\">\n\n\t\t\t\t\t\t\t\t\t<h3 class=\"elementor-icon-box-title\">\n\t\t\t\t\t\t<span  >\n\t\t\t\t\t\t\tVisuales\t\t\t\t\t\t<\/span>\n\t\t\t\t\t<\/h3>\n\t\t\t\t\n\t\t\t\t\t\t\t\t\t<p class=\"elementor-icon-box-description\">\n\t\t\t\t\t\tCarme Gomila\t\t\t\t\t<\/p>\n\t\t\t\t\n\t\t\t<\/div>\n\t\t\t\n\t\t<\/div>\n\t\t\t\t\t\t<\/div>\n\t\t\t\t<div class=\"elementor-element elementor-element-1991cf0 elementor-widget elementor-widget-icon-box\" data-id=\"1991cf0\" data-element_type=\"widget\" data-widget_type=\"icon-box.default\">\n\t\t\t\t\t\t\t<div class=\"elementor-icon-box-wrapper\">\n\n\t\t\t\n\t\t\t\t\t\t<div class=\"elementor-icon-box-content\">\n\n\t\t\t\t\t\t\t\t\t<h3 class=\"elementor-icon-box-title\">\n\t\t\t\t\t\t<span  >\n\t\t\t\t\t\t\tEspacio sonoro\t\t\t\t\t\t<\/span>\n\t\t\t\t\t<\/h3>\n\t\t\t\t\n\t\t\t\t\t\t\t\t\t<p class=\"elementor-icon-box-description\">\n\t\t\t\t\t\tAurora Bauz\u00e0\t\t\t\t\t<\/p>\n\t\t\t\t\n\t\t\t<\/div>\n\t\t\t\n\t\t<\/div>\n\t\t\t\t\t\t<\/div>\n\t\t\t\t<div class=\"elementor-element elementor-element-d9f1b01 elementor-widget elementor-widget-icon-box\" data-id=\"d9f1b01\" data-element_type=\"widget\" data-widget_type=\"icon-box.default\">\n\t\t\t\t\t\t\t<div class=\"elementor-icon-box-wrapper\">\n\n\t\t\t\n\t\t\t\t\t\t<div class=\"elementor-icon-box-content\">\n\n\t\t\t\t\t\t\t\t\t<h3 class=\"elementor-icon-box-title\">\n\t\t\t\t\t\t<span  >\n\t\t\t\t\t\t\tEscenograf\u00eda\t\t\t\t\t\t<\/span>\n\t\t\t\t\t<\/h3>\n\t\t\t\t\n\t\t\t\t\t\t\t\t\t<p class=\"elementor-icon-box-description\">\n\t\t\t\t\t\tXesca Salv\u00e0, Oriol Corral\t\t\t\t\t<\/p>\n\t\t\t\t\n\t\t\t<\/div>\n\t\t\t\n\t\t<\/div>\n\t\t\t\t\t\t<\/div>\n\t\t\t\t<div class=\"elementor-element elementor-element-cd2a4a1 elementor-widget elementor-widget-icon-box\" data-id=\"cd2a4a1\" data-element_type=\"widget\" data-widget_type=\"icon-box.default\">\n\t\t\t\t\t\t\t<div class=\"elementor-icon-box-wrapper\">\n\n\t\t\t\n\t\t\t\t\t\t<div class=\"elementor-icon-box-content\">\n\n\t\t\t\t\t\t\t\t\t<h3 class=\"elementor-icon-box-title\">\n\t\t\t\t\t\t<span  >\n\t\t\t\t\t\t\tIluminaci\u00f3n\t\t\t\t\t\t<\/span>\n\t\t\t\t\t<\/h3>\n\t\t\t\t\n\t\t\t\t\t\t\t\t\t<p class=\"elementor-icon-box-description\">\n\t\t\t\t\t\tMarieta Rojo\t\t\t\t\t<\/p>\n\t\t\t\t\n\t\t\t<\/div>\n\t\t\t\n\t\t<\/div>\n\t\t\t\t\t\t<\/div>\n\t\t\t\t<div class=\"elementor-element elementor-element-9efc9f1 elementor-widget elementor-widget-icon-box\" data-id=\"9efc9f1\" data-element_type=\"widget\" data-widget_type=\"icon-box.default\">\n\t\t\t\t\t\t\t<div class=\"elementor-icon-box-wrapper\">\n\n\t\t\t\n\t\t\t\t\t\t<div class=\"elementor-icon-box-content\">\n\n\t\t\t\t\t\t\t\t\t<h3 class=\"elementor-icon-box-title\">\n\t\t\t\t\t\t<span  >\n\t\t\t\t\t\t\tVestuario\t\t\t\t\t\t<\/span>\n\t\t\t\t\t<\/h3>\n\t\t\t\t\n\t\t\t\t\t\t\t\t\t<p class=\"elementor-icon-box-description\">\n\t\t\t\t\t\tGala Garriga\t\t\t\t\t<\/p>\n\t\t\t\t\n\t\t\t<\/div>\n\t\t\t\n\t\t<\/div>\n\t\t\t\t\t\t<\/div>\n\t\t\t\t<div class=\"elementor-element elementor-element-a6d0a5e elementor-widget elementor-widget-icon-box\" data-id=\"a6d0a5e\" data-element_type=\"widget\" data-widget_type=\"icon-box.default\">\n\t\t\t\t\t\t\t<div class=\"elementor-icon-box-wrapper\">\n\n\t\t\t\n\t\t\t\t\t\t<div class=\"elementor-icon-box-content\">\n\n\t\t\t\t\t\t\t\t\t<h3 class=\"elementor-icon-box-title\">\n\t\t\t\t\t\t<span  >\n\t\t\t\t\t\t\tMovimiento\t\t\t\t\t\t<\/span>\n\t\t\t\t\t<\/h3>\n\t\t\t\t\n\t\t\t\t\t\t\t\t\t<p class=\"elementor-icon-box-description\">\n\t\t\t\t\t\tMarta Filella\t\t\t\t\t<\/p>\n\t\t\t\t\n\t\t\t<\/div>\n\t\t\t\n\t\t<\/div>\n\t\t\t\t\t\t<\/div>\n\t\t\t\t<div class=\"elementor-element elementor-element-0b9cb46 elementor-widget elementor-widget-icon-box\" data-id=\"0b9cb46\" data-element_type=\"widget\" data-widget_type=\"icon-box.default\">\n\t\t\t\t\t\t\t<div class=\"elementor-icon-box-wrapper\">\n\n\t\t\t\n\t\t\t\t\t\t<div class=\"elementor-icon-box-content\">\n\n\t\t\t\t\t\t\t\t\t<h3 class=\"elementor-icon-box-title\">\n\t\t\t\t\t\t<span  >\n\t\t\t\t\t\t\tEquipo de rodaje\t\t\t\t\t\t<\/span>\n\t\t\t\t\t<\/h3>\n\t\t\t\t\n\t\t\t\t\t\t\t\t\t<p class=\"elementor-icon-box-description\">\n\t\t\t\t\t\tCarme Gomila, H\u00e8ctor Boada, Gala Garriga, Meri Var\u00f3, Noel L\u00f3pez, Jordi Paris, S\u00e0ndal Boada\t\t\t\t\t<\/p>\n\t\t\t\t\n\t\t\t<\/div>\n\t\t\t\n\t\t<\/div>\n\t\t\t\t\t\t<\/div>\n\t\t\t\t<div class=\"elementor-element elementor-element-8d82d04 elementor-widget elementor-widget-icon-box\" data-id=\"8d82d04\" data-element_type=\"widget\" data-widget_type=\"icon-box.default\">\n\t\t\t\t\t\t\t<div class=\"elementor-icon-box-wrapper\">\n\n\t\t\t\n\t\t\t\t\t\t<div class=\"elementor-icon-box-content\">\n\n\t\t\t\t\t\t\t\t\t<h3 class=\"elementor-icon-box-title\">\n\t\t\t\t\t\t<span  >\n\t\t\t\t\t\t\tHorda intersex\t\t\t\t\t\t<\/span>\n\t\t\t\t\t<\/h3>\n\t\t\t\t\n\t\t\t\t\t\t\t\t\t<p class=\"elementor-icon-box-description\">\n\t\t\t\t\t\tHorda intersex\nAldara, Ananda Molina Fern\u00e1ndez, Camino Bar\u00ed San Frutos, Doume, Iolanda Melero Puche, Raquel Medina, Rita Jeiguorz y Zentvuit\t\t\t\t\t<\/p>\n\t\t\t\t\n\t\t\t<\/div>\n\t\t\t\n\t\t<\/div>\n\t\t\t\t\t\t<\/div>\n\t\t\t\t<\/div>\n\t\t\t\t<\/div>\n\t\t\t\t<\/div>\n\t\t<div class=\"elementor-element elementor-element-b1ff3a6 e-con-full e-flex e-con e-child\" data-id=\"b1ff3a6\" data-element_type=\"container\">\n\t\t<div class=\"elementor-element elementor-element-1908964 e-con-full e-flex e-con e-child\" data-id=\"1908964\" data-element_type=\"container\">\n\t\t<div class=\"elementor-element elementor-element-7b7243a e-con-full e-flex e-con e-child\" data-id=\"7b7243a\" data-element_type=\"container\">\n\t\t<div class=\"elementor-element elementor-element-9989c54 e-con-full e-flex e-con e-child\" data-id=\"9989c54\" data-element_type=\"container\">\n\t\t<div class=\"elementor-element elementor-element-cf5e696 e-con-full e-flex e-con e-child\" data-id=\"cf5e696\" data-element_type=\"container\">\n\t\t<div class=\"elementor-element elementor-element-6c70f82 e-con-full e-flex e-con e-child\" data-id=\"6c70f82\" data-element_type=\"container\">\n\t\t\t\t<div class=\"elementor-element elementor-element-d0abef1 elementor-widget elementor-widget-heading\" data-id=\"d0abef1\" data-element_type=\"widget\" data-widget_type=\"heading.default\">\n\t\t\t\t\t<div class=\"elementor-heading-title elementor-size-default\">S\u00e1bado<\/div>\t\t\t\t<\/div>\n\t\t\t\t<div class=\"elementor-element elementor-element-6e6983e elementor-widget elementor-widget-heading\" data-id=\"6e6983e\" data-element_type=\"widget\" data-widget_type=\"heading.default\">\n\t\t\t\t\t<div class=\"elementor-heading-title elementor-size-default\">29 noviembre 2025<\/div>\t\t\t\t<\/div>\n\t\t\t\t<\/div>\n\t\t<div class=\"elementor-element elementor-element-ecfc24d e-con-full e-flex e-con e-child\" data-id=\"ecfc24d\" data-element_type=\"container\">\n\t\t\t\t<div class=\"elementor-element elementor-element-7294f63 elementor-widget elementor-widget-heading\" data-id=\"7294f63\" data-element_type=\"widget\" data-widget_type=\"heading.default\">\n\t\t\t\t\t<div class=\"elementor-heading-title elementor-size-default\">Sala Carlos D\u00edaz (CC Bes\u00f3s)<\/div>\t\t\t\t<\/div>\n\t\t\t\t<\/div>\n\t\t\t\t<div class=\"elementor-element elementor-element-d09fedd elementor-widget-divider--view-line elementor-widget elementor-widget-divider\" data-id=\"d09fedd\" data-element_type=\"widget\" data-widget_type=\"divider.default\">\n\t\t\t\t\t\t\t<div class=\"elementor-divider\">\n\t\t\t<span class=\"elementor-divider-separator\">\n\t\t\t\t\t\t<\/span>\n\t\t<\/div>\n\t\t\t\t\t\t<\/div>\n\t\t\t\t<\/div>\n\t\t\t\t<\/div>\n\t\t\t\t<div class=\"elementor-element elementor-element-286ada7 elementor-widget elementor-widget-heading\" data-id=\"286ada7\" data-element_type=\"widget\" data-widget_type=\"heading.default\">\n\t\t\t\t\t<div class=\"elementor-heading-title elementor-size-default\">Entrada gratuita con inscripci\u00f3n previa\n<\/div>\t\t\t\t<\/div>\n\t\t\t\t<div class=\"elementor-element elementor-element-920ae1f elementor-align-justify elementor-widget elementor-widget-button\" data-id=\"920ae1f\" data-element_type=\"widget\" data-widget_type=\"button.default\">\n\t\t\t\t\t\t\t\t\t\t<a class=\"elementor-button elementor-size-sm\" role=\"button\">\n\t\t\t\t\t\t<span class=\"elementor-button-content-wrapper\">\n\t\t\t\t\t\t\t\t\t<span class=\"elementor-button-text\">Inscriu-t\u2019hi (disponible aviat)<\/span>\n\t\t\t\t\t<\/span>\n\t\t\t\t\t<\/a>\n\t\t\t\t\t\t\t\t<\/div>\n\t\t\t\t<\/div>\n\t\t\t\t<\/div>\n\t\t\t\t<\/div>\n\t\t\t\t\t<\/div>\n\t\t\t\t<\/div>\n\t\t\t\t<\/div>","protected":false},"excerpt":{"rendered":"<p>Programaci\u00f3 Sinopsis La Sala F\u00e8nix i RBLS presenten una nova edici\u00f3 del seu projecte de creaci\u00f3 esc\u00e8nica comunit\u00e0ria, que enguany compta amb el protagonisme de noies i nois de l\u2019INS Barri Bes\u00f2s. Els acompanya en el proc\u00e9s de creaci\u00f3 Marta D\u00edez, actriu, creadora i docent, integrant de Jos\u00e9 y sus hermanas, una de les companyies [&hellip;]<\/p>","protected":false},"author":1,"featured_media":0,"parent":0,"menu_order":0,"comment_status":"closed","ping_status":"closed","template":"","meta":{"_acf_changed":false,"footnotes":""},"class_list":["post-1076","page","type-page","status-publish","hentry"],"acf":[],"_links":{"self":[{"href":"http:\/\/rbls.cat\/es\/wp-json\/wp\/v2\/pages\/1076","targetHints":{"allow":["GET"]}}],"collection":[{"href":"http:\/\/rbls.cat\/es\/wp-json\/wp\/v2\/pages"}],"about":[{"href":"http:\/\/rbls.cat\/es\/wp-json\/wp\/v2\/types\/page"}],"author":[{"embeddable":true,"href":"http:\/\/rbls.cat\/es\/wp-json\/wp\/v2\/users\/1"}],"replies":[{"embeddable":true,"href":"http:\/\/rbls.cat\/es\/wp-json\/wp\/v2\/comments?post=1076"}],"version-history":[{"count":43,"href":"http:\/\/rbls.cat\/es\/wp-json\/wp\/v2\/pages\/1076\/revisions"}],"predecessor-version":[{"id":5871,"href":"http:\/\/rbls.cat\/es\/wp-json\/wp\/v2\/pages\/1076\/revisions\/5871"}],"wp:attachment":[{"href":"http:\/\/rbls.cat\/es\/wp-json\/wp\/v2\/media?parent=1076"}],"curies":[{"name":"wp","href":"https:\/\/api.w.org\/{rel}","templated":true}]}}