{"id":1070,"date":"2025-04-11T16:29:34","date_gmt":"2025-04-11T14:29:34","guid":{"rendered":"https:\/\/rbls.cat\/rbls_new\/?page_id=1070"},"modified":"2025-09-19T13:14:47","modified_gmt":"2025-09-19T11:14:47","slug":"tallers","status":"publish","type":"page","link":"http:\/\/rbls.cat\/es\/tallers\/","title":{"rendered":"Talleres"},"content":{"rendered":"<div data-elementor-type=\"wp-page\" data-elementor-id=\"1070\" class=\"elementor elementor-1070\" data-elementor-post-type=\"page\">\n\t\t\t\t<div class=\"elementor-element elementor-element-42ee156 e-flex e-con-boxed e-con e-parent\" data-id=\"42ee156\" data-element_type=\"container\" data-settings=\"{&quot;background_background&quot;:&quot;classic&quot;}\">\n\t\t\t\t\t<div class=\"e-con-inner\">\n\t\t\t\t<div class=\"elementor-element elementor-element-f62a26a elementor-widget elementor-widget-heading\" data-id=\"f62a26a\" data-element_type=\"widget\" data-widget_type=\"heading.default\">\n\t\t\t\t\t<h2 class=\"elementor-heading-title elementor-size-default\">Talleres<\/h2>\t\t\t\t<\/div>\n\t\t\t\t\t<\/div>\n\t\t\t\t<\/div>\n\t\t<div class=\"elementor-element elementor-element-634ac7d e-flex e-con-boxed e-con e-parent\" data-id=\"634ac7d\" data-element_type=\"container\" data-settings=\"{&quot;background_background&quot;:&quot;classic&quot;}\">\n\t\t\t\t\t<div class=\"e-con-inner\">\n\t\t\t\t<div class=\"elementor-element elementor-element-64b4021 elementor-widget__width-initial elementor-widget elementor-widget-text-editor\" data-id=\"64b4021\" data-element_type=\"widget\" data-widget_type=\"text-editor.default\">\n\t\t\t\t\t\t\t\t\t<p><span lang=\"CA\">\u00bfTe gusta actuar? <\/span><span lang=\"CA\">\u00bfSue\u00f1as con ser la estrella de un espect\u00e1culo musical? \u00bfQuieres crear coreograf\u00edas con una primera figura de la danza contempor\u00e1nea? RBLS te ofrece la oportunidad de formarte junto a profesionales y completamente gratis!<\/span><\/p>\t\t\t\t\t\t\t\t<\/div>\n\t\t\t\t\t<\/div>\n\t\t\t\t<\/div>\n\t\t<div class=\"elementor-element elementor-element-696b05d e-flex e-con-boxed e-con e-parent\" data-id=\"696b05d\" data-element_type=\"container\" data-settings=\"{&quot;background_background&quot;:&quot;classic&quot;}\">\n\t\t\t\t\t<div class=\"e-con-inner\">\n\t\t<div class=\"elementor-element elementor-element-c8cc17f e-con-full e-flex e-con e-child\" data-id=\"c8cc17f\" data-element_type=\"container\">\n\t\t\t\t<div class=\"elementor-element elementor-element-edd35c9 elementor-widget elementor-widget-image\" data-id=\"edd35c9\" data-element_type=\"widget\" data-widget_type=\"image.default\">\n\t\t\t\t\t\t\t\t\t\t\t\t\t\t\t<img fetchpriority=\"high\" decoding=\"async\" width=\"724\" height=\"1024\" src=\"https:\/\/rbls.cat\/wp-content\/uploads\/2025\/09\/MIREIA-MORERA-ESTRADA-CARA-724x1024.jpg\" class=\"attachment-large size-large wp-image-5956\" alt=\"\" srcset=\"https:\/\/rbls.cat\/wp-content\/uploads\/2025\/09\/MIREIA-MORERA-ESTRADA-CARA-724x1024.jpg 724w, https:\/\/rbls.cat\/wp-content\/uploads\/2025\/09\/MIREIA-MORERA-ESTRADA-CARA-212x300.jpg 212w, https:\/\/rbls.cat\/wp-content\/uploads\/2025\/09\/MIREIA-MORERA-ESTRADA-CARA-768x1086.jpg 768w, https:\/\/rbls.cat\/wp-content\/uploads\/2025\/09\/MIREIA-MORERA-ESTRADA-CARA-1086x1536.jpg 1086w, https:\/\/rbls.cat\/wp-content\/uploads\/2025\/09\/MIREIA-MORERA-ESTRADA-CARA-8x12.jpg 8w, https:\/\/rbls.cat\/wp-content\/uploads\/2025\/09\/MIREIA-MORERA-ESTRADA-CARA.jpg 1414w\" sizes=\"(max-width: 724px) 100vw, 724px\" \/>\t\t\t\t\t\t\t\t\t\t\t\t\t\t\t<\/div>\n\t\t\t\t<\/div>\n\t\t<div class=\"elementor-element elementor-element-2102de0 e-con-full e-flex e-con e-child\" data-id=\"2102de0\" data-element_type=\"container\">\n\t\t<div class=\"elementor-element elementor-element-99f55aa e-con-full e-flex e-con e-child\" data-id=\"99f55aa\" data-element_type=\"container\">\n\t\t\t\t<div class=\"elementor-element elementor-element-506ef5d elementor-widget elementor-widget-heading\" data-id=\"506ef5d\" data-element_type=\"widget\" data-widget_type=\"heading.default\">\n\t\t\t\t\t<h3 class=\"elementor-heading-title elementor-size-default\">Viaje hacia la autenticidad en la interpretaci\u00f3n de la canci\u00f3n. <\/h3>\t\t\t\t<\/div>\n\t\t\t\t<div class=\"elementor-element elementor-element-d0712a4 elementor-widget elementor-widget-heading\" data-id=\"d0712a4\" data-element_type=\"widget\" data-widget_type=\"heading.default\">\n\t\t\t\t\t<h5 class=\"elementor-heading-title elementor-size-default\">Taller de Teatro Musical en catal\u00e1n\n<\/h5>\t\t\t\t<\/div>\n\t\t<div class=\"elementor-element elementor-element-af1feec e-con-full e-flex e-con e-child\" data-id=\"af1feec\" data-element_type=\"container\">\n\t\t<div class=\"elementor-element elementor-element-9d5db2c e-con-full e-flex e-con e-child\" data-id=\"9d5db2c\" data-element_type=\"container\">\n\t\t<div class=\"elementor-element elementor-element-ef59c3b e-con-full e-flex e-con e-child\" data-id=\"ef59c3b\" data-element_type=\"container\">\n\t\t\t\t<div class=\"elementor-element elementor-element-e6f5b12 elementor-icon-list--layout-inline elementor-list-item-link-full_width elementor-widget elementor-widget-icon-list\" data-id=\"e6f5b12\" data-element_type=\"widget\" data-widget_type=\"icon-list.default\">\n\t\t\t\t\t\t\t<ul class=\"elementor-icon-list-items elementor-inline-items\">\n\t\t\t\t\t\t\t<li class=\"elementor-icon-list-item elementor-inline-item\">\n\t\t\t\t\t\t\t\t\t\t\t<span class=\"elementor-icon-list-icon\">\n\t\t\t\t\t\t\t<svg xmlns=\"http:\/\/www.w3.org\/2000\/svg\" width=\"14\" height=\"19\" viewbox=\"0 0 14 19\" fill=\"none\"><path d=\"M11.867 1.93764C10.6085 0.744425 8.90117 0.0388116 7.18292 0.00166241C5.3045 -0.0395981 3.44733 0.688885 2.08665 1.99854C1.45071 2.61066 0.948648 3.32464 0.594373 4.12067C0.216715 4.96919 0.0170929 5.89105 0.00105124 6.8606C-0.0529839 10.1228 1.97396 13.7468 6.57322 18.6111C6.68415 18.7284 6.83851 18.7949 7 18.7949C7.16148 18.7949 7.31584 18.7284 7.42677 18.611C11.9864 13.7887 14.0136 10.1939 13.9999 6.95527C13.9917 5.01581 13.2343 3.23382 11.867 1.93764ZM7.00003 17.3482C4.93223 15.1165 3.45941 13.182 2.50638 11.4474C1.58764 9.77519 1.15231 8.28122 1.17551 6.88002C1.20855 4.88608 2.13221 3.58512 2.90125 2.84489C4.00828 1.77935 5.50772 1.17469 7.03303 1.17469C7.07444 1.17469 7.11611 1.17516 7.15755 1.17605C9.93177 1.23603 12.8103 3.41601 12.8253 6.96023C12.8372 9.77622 11.036 12.995 7.00003 17.3482ZM7 2.91336C4.85768 2.91336 3.11479 4.65625 3.11479 6.79856C3.11479 8.94088 4.85768 10.6838 7 10.6838C9.14231 10.6838 10.8852 8.94092 10.8852 6.79856C10.8852 4.65628 9.14231 2.91336 7 2.91336ZM7 9.50913C5.5054 9.50913 4.28947 8.29319 4.28947 6.79856C4.28947 5.30397 5.5054 4.08803 7 4.08803C8.49459 4.08803 9.71053 5.30397 9.71053 6.79856C9.71053 8.29319 8.49459 9.50913 7 9.50913Z\" fill=\"black\"><\/path><\/svg>\t\t\t\t\t\t<\/span>\n\t\t\t\t\t\t\t\t\t\t<span class=\"elementor-icon-list-text\">Teatre Tantarantana, Sala \u00c0tic 22, <\/span>\n\t\t\t\t\t\t\t\t\t<\/li>\n\t\t\t\t\t\t<\/ul>\n\t\t\t\t\t\t<\/div>\n\t\t\t\t<div class=\"elementor-element elementor-element-42f8a09 elementor-icon-list--layout-inline elementor-list-item-link-full_width elementor-widget elementor-widget-icon-list\" data-id=\"42f8a09\" data-element_type=\"widget\" data-widget_type=\"icon-list.default\">\n\t\t\t\t\t\t\t<ul class=\"elementor-icon-list-items elementor-inline-items\">\n\t\t\t\t\t\t\t<li class=\"elementor-icon-list-item elementor-inline-item\">\n\t\t\t\t\t\t\t\t\t\t<span class=\"elementor-icon-list-text\">Barcelona<\/span>\n\t\t\t\t\t\t\t\t\t<\/li>\n\t\t\t\t\t\t<\/ul>\n\t\t\t\t\t\t<\/div>\n\t\t\t\t<\/div>\n\t\t<div class=\"elementor-element elementor-element-913b526 e-con-full e-flex e-con e-child\" data-id=\"913b526\" data-element_type=\"container\">\n\t\t\t\t<div class=\"elementor-element elementor-element-d5ffb80 elementor-icon-list--layout-inline elementor-list-item-link-full_width elementor-widget elementor-widget-icon-list\" data-id=\"d5ffb80\" data-element_type=\"widget\" data-widget_type=\"icon-list.default\">\n\t\t\t\t\t\t\t<ul class=\"elementor-icon-list-items elementor-inline-items\">\n\t\t\t\t\t\t\t<li class=\"elementor-icon-list-item elementor-inline-item\">\n\t\t\t\t\t\t\t\t\t\t\t<span class=\"elementor-icon-list-icon\">\n\t\t\t\t\t\t\t<svg xmlns=\"http:\/\/www.w3.org\/2000\/svg\" width=\"16\" height=\"16\" viewbox=\"0 0 16 16\" fill=\"none\"><path d=\"M8 1.1875C8.92031 1.1875 9.81219 1.3675 10.6512 1.7225C11.4622 2.06562 12.1909 2.55687 12.8172 3.18281C13.4431 3.80875 13.9347 4.5375 14.2775 5.34875C14.6325 6.18781 14.8125 7.08 14.8125 8C14.8125 8.92 14.6325 9.81219 14.2775 10.6512C13.9344 11.4622 13.4431 12.1909 12.8172 12.8172C12.1912 13.4431 11.4625 13.9347 10.6512 14.2775C9.81219 14.6325 8.92 14.8125 8 14.8125C7.08 14.8125 6.18781 14.6325 5.34875 14.2775C4.53781 13.9344 3.80906 13.4431 3.18281 12.8172C2.55687 12.1912 2.06531 11.4625 1.7225 10.6512C1.3675 9.81219 1.1875 8.92 1.1875 8C1.1875 7.08 1.3675 6.18781 1.7225 5.34875C2.06562 4.53781 2.55687 3.80906 3.18281 3.18281C3.80875 2.55687 4.5375 2.06531 5.34875 1.7225C6.18781 1.3675 7.08 1.1875 8 1.1875ZM8 0C3.58187 0 0 3.58187 0 8C0 12.4181 3.58187 16 8 16C12.4181 16 16 12.4184 16 8C16 3.58156 12.4181 0 8 0Z\" fill=\"black\"><\/path><path d=\"M9.48414 11C9.35223 11 9.22031 10.9503 9.11961 10.8507L7.15119 8.90381C7.05456 8.80824 7 8.6783 7 8.54326V4.51009C7 4.22847 7.23099 4 7.51572 4C7.80045 4 8.03144 4.22847 8.03144 4.51009V8.33171L9.84895 10.1294C10.0504 10.3286 10.0504 10.6515 9.84895 10.8507C9.74825 10.9503 9.61633 11 9.48442 11H9.48414Z\" fill=\"black\"><\/path><\/svg>\t\t\t\t\t\t<\/span>\n\t\t\t\t\t\t\t\t\t\t<span class=\"elementor-icon-list-text\">8 de noviembre<\/span>\n\t\t\t\t\t\t\t\t\t<\/li>\n\t\t\t\t\t\t<\/ul>\n\t\t\t\t\t\t<\/div>\n\t\t\t\t<div class=\"elementor-element elementor-element-8675418 elementor-icon-list--layout-inline elementor-list-item-link-full_width elementor-widget elementor-widget-icon-list\" data-id=\"8675418\" data-element_type=\"widget\" data-widget_type=\"icon-list.default\">\n\t\t\t\t\t\t\t<ul class=\"elementor-icon-list-items elementor-inline-items\">\n\t\t\t\t\t\t\t<li class=\"elementor-icon-list-item elementor-inline-item\">\n\t\t\t\t\t\t\t\t\t\t<span class=\"elementor-icon-list-text\">11 a 13 h<\/span>\n\t\t\t\t\t\t\t\t\t<\/li>\n\t\t\t\t\t\t<\/ul>\n\t\t\t\t\t\t<\/div>\n\t\t\t\t<\/div>\n\t\t\t\t<\/div>\n\t\t\t\t<\/div>\n\t\t\t\t<\/div>\n\t\t<div class=\"elementor-element elementor-element-804489a e-con-full e-flex e-con e-child\" data-id=\"804489a\" data-element_type=\"container\">\n\t\t\t\t<div class=\"elementor-element elementor-element-6f234cd elementor-widget elementor-widget-text-editor\" data-id=\"6f234cd\" data-element_type=\"widget\" data-widget_type=\"text-editor.default\">\n\t\t\t\t\t\t\t\t\t<p>La voz es el m\u00e1s aut\u00e9ntico reflejo de nuestra personalidad. Lo que define a un\/a artista es abrazar su diferencia y explotarla al m\u00e1ximo. Exploraremos c\u00f3mo interpretar una canci\u00f3n a partir de una serie de herramientas t\u00e9cnicas actorales que nos hacen cuestionarnos qu\u00e9 explicamos, desde d\u00f3nde lo explicamos y d\u00f3nde queremos direccionarlo.<\/p><p>\u00a0<\/p><p>Todo el mundo tendr\u00e1 que traer un fragmento de una canci\u00f3n que lo identifique. No hace falta karaoke, trabajaremos a capilla.<\/p><p>\u00a0<\/p><p><b>La formadora: Mireia Morera<\/b><\/p><p>Actriz, cantante y creadora, graduada en Estudios Superiores de Arte Dram\u00e1tico en la especialidad de teatro musical en el Institut del Teatre de Barcelona y formada en interpretaci\u00f3n, canto y danza en varios centros, incluyendo <i>12 Year World Acting<\/i> <i>Intensive <\/i>con Gary Cond\u00e9s en Londres.<\/p><p>\u00a0<\/p>\t\t\t\t\t\t\t\t<\/div>\n\t\t\t\t<\/div>\n\t\t<div class=\"elementor-element elementor-element-f8bfb22 e-con-full e-flex e-con e-child\" data-id=\"f8bfb22\" data-element_type=\"container\">\n\t\t\t\t<div class=\"elementor-element elementor-element-1280070 elementor-widget-divider--view-line elementor-widget elementor-widget-divider\" data-id=\"1280070\" data-element_type=\"widget\" data-widget_type=\"divider.default\">\n\t\t\t\t\t\t\t<div class=\"elementor-divider\">\n\t\t\t<span class=\"elementor-divider-separator\">\n\t\t\t\t\t\t<\/span>\n\t\t<\/div>\n\t\t\t\t\t\t<\/div>\n\t\t<div class=\"elementor-element elementor-element-1f78dd3 e-con-full e-flex e-con e-child\" data-id=\"1f78dd3\" data-element_type=\"container\">\n\t\t\t\t<div class=\"elementor-element elementor-element-0a55071 elementor-widget elementor-widget-heading\" data-id=\"0a55071\" data-element_type=\"widget\" data-widget_type=\"heading.default\">\n\t\t\t\t\t<div class=\"elementor-heading-title elementor-size-default\">Para chicas y chicos de 14 a 18 a\u00f1os<\/div>\t\t\t\t<\/div>\n\t\t<div class=\"elementor-element elementor-element-0758e42 e-con-full e-flex e-con e-child\" data-id=\"0758e42\" data-element_type=\"container\">\n\t\t\t\t<div class=\"elementor-element elementor-element-b34b7f7 elementor-widget elementor-widget-heading\" data-id=\"b34b7f7\" data-element_type=\"widget\" data-widget_type=\"heading.default\">\n\t\t\t\t\t<div class=\"elementor-heading-title elementor-size-default\">Actividad gratuita previa inscripci\u00f3n.<\/div>\t\t\t\t<\/div>\n\t\t\t\t<\/div>\n\t\t\t\t<\/div>\n\t\t\t\t<\/div>\n\t\t\t\t<div class=\"elementor-element elementor-element-597a824 elementor-align-justify elementor-widget elementor-widget-button\" data-id=\"597a824\" data-element_type=\"widget\" data-widget_type=\"button.default\">\n\t\t\t\t\t\t\t\t\t\t<a class=\"elementor-button elementor-button-link elementor-size-sm\" href=\"https:\/\/forms.gle\/VvgrsC9KZihWdQwz7\" target=\"_blank\">\n\t\t\t\t\t\t<span class=\"elementor-button-content-wrapper\">\n\t\t\t\t\t\t\t\t\t<span class=\"elementor-button-text\">inscr\u00edbete<\/span>\n\t\t\t\t\t<\/span>\n\t\t\t\t\t<\/a>\n\t\t\t\t\t\t\t\t<\/div>\n\t\t\t\t<\/div>\n\t\t\t\t\t<\/div>\n\t\t\t\t<\/div>\n\t\t<div class=\"elementor-element elementor-element-258c8e5 e-flex e-con-boxed e-con e-parent\" data-id=\"258c8e5\" data-element_type=\"container\" data-settings=\"{&quot;background_background&quot;:&quot;classic&quot;}\">\n\t\t\t\t\t<div class=\"e-con-inner\">\n\t\t<div class=\"elementor-element elementor-element-d3f0d27 e-con-full e-flex e-con e-child\" data-id=\"d3f0d27\" data-element_type=\"container\">\n\t\t\t\t<div class=\"elementor-element elementor-element-64e06b1 elementor-widget elementor-widget-image\" data-id=\"64e06b1\" data-element_type=\"widget\" data-widget_type=\"image.default\">\n\t\t\t\t\t\t\t\t\t\t\t\t\t\t\t<img decoding=\"async\" width=\"800\" height=\"534\" src=\"https:\/\/rbls.cat\/wp-content\/uploads\/2025\/09\/Sol-Pico_\u00a9Outumuro-1-1024x684.jpg\" class=\"attachment-large size-large wp-image-5957\" alt=\"\" srcset=\"https:\/\/rbls.cat\/wp-content\/uploads\/2025\/09\/Sol-Pico_\u00a9Outumuro-1-1024x684.jpg 1024w, https:\/\/rbls.cat\/wp-content\/uploads\/2025\/09\/Sol-Pico_\u00a9Outumuro-1-300x200.jpg 300w, https:\/\/rbls.cat\/wp-content\/uploads\/2025\/09\/Sol-Pico_\u00a9Outumuro-1-768x513.jpg 768w, https:\/\/rbls.cat\/wp-content\/uploads\/2025\/09\/Sol-Pico_\u00a9Outumuro-1-18x12.jpg 18w, https:\/\/rbls.cat\/wp-content\/uploads\/2025\/09\/Sol-Pico_\u00a9Outumuro-1.jpg 1400w\" sizes=\"(max-width: 800px) 100vw, 800px\" \/>\t\t\t\t\t\t\t\t\t\t\t\t\t\t\t<\/div>\n\t\t\t\t<\/div>\n\t\t<div class=\"elementor-element elementor-element-5176c5f e-con-full e-flex e-con e-child\" data-id=\"5176c5f\" data-element_type=\"container\">\n\t\t<div class=\"elementor-element elementor-element-3e4d6d3 e-con-full e-flex e-con e-child\" data-id=\"3e4d6d3\" data-element_type=\"container\">\n\t\t\t\t<div class=\"elementor-element elementor-element-fa7b10e elementor-widget elementor-widget-heading\" data-id=\"fa7b10e\" data-element_type=\"widget\" data-widget_type=\"heading.default\">\n\t\t\t\t\t<h3 class=\"elementor-heading-title elementor-size-default\">El cuerpo como campo de batalla <\/h3>\t\t\t\t<\/div>\n\t\t\t\t<div class=\"elementor-element elementor-element-10075c8 elementor-widget elementor-widget-heading\" data-id=\"10075c8\" data-element_type=\"widget\" data-widget_type=\"heading.default\">\n\t\t\t\t\t<h5 class=\"elementor-heading-title elementor-size-default\">Taller con Sol Pic\u00f3\n<\/h5>\t\t\t\t<\/div>\n\t\t<div class=\"elementor-element elementor-element-84c6de5 e-con-full e-flex e-con e-child\" data-id=\"84c6de5\" data-element_type=\"container\">\n\t\t<div class=\"elementor-element elementor-element-362540c e-con-full e-flex e-con e-child\" data-id=\"362540c\" data-element_type=\"container\">\n\t\t<div class=\"elementor-element elementor-element-f5e16eb e-con-full e-flex e-con e-child\" data-id=\"f5e16eb\" data-element_type=\"container\">\n\t\t\t\t<div class=\"elementor-element elementor-element-4c46e67 elementor-icon-list--layout-inline elementor-list-item-link-full_width elementor-widget elementor-widget-icon-list\" data-id=\"4c46e67\" data-element_type=\"widget\" data-widget_type=\"icon-list.default\">\n\t\t\t\t\t\t\t<ul class=\"elementor-icon-list-items elementor-inline-items\">\n\t\t\t\t\t\t\t<li class=\"elementor-icon-list-item elementor-inline-item\">\n\t\t\t\t\t\t\t\t\t\t\t<span class=\"elementor-icon-list-icon\">\n\t\t\t\t\t\t\t<svg xmlns=\"http:\/\/www.w3.org\/2000\/svg\" width=\"14\" height=\"19\" viewbox=\"0 0 14 19\" fill=\"none\"><path d=\"M11.867 1.93764C10.6085 0.744425 8.90117 0.0388116 7.18292 0.00166241C5.3045 -0.0395981 3.44733 0.688885 2.08665 1.99854C1.45071 2.61066 0.948648 3.32464 0.594373 4.12067C0.216715 4.96919 0.0170929 5.89105 0.00105124 6.8606C-0.0529839 10.1228 1.97396 13.7468 6.57322 18.6111C6.68415 18.7284 6.83851 18.7949 7 18.7949C7.16148 18.7949 7.31584 18.7284 7.42677 18.611C11.9864 13.7887 14.0136 10.1939 13.9999 6.95527C13.9917 5.01581 13.2343 3.23382 11.867 1.93764ZM7.00003 17.3482C4.93223 15.1165 3.45941 13.182 2.50638 11.4474C1.58764 9.77519 1.15231 8.28122 1.17551 6.88002C1.20855 4.88608 2.13221 3.58512 2.90125 2.84489C4.00828 1.77935 5.50772 1.17469 7.03303 1.17469C7.07444 1.17469 7.11611 1.17516 7.15755 1.17605C9.93177 1.23603 12.8103 3.41601 12.8253 6.96023C12.8372 9.77622 11.036 12.995 7.00003 17.3482ZM7 2.91336C4.85768 2.91336 3.11479 4.65625 3.11479 6.79856C3.11479 8.94088 4.85768 10.6838 7 10.6838C9.14231 10.6838 10.8852 8.94092 10.8852 6.79856C10.8852 4.65628 9.14231 2.91336 7 2.91336ZM7 9.50913C5.5054 9.50913 4.28947 8.29319 4.28947 6.79856C4.28947 5.30397 5.5054 4.08803 7 4.08803C8.49459 4.08803 9.71053 5.30397 9.71053 6.79856C9.71053 8.29319 8.49459 9.50913 7 9.50913Z\" fill=\"black\"><\/path><\/svg>\t\t\t\t\t\t<\/span>\n\t\t\t\t\t\t\t\t\t\t<span class=\"elementor-icon-list-text\">La Piconera,<\/span>\n\t\t\t\t\t\t\t\t\t<\/li>\n\t\t\t\t\t\t<\/ul>\n\t\t\t\t\t\t<\/div>\n\t\t\t\t<div class=\"elementor-element elementor-element-b024a69 elementor-icon-list--layout-inline elementor-list-item-link-full_width elementor-widget elementor-widget-icon-list\" data-id=\"b024a69\" data-element_type=\"widget\" data-widget_type=\"icon-list.default\">\n\t\t\t\t\t\t\t<ul class=\"elementor-icon-list-items elementor-inline-items\">\n\t\t\t\t\t\t\t<li class=\"elementor-icon-list-item elementor-inline-item\">\n\t\t\t\t\t\t\t\t\t\t<span class=\"elementor-icon-list-text\">Barcelona<\/span>\n\t\t\t\t\t\t\t\t\t<\/li>\n\t\t\t\t\t\t<\/ul>\n\t\t\t\t\t\t<\/div>\n\t\t\t\t<\/div>\n\t\t<div class=\"elementor-element elementor-element-a5cf7c1 e-con-full e-flex e-con e-child\" data-id=\"a5cf7c1\" data-element_type=\"container\">\n\t\t\t\t<div class=\"elementor-element elementor-element-28d514c elementor-icon-list--layout-inline elementor-list-item-link-full_width elementor-widget elementor-widget-icon-list\" data-id=\"28d514c\" data-element_type=\"widget\" data-widget_type=\"icon-list.default\">\n\t\t\t\t\t\t\t<ul class=\"elementor-icon-list-items elementor-inline-items\">\n\t\t\t\t\t\t\t<li class=\"elementor-icon-list-item elementor-inline-item\">\n\t\t\t\t\t\t\t\t\t\t\t<span class=\"elementor-icon-list-icon\">\n\t\t\t\t\t\t\t<svg xmlns=\"http:\/\/www.w3.org\/2000\/svg\" width=\"16\" height=\"16\" viewbox=\"0 0 16 16\" fill=\"none\"><path d=\"M8 1.1875C8.92031 1.1875 9.81219 1.3675 10.6512 1.7225C11.4622 2.06562 12.1909 2.55687 12.8172 3.18281C13.4431 3.80875 13.9347 4.5375 14.2775 5.34875C14.6325 6.18781 14.8125 7.08 14.8125 8C14.8125 8.92 14.6325 9.81219 14.2775 10.6512C13.9344 11.4622 13.4431 12.1909 12.8172 12.8172C12.1912 13.4431 11.4625 13.9347 10.6512 14.2775C9.81219 14.6325 8.92 14.8125 8 14.8125C7.08 14.8125 6.18781 14.6325 5.34875 14.2775C4.53781 13.9344 3.80906 13.4431 3.18281 12.8172C2.55687 12.1912 2.06531 11.4625 1.7225 10.6512C1.3675 9.81219 1.1875 8.92 1.1875 8C1.1875 7.08 1.3675 6.18781 1.7225 5.34875C2.06562 4.53781 2.55687 3.80906 3.18281 3.18281C3.80875 2.55687 4.5375 2.06531 5.34875 1.7225C6.18781 1.3675 7.08 1.1875 8 1.1875ZM8 0C3.58187 0 0 3.58187 0 8C0 12.4181 3.58187 16 8 16C12.4181 16 16 12.4184 16 8C16 3.58156 12.4181 0 8 0Z\" fill=\"black\"><\/path><path d=\"M9.48414 11C9.35223 11 9.22031 10.9503 9.11961 10.8507L7.15119 8.90381C7.05456 8.80824 7 8.6783 7 8.54326V4.51009C7 4.22847 7.23099 4 7.51572 4C7.80045 4 8.03144 4.22847 8.03144 4.51009V8.33171L9.84895 10.1294C10.0504 10.3286 10.0504 10.6515 9.84895 10.8507C9.74825 10.9503 9.61633 11 9.48442 11H9.48414Z\" fill=\"black\"><\/path><\/svg>\t\t\t\t\t\t<\/span>\n\t\t\t\t\t\t\t\t\t\t<span class=\"elementor-icon-list-text\">9 de noviembre<\/span>\n\t\t\t\t\t\t\t\t\t<\/li>\n\t\t\t\t\t\t<\/ul>\n\t\t\t\t\t\t<\/div>\n\t\t\t\t<div class=\"elementor-element elementor-element-70407ce elementor-icon-list--layout-inline elementor-list-item-link-full_width elementor-widget elementor-widget-icon-list\" data-id=\"70407ce\" data-element_type=\"widget\" data-widget_type=\"icon-list.default\">\n\t\t\t\t\t\t\t<ul class=\"elementor-icon-list-items elementor-inline-items\">\n\t\t\t\t\t\t\t<li class=\"elementor-icon-list-item elementor-inline-item\">\n\t\t\t\t\t\t\t\t\t\t<span class=\"elementor-icon-list-text\">d' 11 a 13 h<\/span>\n\t\t\t\t\t\t\t\t\t<\/li>\n\t\t\t\t\t\t<\/ul>\n\t\t\t\t\t\t<\/div>\n\t\t\t\t<\/div>\n\t\t\t\t<\/div>\n\t\t\t\t<\/div>\n\t\t\t\t<\/div>\n\t\t<div class=\"elementor-element elementor-element-e6c9df2 e-con-full e-flex e-con e-child\" data-id=\"e6c9df2\" data-element_type=\"container\">\n\t\t\t\t<div class=\"elementor-element elementor-element-f1afedb elementor-widget elementor-widget-text-editor\" data-id=\"f1afedb\" data-element_type=\"widget\" data-widget_type=\"text-editor.default\">\n\t\t\t\t\t\t\t\t\t<p>Con m\u00e1s de 30 espect\u00e1culos a sus espaldas y una trayectoria marcada por la potencia f\u00edsica, la irreverencia esc\u00e9nica y la honestidad art\u00edstica, Sol Pic\u00f3 propone un taller intensivo que va m\u00e1s all\u00e1 de la t\u00e9cnica: una inmersi\u00f3n en el cuerpo como fuente inagotable de creaci\u00f3n.<\/p><p>\u00a0<\/p><p>Su trabajo se concibe como un espacio de investigaci\u00f3n y entrenamiento f\u00edsico y emocional, en el que cada participante podr\u00e1 explorar su propia potencia expresiva desde su singularidad. A partir de una metodolog\u00eda h\u00edbrida que combina danza contempor\u00e1nea, t\u00e9cnicas corporales como el Chi Kung o el yoga, el teatro f\u00edsico y la improvisaci\u00f3n, el trabajo se centra en activar el cuerpo, agudizar la presencia esc\u00e9nica y desatar la creatividad.<\/p><p>\u00a0<\/p><p>No hace falta tener experiencia: el taller es una invitaci\u00f3n a parar, investigar y conectar con lo esencial del movimiento; lo que nace de dentro y transforma desde fuera.<\/p><p>\u00a0<\/p><p>Es necesario llevar ropa c\u00f3moda, bol\u00edgrafo y libreta.<\/p>\t\t\t\t\t\t\t\t<\/div>\n\t\t\t\t<\/div>\n\t\t<div class=\"elementor-element elementor-element-51311e5 e-con-full e-flex e-con e-child\" data-id=\"51311e5\" data-element_type=\"container\">\n\t\t\t\t<div class=\"elementor-element elementor-element-25fb417 elementor-widget-divider--view-line elementor-widget elementor-widget-divider\" data-id=\"25fb417\" data-element_type=\"widget\" data-widget_type=\"divider.default\">\n\t\t\t\t\t\t\t<div class=\"elementor-divider\">\n\t\t\t<span class=\"elementor-divider-separator\">\n\t\t\t\t\t\t<\/span>\n\t\t<\/div>\n\t\t\t\t\t\t<\/div>\n\t\t<div class=\"elementor-element elementor-element-3eb6920 e-con-full e-flex e-con e-child\" data-id=\"3eb6920\" data-element_type=\"container\">\n\t\t\t\t<div class=\"elementor-element elementor-element-d9212fb elementor-widget elementor-widget-heading\" data-id=\"d9212fb\" data-element_type=\"widget\" data-widget_type=\"heading.default\">\n\t\t\t\t\t<div class=\"elementor-heading-title elementor-size-default\">Para chicas y chicos de 17 a 21 a\u00f1os<\/div>\t\t\t\t<\/div>\n\t\t<div class=\"elementor-element elementor-element-640f85c e-con-full e-flex e-con e-child\" data-id=\"640f85c\" data-element_type=\"container\">\n\t\t\t\t<div class=\"elementor-element elementor-element-e6a569d elementor-widget elementor-widget-heading\" data-id=\"e6a569d\" data-element_type=\"widget\" data-widget_type=\"heading.default\">\n\t\t\t\t\t<div class=\"elementor-heading-title elementor-size-default\">Actividad gratuita previa inscripci\u00f3n.<\/div>\t\t\t\t<\/div>\n\t\t\t\t<\/div>\n\t\t\t\t<\/div>\n\t\t\t\t<\/div>\n\t\t\t\t<div class=\"elementor-element elementor-element-6a88c79 elementor-align-justify elementor-widget elementor-widget-button\" data-id=\"6a88c79\" data-element_type=\"widget\" data-widget_type=\"button.default\">\n\t\t\t\t\t\t\t\t\t\t<a class=\"elementor-button elementor-button-link elementor-size-sm\" href=\"https:\/\/forms.gle\/kSZDitNA9bL1oCBp8\" target=\"_blank\">\n\t\t\t\t\t\t<span class=\"elementor-button-content-wrapper\">\n\t\t\t\t\t\t\t\t\t<span class=\"elementor-button-text\">inscr\u00edbete<\/span>\n\t\t\t\t\t<\/span>\n\t\t\t\t\t<\/a>\n\t\t\t\t\t\t\t\t<\/div>\n\t\t\t\t<\/div>\n\t\t\t\t\t<\/div>\n\t\t\t\t<\/div>\n\t\t\t\t<\/div>","protected":false},"excerpt":{"rendered":"<p>T\u2019agrada actuar? Somies en ser l\u2019estrella d\u2019un espectacle musical? Voldries crear coreografies amb una primera figura de la dansa contempor\u00e0nia? RBLS t\u2019ofereix l\u2019oportunitat de formar-te al costat de professionals i completament de franc! Viatge cap a l&#8217;autenticitat en la interpretaci\u00f3 de la can\u00e7\u00f3. Taller de Teatre Musical en catal\u00e0 Teatre Tantarantana, Sala \u00c0tic 22, Barcelona [&hellip;]<\/p>","protected":false},"author":1,"featured_media":5955,"parent":0,"menu_order":0,"comment_status":"closed","ping_status":"closed","template":"","meta":{"_acf_changed":false,"footnotes":""},"class_list":["post-1070","page","type-page","status-publish","has-post-thumbnail","hentry"],"acf":[],"_links":{"self":[{"href":"http:\/\/rbls.cat\/es\/wp-json\/wp\/v2\/pages\/1070","targetHints":{"allow":["GET"]}}],"collection":[{"href":"http:\/\/rbls.cat\/es\/wp-json\/wp\/v2\/pages"}],"about":[{"href":"http:\/\/rbls.cat\/es\/wp-json\/wp\/v2\/types\/page"}],"author":[{"embeddable":true,"href":"http:\/\/rbls.cat\/es\/wp-json\/wp\/v2\/users\/1"}],"replies":[{"embeddable":true,"href":"http:\/\/rbls.cat\/es\/wp-json\/wp\/v2\/comments?post=1070"}],"version-history":[{"count":173,"href":"http:\/\/rbls.cat\/es\/wp-json\/wp\/v2\/pages\/1070\/revisions"}],"predecessor-version":[{"id":6217,"href":"http:\/\/rbls.cat\/es\/wp-json\/wp\/v2\/pages\/1070\/revisions\/6217"}],"wp:featuredmedia":[{"embeddable":true,"href":"http:\/\/rbls.cat\/es\/wp-json\/wp\/v2\/media\/5955"}],"wp:attachment":[{"href":"http:\/\/rbls.cat\/es\/wp-json\/wp\/v2\/media?parent=1070"}],"curies":[{"name":"wp","href":"https:\/\/api.w.org\/{rel}","templated":true}]}}